{"id":7340,"date":"2022-03-29T19:03:01","date_gmt":"2022-03-29T17:03:01","guid":{"rendered":"https:\/\/www.f-dgs.com\/product\/non%20class\u00e9\/cosmos-n2-zn2\/"},"modified":"2025-01-26T20:25:43","modified_gmt":"2025-01-26T19:25:43","slug":"cosmos-n2-zn2","status":"publish","type":"product","link":"https:\/\/www.f-dgs.com\/fr\/product\/azote\/cosmos-n2-zn2\/","title":{"rendered":"G\u00e9n\u00e9rateur d&rsquo;azote COSMOS N2 \/ ZN2"},"content":{"rendered":"<p>Le COSMOS N2 \/ ZN2 est con\u00e7u pour produire une alimentation r\u00e9gul\u00e9e s\u00fbre d&rsquo;une grande puret\u00e9 jusqu&rsquo;\u00e0 99,9995 % pour le m\u00e9lange GC, le gaz porteur GC, la pressurisation des flacons de l&rsquo;espace de t\u00eate, la purge et le pi\u00e8ge, le conditionnement des tubes pour la d\u00e9sorption thermique.<br \/>\nL&rsquo;azote COSMOS utilise la technique fiable et efficace de l&rsquo;absorption modul\u00e9e en pression (PSA) en utilisant un tamis mol\u00e9culaire en carbone pour \u00e9liminer l&rsquo;oxyg\u00e8ne et l&rsquo;humidit\u00e9 afin de produire de l&rsquo;azote de grande puret\u00e9.<br \/>\nLe COSMOS N2 \/ ZN2 est construit avec un catalyseur pour \u00e9liminer les hydrocarbures &lt; 0,05 ppm. L&rsquo;azote COSMOS peut \u00eatre superpos\u00e9 \u00e0 n&rsquo;importe quel module COSMOS (hydrog\u00e8ne, air z\u00e9ro, compresseur d&rsquo;air) pour vous offrir une solution de gaz GC autonome compl\u00e8te.<\/p>\n","protected":false},"excerpt":{"rendered":"<p>Le COSMOS N2 \/ ZN2 est con\u00e7u pour produire une alimentation r\u00e9gul\u00e9e s\u00fbre d&rsquo;une grande puret\u00e9 jusqu&rsquo;\u00e0 99,9995 % pour le m\u00e9lange GC, le gaz porteur GC, la pressurisation des flacons de l&rsquo;espace de t\u00eate, la purge et le pi\u00e8ge, le conditionnement des tubes pour la d\u00e9sorption thermique. L&rsquo;azote COSMOS utilise la technique fiable et [&hellip;]<\/p>\n","protected":false},"featured_media":6783,"comment_status":"open","ping_status":"closed","template":"","meta":[],"product_cat":[128],"product_tag":[147],"class_list":{"0":"post-7340","1":"product","2":"type-product","3":"status-publish","4":"has-post-thumbnail","6":"product_cat-azote","7":"product_tag-gc-gc-ms-fr","9":"first","10":"instock","11":"shipping-taxable","12":"product-type-simple"},"_links":{"self":[{"href":"https:\/\/www.f-dgs.com\/fr\/wp-json\/wp\/v2\/product\/7340","targetHints":{"allow":["GET"]}}],"collection":[{"href":"https:\/\/www.f-dgs.com\/fr\/wp-json\/wp\/v2\/product"}],"about":[{"href":"https:\/\/www.f-dgs.com\/fr\/wp-json\/wp\/v2\/types\/product"}],"replies":[{"embeddable":true,"href":"https:\/\/www.f-dgs.com\/fr\/wp-json\/wp\/v2\/comments?post=7340"}],"wp:featuredmedia":[{"embeddable":true,"href":"https:\/\/www.f-dgs.com\/fr\/wp-json\/wp\/v2\/media\/6783"}],"wp:attachment":[{"href":"https:\/\/www.f-dgs.com\/fr\/wp-json\/wp\/v2\/media?parent=7340"}],"wp:term":[{"taxonomy":"product_cat","embeddable":true,"href":"https:\/\/www.f-dgs.com\/fr\/wp-json\/wp\/v2\/product_cat?post=7340"},{"taxonomy":"product_tag","embeddable":true,"href":"https:\/\/www.f-dgs.com\/fr\/wp-json\/wp\/v2\/product_tag?post=7340"}],"curies":[{"name":"wp","href":"https:\/\/api.w.org\/{rel}","templated":true}]}}