{"id":7339,"date":"2022-04-27T21:18:51","date_gmt":"2022-04-27T19:18:51","guid":{"rendered":"https:\/\/www.f-dgs.com\/product\/non%20class\u00e9\/tornado-lite\/"},"modified":"2025-01-26T20:25:09","modified_gmt":"2025-01-26T19:25:09","slug":"tornado-lite","status":"publish","type":"product","link":"https:\/\/www.f-dgs.com\/fr\/product\/azote\/tornado-lite\/","title":{"rendered":"G\u00e9n\u00e9rateur d&rsquo;azote TORNADO LITE"},"content":{"rendered":"<p class=\"p2\"><span class=\"s1\"><span class=\"Apple-converted-space\">\u00a0<\/span><\/span>Les g\u00e9n\u00e9rateurs d&rsquo;azote de la s\u00e9rie Tornado Lite vous offrent une solution unique et innovante pour l&rsquo;approvisionnement en azote gazeux.<span class=\"Apple-converted-space\">\u00a0<\/span><\/p>\n<p class=\"p2\">Une source fiable et s\u00fbre d&rsquo;azote peut \u00eatre produite \u00e0 partir de votre alimentation en air comprim\u00e9 existante, \u00e9liminant ainsi le besoin d&rsquo;azote liquide ou de cylindres de gaz \u00e0 haute pression.<span class=\"Apple-converted-space\">\u00a0<\/span><\/p>\n<p class=\"p2\">Con\u00e7u pour un fonctionnement en continu, le g\u00e9n\u00e9rateur d&rsquo;azote Tornado Lite peut produire des d\u00e9bits de quelques litres par minute \u00e0 plus de NL\/min \u00e0 des puret\u00e9s en teneur r\u00e9siduelle en oxyg\u00e8ne de 10 ppm \u00e0 3%.<span class=\"Apple-converted-space\">\u00a0<\/span><\/p>\n<p class=\"p3\">Le g\u00e9n\u00e9rateur est contr\u00f4l\u00e9 \u00e0 l&rsquo;aide de la derni\u00e8re technologie d&rsquo;\u00e9cran tactile HMI qui affiche le processus, les pressions, le point de ros\u00e9e de l&rsquo;air d&rsquo;entr\u00e9e et les niveaux d&rsquo;oxyg\u00e8ne avec une surveillance continue et des alarmes.<span class=\"Apple-converted-space\">\u00a0<\/span><\/p>\n","protected":false},"excerpt":{"rendered":"<p>\u00a0Les g\u00e9n\u00e9rateurs d&rsquo;azote de la s\u00e9rie Tornado Lite vous offrent une solution unique et innovante pour l&rsquo;approvisionnement en azote gazeux.\u00a0 Une source fiable et s\u00fbre d&rsquo;azote peut \u00eatre produite \u00e0 partir de votre alimentation en air comprim\u00e9 existante, \u00e9liminant ainsi le besoin d&rsquo;azote liquide ou de cylindres de gaz \u00e0 haute pression.\u00a0 Con\u00e7u pour un [&hellip;]<\/p>\n","protected":false},"featured_media":6855,"comment_status":"open","ping_status":"closed","template":"","meta":[],"product_cat":[128],"product_tag":[129,146],"class_list":{"0":"post-7339","1":"product","2":"type-product","3":"status-publish","4":"has-post-thumbnail","6":"product_cat-azote","7":"product_tag-lc-ms-ms-fr","8":"product_tag-others-applications-fr","10":"first","11":"instock","12":"shipping-taxable","13":"product-type-simple"},"_links":{"self":[{"href":"https:\/\/www.f-dgs.com\/fr\/wp-json\/wp\/v2\/product\/7339","targetHints":{"allow":["GET"]}}],"collection":[{"href":"https:\/\/www.f-dgs.com\/fr\/wp-json\/wp\/v2\/product"}],"about":[{"href":"https:\/\/www.f-dgs.com\/fr\/wp-json\/wp\/v2\/types\/product"}],"replies":[{"embeddable":true,"href":"https:\/\/www.f-dgs.com\/fr\/wp-json\/wp\/v2\/comments?post=7339"}],"wp:featuredmedia":[{"embeddable":true,"href":"https:\/\/www.f-dgs.com\/fr\/wp-json\/wp\/v2\/media\/6855"}],"wp:attachment":[{"href":"https:\/\/www.f-dgs.com\/fr\/wp-json\/wp\/v2\/media?parent=7339"}],"wp:term":[{"taxonomy":"product_cat","embeddable":true,"href":"https:\/\/www.f-dgs.com\/fr\/wp-json\/wp\/v2\/product_cat?post=7339"},{"taxonomy":"product_tag","embeddable":true,"href":"https:\/\/www.f-dgs.com\/fr\/wp-json\/wp\/v2\/product_tag?post=7339"}],"curies":[{"name":"wp","href":"https:\/\/api.w.org\/{rel}","templated":true}]}}