{"id":7338,"date":"2022-04-27T21:25:44","date_gmt":"2022-04-27T19:25:44","guid":{"rendered":"https:\/\/www.f-dgs.com\/product\/non%20class\u00e9\/z-neso\/"},"modified":"2025-01-26T20:24:42","modified_gmt":"2025-01-26T19:24:42","slug":"z-neso","status":"publish","type":"product","link":"https:\/\/www.f-dgs.com\/fr\/product\/azote\/z-neso\/","title":{"rendered":"G\u00e9n\u00e9rateur d&rsquo;azote Z.NESO"},"content":{"rendered":"<p class=\"p2\">Avec 3 mod\u00e8les, de 1 l\/min \u00e0 5 l\/min, la gamme d&rsquo;azote Z.NESO fournit une solution d&rsquo;azote de haute puret\u00e9 pour les instruments GC\/ICP\/TOC.<\/p>\n<p class=\"p2\">Pour le Z.NESO, un catalyseur chauff\u00e9 oxyde le CH4 du flux d&rsquo;azote gazeux, ce qui permet d&rsquo;obtenir un taux d&rsquo;azote nul et un taux d&rsquo;hydrocarbures total inf\u00e9rieur \u00e0 0,05 ppm.<\/p>\n<p class=\"p2\">Le Z.NESO est disponible sans ou avec un compresseur d&rsquo;air sans huile int\u00e9gr\u00e9 utilisant le <span class=\"s2\">mode de technologie d&rsquo;\u00e9conomie d&rsquo;\u00e9nergie (EST)<\/span>. Il est extr\u00eamement compact et silencieux.<\/p>\n<p class=\"p2\">Le g\u00e9n\u00e9rateur est contr\u00f4l\u00e9 \u00e0 l&rsquo;aide d&rsquo;un \u00e9cran tactile couleur de derni\u00e8re g\u00e9n\u00e9ration qui affiche le processus en temps r\u00e9el, la pression d&rsquo;entr\u00e9e et de sortie, le d\u00e9bit de N2 et l&rsquo;\u00e9tat du syst\u00e8me, avec un acc\u00e8s \u00e0 distance pour le contr\u00f4le du diagnostic.<\/p>\n<p class=\"p3\">L&rsquo;utilisation de la <span class=\"s2\">technologie avanc\u00e9e PSA <\/span>de s\u00e9paration de l&rsquo;azote et de l&rsquo;oxyg\u00e8ne permet de produire de l&rsquo;azote gazeux de haute qualit\u00e9 \u00e0 la demande, 24 heures sur 24 et 7 jours sur 7.<\/p>\n","protected":false},"excerpt":{"rendered":"<p>Avec 3 mod\u00e8les, de 1 l\/min \u00e0 5 l\/min, la gamme d&rsquo;azote Z.NESO fournit une solution d&rsquo;azote de haute puret\u00e9 pour les instruments GC\/ICP\/TOC. Pour le Z.NESO, un catalyseur chauff\u00e9 oxyde le CH4 du flux d&rsquo;azote gazeux, ce qui permet d&rsquo;obtenir un taux d&rsquo;azote nul et un taux d&rsquo;hydrocarbures total inf\u00e9rieur \u00e0 0,05 ppm. Le [&hellip;]<\/p>\n","protected":false},"featured_media":6787,"comment_status":"open","ping_status":"closed","template":"","meta":[],"product_cat":[128],"product_tag":[147],"class_list":{"0":"post-7338","1":"product","2":"type-product","3":"status-publish","4":"has-post-thumbnail","6":"product_cat-azote","7":"product_tag-gc-gc-ms-fr","9":"first","10":"instock","11":"shipping-taxable","12":"product-type-simple"},"_links":{"self":[{"href":"https:\/\/www.f-dgs.com\/fr\/wp-json\/wp\/v2\/product\/7338","targetHints":{"allow":["GET"]}}],"collection":[{"href":"https:\/\/www.f-dgs.com\/fr\/wp-json\/wp\/v2\/product"}],"about":[{"href":"https:\/\/www.f-dgs.com\/fr\/wp-json\/wp\/v2\/types\/product"}],"replies":[{"embeddable":true,"href":"https:\/\/www.f-dgs.com\/fr\/wp-json\/wp\/v2\/comments?post=7338"}],"wp:featuredmedia":[{"embeddable":true,"href":"https:\/\/www.f-dgs.com\/fr\/wp-json\/wp\/v2\/media\/6787"}],"wp:attachment":[{"href":"https:\/\/www.f-dgs.com\/fr\/wp-json\/wp\/v2\/media?parent=7338"}],"wp:term":[{"taxonomy":"product_cat","embeddable":true,"href":"https:\/\/www.f-dgs.com\/fr\/wp-json\/wp\/v2\/product_cat?post=7338"},{"taxonomy":"product_tag","embeddable":true,"href":"https:\/\/www.f-dgs.com\/fr\/wp-json\/wp\/v2\/product_tag?post=7338"}],"curies":[{"name":"wp","href":"https:\/\/api.w.org\/{rel}","templated":true}]}}