{"id":7333,"date":"2022-04-27T21:40:51","date_gmt":"2022-04-27T19:40:51","guid":{"rendered":"https:\/\/www.f-dgs.com\/product\/non%20class\u00e9\/zephyr\/"},"modified":"2025-01-26T20:23:47","modified_gmt":"2025-01-26T19:23:47","slug":"zephyr","status":"publish","type":"product","link":"https:\/\/www.f-dgs.com\/fr\/product\/azote\/zephyr\/","title":{"rendered":"G\u00e9n\u00e9rateur d&rsquo;azote ZEPHYR"},"content":{"rendered":"<p class=\"p2\">Le ZEPHYR Nitrogen fournit une solution d&rsquo;azote pour le spectrom\u00e8tre \u00e0 dichro\u00efsme circulaire.<\/p>\n<p class=\"p2\">Le ZEPHYR est \u00e9quip\u00e9 d&rsquo;un compresseur d&rsquo;air sans huile int\u00e9gr\u00e9 utilisant le <span class=\"s2\">mode d&rsquo;\u00e9conomie d&rsquo;\u00e9nergie (EST)<\/span>. Il est extr\u00eamement compact et silencieux.<\/p>\n<p class=\"p2\">Le g\u00e9n\u00e9rateur est contr\u00f4l\u00e9 \u00e0 l&rsquo;aide d&rsquo;un \u00e9cran tactile couleur de derni\u00e8re g\u00e9n\u00e9ration qui affiche le processus en temps r\u00e9el, la pression de sortie, le d\u00e9bit de N2 et l&rsquo;\u00e9tat du syst\u00e8me, avec un acc\u00e8s \u00e0 distance pour le contr\u00f4le du diagnostic.<\/p>\n<p class=\"p3\">Utilisant la <span class=\"s2\">triple filtration intelligente et la technologie avanc\u00e9e PSA <\/span>de s\u00e9paration de l&rsquo;azote et de l&rsquo;oxyg\u00e8ne pour produire de l&rsquo;azote gazeux de haute qualit\u00e9 \u00e0 la demande 24 heures sur 24, 7 jours sur 7.<\/p>\n","protected":false},"excerpt":{"rendered":"<p>Le ZEPHYR Nitrogen fournit une solution d&rsquo;azote pour le spectrom\u00e8tre \u00e0 dichro\u00efsme circulaire. Le ZEPHYR est \u00e9quip\u00e9 d&rsquo;un compresseur d&rsquo;air sans huile int\u00e9gr\u00e9 utilisant le mode d&rsquo;\u00e9conomie d&rsquo;\u00e9nergie (EST). Il est extr\u00eamement compact et silencieux. Le g\u00e9n\u00e9rateur est contr\u00f4l\u00e9 \u00e0 l&rsquo;aide d&rsquo;un \u00e9cran tactile couleur de derni\u00e8re g\u00e9n\u00e9ration qui affiche le processus en temps r\u00e9el, [&hellip;]<\/p>\n","protected":false},"featured_media":6798,"comment_status":"closed","ping_status":"closed","template":"","meta":[],"product_cat":[128],"product_tag":[146],"class_list":{"0":"post-7333","1":"product","2":"type-product","3":"status-publish","4":"has-post-thumbnail","6":"product_cat-azote","7":"product_tag-others-applications-fr","9":"first","10":"instock","11":"shipping-taxable","12":"product-type-simple"},"_links":{"self":[{"href":"https:\/\/www.f-dgs.com\/fr\/wp-json\/wp\/v2\/product\/7333","targetHints":{"allow":["GET"]}}],"collection":[{"href":"https:\/\/www.f-dgs.com\/fr\/wp-json\/wp\/v2\/product"}],"about":[{"href":"https:\/\/www.f-dgs.com\/fr\/wp-json\/wp\/v2\/types\/product"}],"replies":[{"embeddable":true,"href":"https:\/\/www.f-dgs.com\/fr\/wp-json\/wp\/v2\/comments?post=7333"}],"wp:featuredmedia":[{"embeddable":true,"href":"https:\/\/www.f-dgs.com\/fr\/wp-json\/wp\/v2\/media\/6798"}],"wp:attachment":[{"href":"https:\/\/www.f-dgs.com\/fr\/wp-json\/wp\/v2\/media?parent=7333"}],"wp:term":[{"taxonomy":"product_cat","embeddable":true,"href":"https:\/\/www.f-dgs.com\/fr\/wp-json\/wp\/v2\/product_cat?post=7333"},{"taxonomy":"product_tag","embeddable":true,"href":"https:\/\/www.f-dgs.com\/fr\/wp-json\/wp\/v2\/product_tag?post=7333"}],"curies":[{"name":"wp","href":"https:\/\/api.w.org\/{rel}","templated":true}]}}