{"id":7331,"date":"2022-04-27T21:47:32","date_gmt":"2022-04-27T19:47:32","guid":{"rendered":"https:\/\/www.f-dgs.com\/product\/non%20class\u00e9\/cosmos-mb-h2\/"},"modified":"2025-01-26T20:23:13","modified_gmt":"2025-01-26T19:23:13","slug":"cosmos-mb-h2","status":"publish","type":"product","link":"https:\/\/www.f-dgs.com\/fr\/product\/hydrogene\/cosmos-mb-h2\/","title":{"rendered":"COSMOS MB.H2 G\u00e9n\u00e9rateur d&rsquo;hydrog\u00e8ne"},"content":{"rendered":"<p class=\"p2\">Le g\u00e9n\u00e9rateur COSMOS MB.H2 est con\u00e7u pour les d\u00e9tecteurs GC n\u00e9cessitant un gaz combustible H2, tels que FID, FPD, NPD et TCD.<\/p>\n<p class=\"p2\">L&rsquo;hydrog\u00e8ne gazeux est produit \u00e0 partir d&rsquo;eau d\u00e9sionis\u00e9e en utilisant la technologie <span class=\"s2\">exclusive <\/span>de <span class=\"s2\">membrane d&rsquo;\u00e9change de protons (PEM) \u00e0 100 % de titane <\/span>, qui offre une tr\u00e8s grande fiabilit\u00e9, une nouvelle dur\u00e9e de vie plus longue et une meilleure puret\u00e9.<\/p>\n<p class=\"p3\">La s\u00e9rie COSMOS MB.H2 utilise un s\u00e9cheur \u00e0 membrane statique unique, sans entretien, <span class=\"s3\">qui permet de<\/span><span class=\"s4\">s\u00e9cher le gaz H2 <\/span><span class=\"s3\">et d&rsquo;en augmenter la puret\u00e9<\/span>.<\/p>\n<p class=\"p2\">Le contr\u00f4le automatique des fuites internes lors du d\u00e9marrage de l&rsquo;unit\u00e9 et le contr\u00f4le permanent des param\u00e8tres de fonctionnement garantissent une s\u00e9curit\u00e9 maximale.<\/p>\n<p class=\"p4\">L&rsquo;interface de l&rsquo;\u00e9cran tactile permet une gestion simple et conviviale de toutes les fonctions de l&rsquo;appareil.<\/p>\n","protected":false},"excerpt":{"rendered":"<p>Le g\u00e9n\u00e9rateur COSMOS MB.H2 est con\u00e7u pour les d\u00e9tecteurs GC n\u00e9cessitant un gaz combustible H2, tels que FID, FPD, NPD et TCD. L&rsquo;hydrog\u00e8ne gazeux est produit \u00e0 partir d&rsquo;eau d\u00e9sionis\u00e9e en utilisant la technologie exclusive de membrane d&rsquo;\u00e9change de protons (PEM) \u00e0 100 % de titane , qui offre une tr\u00e8s grande fiabilit\u00e9, une nouvelle [&hellip;]<\/p>\n","protected":false},"featured_media":6790,"comment_status":"closed","ping_status":"closed","template":"","meta":[],"product_cat":[132],"product_tag":[143],"class_list":{"0":"post-7331","1":"product","2":"type-product","3":"status-publish","4":"has-post-thumbnail","6":"product_cat-hydrogene","7":"product_tag-cosmos-series-fr","9":"first","10":"instock","11":"shipping-taxable","12":"product-type-simple"},"_links":{"self":[{"href":"https:\/\/www.f-dgs.com\/fr\/wp-json\/wp\/v2\/product\/7331","targetHints":{"allow":["GET"]}}],"collection":[{"href":"https:\/\/www.f-dgs.com\/fr\/wp-json\/wp\/v2\/product"}],"about":[{"href":"https:\/\/www.f-dgs.com\/fr\/wp-json\/wp\/v2\/types\/product"}],"replies":[{"embeddable":true,"href":"https:\/\/www.f-dgs.com\/fr\/wp-json\/wp\/v2\/comments?post=7331"}],"wp:featuredmedia":[{"embeddable":true,"href":"https:\/\/www.f-dgs.com\/fr\/wp-json\/wp\/v2\/media\/6790"}],"wp:attachment":[{"href":"https:\/\/www.f-dgs.com\/fr\/wp-json\/wp\/v2\/media?parent=7331"}],"wp:term":[{"taxonomy":"product_cat","embeddable":true,"href":"https:\/\/www.f-dgs.com\/fr\/wp-json\/wp\/v2\/product_cat?post=7331"},{"taxonomy":"product_tag","embeddable":true,"href":"https:\/\/www.f-dgs.com\/fr\/wp-json\/wp\/v2\/product_tag?post=7331"}],"curies":[{"name":"wp","href":"https:\/\/api.w.org\/{rel}","templated":true}]}}