{"id":7322,"date":"2022-05-03T23:10:21","date_gmt":"2022-05-03T21:10:21","guid":{"rendered":"https:\/\/www.f-dgs.com\/product\/non%20class\u00e9\/deimos-co2-free\/"},"modified":"2025-01-26T20:20:08","modified_gmt":"2025-01-26T19:20:08","slug":"deimos-co2-free","status":"publish","type":"product","link":"https:\/\/www.f-dgs.com\/fr\/product\/air\/deimos-co2-free\/","title":{"rendered":"G\u00e9n\u00e9rateur de gaz \u00e0 air DEIMOS CO2.FREE"},"content":{"rendered":"<p class=\"p2\">Les g\u00e9n\u00e9rateurs de gaz \u00e0 air DEIMOS CO2.FREE de F-DGS sont sp\u00e9cifiquement con\u00e7us pour \u00eatre utilis\u00e9s avec des spectrom\u00e8tres FT-IR afin de fournir une purge purifi\u00e9e et une alimentation en gaz de support d&rsquo;air \u00e0 partir d&rsquo;air comprim\u00e9.<\/p>\n<p class=\"p2\">L&rsquo;unit\u00e9 fournit aux instruments de l&rsquo;air comprim\u00e9 exempt de CO2 \u00e0 un point de ros\u00e9e inf\u00e9rieur \u00e0 -70\u00b0C (-94\u00b0F) sans impuret\u00e9s en suspension sup\u00e9rieures \u00e0 0,01 micron, 24 heures sur 24, 7 jours sur 7.<\/p>\n<p class=\"p2\">Le DEIMOS CO2.FREE est disponible avec un compresseur d&rsquo;air sans huile int\u00e9gr\u00e9 utilisant le <span class=\"s2\">mode de technologie d&rsquo;\u00e9conomie d&rsquo;\u00e9nergie (EST)<\/span>. Il est extr\u00eamement compact et silencieux.<\/p>\n<p class=\"p3\">Le g\u00e9n\u00e9rateur est contr\u00f4l\u00e9 \u00e0 l&rsquo;aide d&rsquo;un \u00e9cran tactile couleur de derni\u00e8re g\u00e9n\u00e9ration qui affiche le processus en temps r\u00e9el, la pression d&rsquo;entr\u00e9e et de sortie, le d\u00e9bit d&rsquo;air et l&rsquo;\u00e9tat du syst\u00e8me, avec un acc\u00e8s \u00e0 distance pour le contr\u00f4le du diagnostic.<\/p>\n","protected":false},"excerpt":{"rendered":"<p>Les g\u00e9n\u00e9rateurs de gaz \u00e0 air DEIMOS CO2.FREE de F-DGS sont sp\u00e9cifiquement con\u00e7us pour \u00eatre utilis\u00e9s avec des spectrom\u00e8tres FT-IR afin de fournir une purge purifi\u00e9e et une alimentation en gaz de support d&rsquo;air \u00e0 partir d&rsquo;air comprim\u00e9. L&rsquo;unit\u00e9 fournit aux instruments de l&rsquo;air comprim\u00e9 exempt de CO2 \u00e0 un point de ros\u00e9e inf\u00e9rieur \u00e0 [&hellip;]<\/p>\n","protected":false},"featured_media":6793,"comment_status":"closed","ping_status":"closed","template":"","meta":[],"product_cat":[130],"product_tag":[145],"class_list":{"0":"post-7322","1":"product","2":"type-product","3":"status-publish","4":"has-post-thumbnail","6":"product_cat-air","7":"product_tag-ft-ir-fr","9":"first","10":"instock","11":"shipping-taxable","12":"product-type-simple"},"_links":{"self":[{"href":"https:\/\/www.f-dgs.com\/fr\/wp-json\/wp\/v2\/product\/7322","targetHints":{"allow":["GET"]}}],"collection":[{"href":"https:\/\/www.f-dgs.com\/fr\/wp-json\/wp\/v2\/product"}],"about":[{"href":"https:\/\/www.f-dgs.com\/fr\/wp-json\/wp\/v2\/types\/product"}],"replies":[{"embeddable":true,"href":"https:\/\/www.f-dgs.com\/fr\/wp-json\/wp\/v2\/comments?post=7322"}],"wp:featuredmedia":[{"embeddable":true,"href":"https:\/\/www.f-dgs.com\/fr\/wp-json\/wp\/v2\/media\/6793"}],"wp:attachment":[{"href":"https:\/\/www.f-dgs.com\/fr\/wp-json\/wp\/v2\/media?parent=7322"}],"wp:term":[{"taxonomy":"product_cat","embeddable":true,"href":"https:\/\/www.f-dgs.com\/fr\/wp-json\/wp\/v2\/product_cat?post=7322"},{"taxonomy":"product_tag","embeddable":true,"href":"https:\/\/www.f-dgs.com\/fr\/wp-json\/wp\/v2\/product_tag?post=7322"}],"curies":[{"name":"wp","href":"https:\/\/api.w.org\/{rel}","templated":true}]}}