{"id":7317,"date":"2022-05-03T23:16:06","date_gmt":"2022-05-03T21:16:06","guid":{"rendered":"https:\/\/www.f-dgs.com\/product\/non%20class\u00e9\/cosmos-za-total\/"},"modified":"2025-01-26T20:19:22","modified_gmt":"2025-01-26T19:19:22","slug":"cosmos-za-total","status":"publish","type":"product","link":"https:\/\/www.f-dgs.com\/fr\/product\/air\/cosmos-za-total\/","title":{"rendered":"COSMOS ZA.TOTAL G\u00e9n\u00e9rateur Z\u00e9ro Air Total"},"content":{"rendered":"<p class=\"p2\">Les g\u00e9n\u00e9rateurs COSMOS Zero Air Total produisent de l&rsquo;air sec et exempt d&rsquo;hydrocarbures, en utilisant de l&rsquo;air provenant de compresseurs exempts d&rsquo;huile, \u00e0 utiliser comme gaz de d\u00e9tection pour la chromatographie en phase gazeuse. Les hydrocarbures et le CO sont \u00e9limin\u00e9s \u00e0 l&rsquo;aide d&rsquo;un four catalytique rempli de palladium, l&rsquo;humidit\u00e9 et le CO2 sont \u00e9limin\u00e9s \u00e0 l&rsquo;aide d&rsquo;un syst\u00e8me PSA \u00e0 double tamis mol\u00e9culaire, le NO est \u00e9limin\u00e9 \u00e0 l&rsquo;aide de Purafil et les autres composants sont \u00e9limin\u00e9s \u00e0 l&rsquo;aide d&rsquo;un filtre \u00e0 charbon actif. La r\u00e9duction des hydrocarbures, y compris le m\u00e9thane, et du monoxyde de carbone diminue le niveau de bruit de fond et assure une bien meilleure stabilit\u00e9 de la ligne de base, ce qui augmente consid\u00e9rablement la sensibilit\u00e9 du d\u00e9tecteur et garantit des r\u00e9sultats d&rsquo;analyse pr\u00e9cis.<\/p>\n<p class=\"p3\">Con\u00e7u dans un souci de s\u00e9curit\u00e9 et de commodit\u00e9, ce syst\u00e8me \u00e9limine le besoin de bouteilles de gaz \u00e0 haute pression peu pratiques. Ce syst\u00e8me complet cl\u00e9 en main est con\u00e7u avec des composants de la plus haute qualit\u00e9, il est facile \u00e0 installer et ne n\u00e9cessite qu&rsquo;une maintenance annuelle minimale. La conception ergonomique, compacte et empilable fait de la s\u00e9rie Zero Air Total la solution id\u00e9ale pour l&rsquo;alimentation en gaz de votre GC.<\/p>\n","protected":false},"excerpt":{"rendered":"<p>Les g\u00e9n\u00e9rateurs COSMOS Zero Air Total produisent de l&rsquo;air sec et exempt d&rsquo;hydrocarbures, en utilisant de l&rsquo;air provenant de compresseurs exempts d&rsquo;huile, \u00e0 utiliser comme gaz de d\u00e9tection pour la chromatographie en phase gazeuse. Les hydrocarbures et le CO sont \u00e9limin\u00e9s \u00e0 l&rsquo;aide d&rsquo;un four catalytique rempli de palladium, l&rsquo;humidit\u00e9 et le CO2 sont \u00e9limin\u00e9s [&hellip;]<\/p>\n","protected":false},"featured_media":6792,"comment_status":"closed","ping_status":"closed","template":"","meta":[],"product_cat":[130],"product_tag":[131],"class_list":{"0":"post-7317","1":"product","2":"type-product","3":"status-publish","4":"has-post-thumbnail","6":"product_cat-air","7":"product_tag-gc-fr","9":"first","10":"instock","11":"shipping-taxable","12":"product-type-simple"},"_links":{"self":[{"href":"https:\/\/www.f-dgs.com\/fr\/wp-json\/wp\/v2\/product\/7317","targetHints":{"allow":["GET"]}}],"collection":[{"href":"https:\/\/www.f-dgs.com\/fr\/wp-json\/wp\/v2\/product"}],"about":[{"href":"https:\/\/www.f-dgs.com\/fr\/wp-json\/wp\/v2\/types\/product"}],"replies":[{"embeddable":true,"href":"https:\/\/www.f-dgs.com\/fr\/wp-json\/wp\/v2\/comments?post=7317"}],"wp:featuredmedia":[{"embeddable":true,"href":"https:\/\/www.f-dgs.com\/fr\/wp-json\/wp\/v2\/media\/6792"}],"wp:attachment":[{"href":"https:\/\/www.f-dgs.com\/fr\/wp-json\/wp\/v2\/media?parent=7317"}],"wp:term":[{"taxonomy":"product_cat","embeddable":true,"href":"https:\/\/www.f-dgs.com\/fr\/wp-json\/wp\/v2\/product_cat?post=7317"},{"taxonomy":"product_tag","embeddable":true,"href":"https:\/\/www.f-dgs.com\/fr\/wp-json\/wp\/v2\/product_tag?post=7317"}],"curies":[{"name":"wp","href":"https:\/\/api.w.org\/{rel}","templated":true}]}}