{"id":7316,"date":"2022-05-03T23:22:20","date_gmt":"2022-05-03T21:22:20","guid":{"rendered":"https:\/\/www.f-dgs.com\/product\/non%20class\u00e9\/cosmos-za\/"},"modified":"2025-01-26T20:18:55","modified_gmt":"2025-01-26T19:18:55","slug":"cosmos-za","status":"publish","type":"product","link":"https:\/\/www.f-dgs.com\/fr\/product\/air\/cosmos-za\/","title":{"rendered":"G\u00e9n\u00e9rateur d&rsquo;air z\u00e9ro COSMOS ZA"},"content":{"rendered":"<p class=\"p2\">Les g\u00e9n\u00e9rateurs COSMOS ZA produisent de l&rsquo;air sec et exempt d&rsquo;hydrocarbures, en utilisant de l&rsquo;air provenant de compresseurs exempts d&rsquo;huile, pour \u00eatre utilis\u00e9 comme gaz de d\u00e9tection pour la chromatographie en phase gazeuse.<\/p>\n<p class=\"p2\">Con\u00e7u dans un souci de s\u00e9curit\u00e9 et de commodit\u00e9, ce syst\u00e8me \u00e9limine la n\u00e9cessit\u00e9 d&rsquo;utiliser des bouteilles de gaz \u00e0 haute pression.<span class=\"Apple-converted-space\">\u00a0<\/span><\/p>\n<p class=\"p2\">Ce syst\u00e8me cl\u00e9 en main complet est con\u00e7u avec des composants de la plus haute qualit\u00e9, il est facile \u00e0 installer et ne n\u00e9cessite qu&rsquo;une maintenance annuelle minimale.<span class=\"Apple-converted-space\">\u00a0<\/span><\/p>\n<p class=\"p3\">La conception ergonomique, compacte et empilable fait de la s\u00e9rie Zero Air la solution id\u00e9ale pour l&rsquo;alimentation en gaz de votre GC.<\/p>\n","protected":false},"excerpt":{"rendered":"<p>Les g\u00e9n\u00e9rateurs COSMOS ZA produisent de l&rsquo;air sec et exempt d&rsquo;hydrocarbures, en utilisant de l&rsquo;air provenant de compresseurs exempts d&rsquo;huile, pour \u00eatre utilis\u00e9 comme gaz de d\u00e9tection pour la chromatographie en phase gazeuse. Con\u00e7u dans un souci de s\u00e9curit\u00e9 et de commodit\u00e9, ce syst\u00e8me \u00e9limine la n\u00e9cessit\u00e9 d&rsquo;utiliser des bouteilles de gaz \u00e0 haute pression.\u00a0 [&hellip;]<\/p>\n","protected":false},"featured_media":6791,"comment_status":"closed","ping_status":"closed","template":"","meta":[],"product_cat":[130],"product_tag":[131],"class_list":{"0":"post-7316","1":"product","2":"type-product","3":"status-publish","4":"has-post-thumbnail","6":"product_cat-air","7":"product_tag-gc-fr","9":"first","10":"instock","11":"shipping-taxable","12":"product-type-simple"},"_links":{"self":[{"href":"https:\/\/www.f-dgs.com\/fr\/wp-json\/wp\/v2\/product\/7316","targetHints":{"allow":["GET"]}}],"collection":[{"href":"https:\/\/www.f-dgs.com\/fr\/wp-json\/wp\/v2\/product"}],"about":[{"href":"https:\/\/www.f-dgs.com\/fr\/wp-json\/wp\/v2\/types\/product"}],"replies":[{"embeddable":true,"href":"https:\/\/www.f-dgs.com\/fr\/wp-json\/wp\/v2\/comments?post=7316"}],"wp:featuredmedia":[{"embeddable":true,"href":"https:\/\/www.f-dgs.com\/fr\/wp-json\/wp\/v2\/media\/6791"}],"wp:attachment":[{"href":"https:\/\/www.f-dgs.com\/fr\/wp-json\/wp\/v2\/media?parent=7316"}],"wp:term":[{"taxonomy":"product_cat","embeddable":true,"href":"https:\/\/www.f-dgs.com\/fr\/wp-json\/wp\/v2\/product_cat?post=7316"},{"taxonomy":"product_tag","embeddable":true,"href":"https:\/\/www.f-dgs.com\/fr\/wp-json\/wp\/v2\/product_tag?post=7316"}],"curies":[{"name":"wp","href":"https:\/\/api.w.org\/{rel}","templated":true}]}}