{"id":7305,"date":"2022-05-17T00:09:46","date_gmt":"2022-05-16T22:09:46","guid":{"rendered":"https:\/\/www.f-dgs.com\/product\/non%20class\u00e9\/calypso-2g-pe\/"},"modified":"2025-01-26T20:17:53","modified_gmt":"2025-01-26T19:17:53","slug":"calypso-2g-pe","status":"publish","type":"product","link":"https:\/\/www.f-dgs.com\/fr\/product\/combine-azote-air-fr\/calypso-2g-pe\/","title":{"rendered":"G\u00e9n\u00e9rateur d&rsquo;air azot\u00e9 combin\u00e9 CALYPSO 2G.PE"},"content":{"rendered":"<p class=\"p2\">Le CALYPSO.2G\/1.PE est un g\u00e9n\u00e9rateur \u00e0 double flux, qui a \u00e9t\u00e9 sp\u00e9cialement con\u00e7u pour r\u00e9pondre aux besoins en azote et en air sec pour alimenter le LCMS QSIGHT de Perkin Elmer.<\/p>\n<p class=\"p2\">Le CALYPSO.2G\/1.HF.PE a \u00e9t\u00e9 con\u00e7u pour fournir des d\u00e9bits accrus d&rsquo;air sec pour le LCMS-QSIGHT de Perkin Elmer lorsque la technologie \u00e0 double source est utilis\u00e9e.<\/p>\n<p class=\"p2\">Le g\u00e9n\u00e9rateur est construit avec des compresseurs d&rsquo;air internes en standard, et son fonctionnement est extr\u00eamement silencieux.<\/p>\n<p class=\"p3\">Le g\u00e9n\u00e9rateur est contr\u00f4l\u00e9 \u00e0 l&rsquo;aide d&rsquo;un \u00e9cran tactile couleur de derni\u00e8re g\u00e9n\u00e9ration qui affiche le processus en temps r\u00e9el, la pression d&rsquo;entr\u00e9e et de sortie, le d\u00e9bit de N2 et d&rsquo;air et l&rsquo;\u00e9tat du syst\u00e8me, avec un acc\u00e8s \u00e0 distance pour le contr\u00f4le du diagnostic.<\/p>\n","protected":false},"excerpt":{"rendered":"<p>Le CALYPSO.2G\/1.PE est un g\u00e9n\u00e9rateur \u00e0 double flux, qui a \u00e9t\u00e9 sp\u00e9cialement con\u00e7u pour r\u00e9pondre aux besoins en azote et en air sec pour alimenter le LCMS QSIGHT de Perkin Elmer. Le CALYPSO.2G\/1.HF.PE a \u00e9t\u00e9 con\u00e7u pour fournir des d\u00e9bits accrus d&rsquo;air sec pour le LCMS-QSIGHT de Perkin Elmer lorsque la technologie \u00e0 double source [&hellip;]<\/p>\n","protected":false},"featured_media":6799,"comment_status":"open","ping_status":"closed","template":"","meta":[],"product_cat":[139],"product_tag":[129],"class_list":{"0":"post-7305","1":"product","2":"type-product","3":"status-publish","4":"has-post-thumbnail","6":"product_cat-combine-azote-air-fr","7":"product_tag-lc-ms-ms-fr","9":"first","10":"instock","11":"shipping-taxable","12":"product-type-simple"},"_links":{"self":[{"href":"https:\/\/www.f-dgs.com\/fr\/wp-json\/wp\/v2\/product\/7305","targetHints":{"allow":["GET"]}}],"collection":[{"href":"https:\/\/www.f-dgs.com\/fr\/wp-json\/wp\/v2\/product"}],"about":[{"href":"https:\/\/www.f-dgs.com\/fr\/wp-json\/wp\/v2\/types\/product"}],"replies":[{"embeddable":true,"href":"https:\/\/www.f-dgs.com\/fr\/wp-json\/wp\/v2\/comments?post=7305"}],"wp:featuredmedia":[{"embeddable":true,"href":"https:\/\/www.f-dgs.com\/fr\/wp-json\/wp\/v2\/media\/6799"}],"wp:attachment":[{"href":"https:\/\/www.f-dgs.com\/fr\/wp-json\/wp\/v2\/media?parent=7305"}],"wp:term":[{"taxonomy":"product_cat","embeddable":true,"href":"https:\/\/www.f-dgs.com\/fr\/wp-json\/wp\/v2\/product_cat?post=7305"},{"taxonomy":"product_tag","embeddable":true,"href":"https:\/\/www.f-dgs.com\/fr\/wp-json\/wp\/v2\/product_tag?post=7305"}],"curies":[{"name":"wp","href":"https:\/\/api.w.org\/{rel}","templated":true}]}}