{"id":7304,"date":"2022-05-17T00:14:18","date_gmt":"2022-05-16T22:14:18","guid":{"rendered":"https:\/\/www.f-dgs.com\/product\/non%20class\u00e9\/calypso-2g-sh\/"},"modified":"2025-01-26T20:17:07","modified_gmt":"2025-01-26T19:17:07","slug":"calypso-2g-sh","status":"publish","type":"product","link":"https:\/\/www.f-dgs.com\/fr\/product\/combine-azote-air-fr\/calypso-2g-sh\/","title":{"rendered":"CALYPSO 2G.SH G\u00e9n\u00e9rateur combin\u00e9 d&rsquo;azote et d&rsquo;air"},"content":{"rendered":"<p class=\"p2\">Le CALYPSO.2G\/1.SH est un g\u00e9n\u00e9rateur \u00e0 double flux, qui a \u00e9t\u00e9 sp\u00e9cialement con\u00e7u pour r\u00e9pondre aux besoins en azote et en air sec pour alimenter les LCMS 8045, 8050, 8060 de Shimadzu. Il permet aux utilisateurs de modifier le ratio de flux d&rsquo;azote et d&rsquo;air sec \u00e0 partir de l&rsquo;\u00e9cran tactile, de sorte que le flux total est de 25 L\/min, r\u00e9parti entre l&rsquo;azote et l&rsquo;air sec.<\/p>\n<p class=\"p2\">Le CALYPSO.2G\/1.HF.SH a \u00e9t\u00e9 con\u00e7u pour fournir des d\u00e9bits accrus d&rsquo;azote et d&rsquo;air sec pour le dernier LCMS-9030 de Shimadzu, ou lorsque les LCMS 8045, 8050, 8060 sont utilis\u00e9s en mode de distribution de gaz \u00e0 haut d\u00e9bit.<\/p>\n<p class=\"p2\">Le g\u00e9n\u00e9rateur est construit avec des compresseurs d&rsquo;air internes en standard, et son fonctionnement est extr\u00eamement silencieux.<\/p>\n<p class=\"p3\">Le g\u00e9n\u00e9rateur est contr\u00f4l\u00e9 \u00e0 l&rsquo;aide d&rsquo;un \u00e9cran tactile couleur de derni\u00e8re g\u00e9n\u00e9ration qui affiche le processus en temps r\u00e9el, la pression d&rsquo;entr\u00e9e et de sortie, le d\u00e9bit de N2 et d&rsquo;air et l&rsquo;\u00e9tat du syst\u00e8me, avec un acc\u00e8s \u00e0 distance pour le contr\u00f4le du diagnostic.<\/p>\n","protected":false},"excerpt":{"rendered":"<p>Le CALYPSO.2G\/1.SH est un g\u00e9n\u00e9rateur \u00e0 double flux, qui a \u00e9t\u00e9 sp\u00e9cialement con\u00e7u pour r\u00e9pondre aux besoins en azote et en air sec pour alimenter les LCMS 8045, 8050, 8060 de Shimadzu. Il permet aux utilisateurs de modifier le ratio de flux d&rsquo;azote et d&rsquo;air sec \u00e0 partir de l&rsquo;\u00e9cran tactile, de sorte que le [&hellip;]<\/p>\n","protected":false},"featured_media":6800,"comment_status":"open","ping_status":"closed","template":"","meta":[],"product_cat":[139],"product_tag":[129],"class_list":{"0":"post-7304","1":"product","2":"type-product","3":"status-publish","4":"has-post-thumbnail","6":"product_cat-combine-azote-air-fr","7":"product_tag-lc-ms-ms-fr","9":"first","10":"instock","11":"shipping-taxable","12":"product-type-simple"},"_links":{"self":[{"href":"https:\/\/www.f-dgs.com\/fr\/wp-json\/wp\/v2\/product\/7304","targetHints":{"allow":["GET"]}}],"collection":[{"href":"https:\/\/www.f-dgs.com\/fr\/wp-json\/wp\/v2\/product"}],"about":[{"href":"https:\/\/www.f-dgs.com\/fr\/wp-json\/wp\/v2\/types\/product"}],"replies":[{"embeddable":true,"href":"https:\/\/www.f-dgs.com\/fr\/wp-json\/wp\/v2\/comments?post=7304"}],"wp:featuredmedia":[{"embeddable":true,"href":"https:\/\/www.f-dgs.com\/fr\/wp-json\/wp\/v2\/media\/6800"}],"wp:attachment":[{"href":"https:\/\/www.f-dgs.com\/fr\/wp-json\/wp\/v2\/media?parent=7304"}],"wp:term":[{"taxonomy":"product_cat","embeddable":true,"href":"https:\/\/www.f-dgs.com\/fr\/wp-json\/wp\/v2\/product_cat?post=7304"},{"taxonomy":"product_tag","embeddable":true,"href":"https:\/\/www.f-dgs.com\/fr\/wp-json\/wp\/v2\/product_tag?post=7304"}],"curies":[{"name":"wp","href":"https:\/\/api.w.org\/{rel}","templated":true}]}}