{"id":7303,"date":"2022-05-17T00:19:25","date_gmt":"2022-05-16T22:19:25","guid":{"rendered":"https:\/\/www.f-dgs.com\/product\/non%20class\u00e9\/calypso-2g-va\/"},"modified":"2025-01-26T20:16:30","modified_gmt":"2025-01-26T19:16:30","slug":"calypso-2g-va","status":"publish","type":"product","link":"https:\/\/www.f-dgs.com\/fr\/product\/combine-azote-air-fr\/calypso-2g-va\/","title":{"rendered":"G\u00e9n\u00e9rateur d&rsquo;air azot\u00e9 combin\u00e9 CALYPSO 2G.VA"},"content":{"rendered":"<p class=\"p2\">Le CALYPSO 2G.VA est un g\u00e9n\u00e9rateur \u00e0 double flux qui peut \u00eatre utilis\u00e9 avec les deux modes d&rsquo;ionisation des instruments LC\/MS de Varian. Le g\u00e9n\u00e9rateur utilise une technique d&rsquo;adsorption modul\u00e9e en pression pour fournir des flux continus d&rsquo;azote et d&rsquo;air propres et secs sans n\u00e9cessiter de purification secondaire. Lorsque le LC\/MS fonctionne en mode d&rsquo;ionisation positive, l&rsquo;azote est utilis\u00e9 comme gaz de s\u00e9chage, auxiliaire et de n\u00e9bulisation. Le g\u00e9n\u00e9rateur produit \u00e9galement de l&rsquo;air propre et sec qui peut \u00eatre utilis\u00e9 comme gaz de n\u00e9bulisation en mode d&rsquo;ionisation n\u00e9gative.<\/p>\n<p class=\"p2\">Le g\u00e9n\u00e9rateur est construit avec des compresseurs d&rsquo;air internes en standard, et son fonctionnement est extr\u00eamement silencieux.<\/p>\n<p class=\"p3\">Le g\u00e9n\u00e9rateur est contr\u00f4l\u00e9 \u00e0 l&rsquo;aide d&rsquo;un \u00e9cran tactile couleur de derni\u00e8re g\u00e9n\u00e9ration qui affiche le processus en temps r\u00e9el, la pression d&rsquo;entr\u00e9e et de sortie, le d\u00e9bit de N2 et d&rsquo;air et l&rsquo;\u00e9tat du syst\u00e8me, avec un acc\u00e8s \u00e0 distance pour le contr\u00f4le du diagnostic.<\/p>\n","protected":false},"excerpt":{"rendered":"<p>Le CALYPSO 2G.VA est un g\u00e9n\u00e9rateur \u00e0 double flux qui peut \u00eatre utilis\u00e9 avec les deux modes d&rsquo;ionisation des instruments LC\/MS de Varian. Le g\u00e9n\u00e9rateur utilise une technique d&rsquo;adsorption modul\u00e9e en pression pour fournir des flux continus d&rsquo;azote et d&rsquo;air propres et secs sans n\u00e9cessiter de purification secondaire. Lorsque le LC\/MS fonctionne en mode d&rsquo;ionisation [&hellip;]<\/p>\n","protected":false},"featured_media":6801,"comment_status":"open","ping_status":"closed","template":"","meta":[],"product_cat":[139],"product_tag":[],"class_list":{"0":"post-7303","1":"product","2":"type-product","3":"status-publish","4":"has-post-thumbnail","6":"product_cat-combine-azote-air-fr","8":"first","9":"instock","10":"shipping-taxable","11":"product-type-simple"},"_links":{"self":[{"href":"https:\/\/www.f-dgs.com\/fr\/wp-json\/wp\/v2\/product\/7303","targetHints":{"allow":["GET"]}}],"collection":[{"href":"https:\/\/www.f-dgs.com\/fr\/wp-json\/wp\/v2\/product"}],"about":[{"href":"https:\/\/www.f-dgs.com\/fr\/wp-json\/wp\/v2\/types\/product"}],"replies":[{"embeddable":true,"href":"https:\/\/www.f-dgs.com\/fr\/wp-json\/wp\/v2\/comments?post=7303"}],"wp:featuredmedia":[{"embeddable":true,"href":"https:\/\/www.f-dgs.com\/fr\/wp-json\/wp\/v2\/media\/6801"}],"wp:attachment":[{"href":"https:\/\/www.f-dgs.com\/fr\/wp-json\/wp\/v2\/media?parent=7303"}],"wp:term":[{"taxonomy":"product_cat","embeddable":true,"href":"https:\/\/www.f-dgs.com\/fr\/wp-json\/wp\/v2\/product_cat?post=7303"},{"taxonomy":"product_tag","embeddable":true,"href":"https:\/\/www.f-dgs.com\/fr\/wp-json\/wp\/v2\/product_tag?post=7303"}],"curies":[{"name":"wp","href":"https:\/\/api.w.org\/{rel}","templated":true}]}}