{"id":7302,"date":"2022-05-17T00:22:30","date_gmt":"2022-05-16T22:22:30","guid":{"rendered":"https:\/\/www.f-dgs.com\/product\/non%20class\u00e9\/calypso-3g-e-sc\/"},"modified":"2025-01-26T20:16:02","modified_gmt":"2025-01-26T19:16:02","slug":"calypso-3g-e-sc","status":"publish","type":"product","link":"https:\/\/www.f-dgs.com\/fr\/product\/combine-azote-air-fr\/calypso-3g-e-sc\/","title":{"rendered":"G\u00e9n\u00e9rateur combin\u00e9 d&rsquo;azote et d&rsquo;air CALYPSO 3G.E.SC"},"content":{"rendered":"<p class=\"p1\">Le g\u00e9n\u00e9rateur Triple Flow a \u00e9t\u00e9 sp\u00e9cialement con\u00e7u pour r\u00e9pondre aux besoins en azote et en air sec afin de fournir des gaz de rideau, de source et d&rsquo;\u00e9chappement pour les nouveaux instruments LC-MS de Sciex, appel\u00e9s ECHO MS et pour le nouveau syst\u00e8me Triple Quad 7500 LC-MS\/MS.<\/p>\n<p class=\"p1\">L&rsquo;azote est produit par adsorption modul\u00e9e en pression (AMP) pour \u00e9liminer l&rsquo;oxyg\u00e8ne, le dioxyde de carbone et l&rsquo;eau de l&rsquo;air comprim\u00e9. L&rsquo;air purifi\u00e9 est produit \u00e0 l&rsquo;aide d&rsquo;un s\u00e9cheur d&rsquo;air \u00e0 membrane.<\/p>\n<p class=\"p1\">Le g\u00e9n\u00e9rateur est construit avec des compresseurs d&rsquo;air internes en standard, et son fonctionnement est extr\u00eamement silencieux.<\/p>\n<p class=\"p1\">Le g\u00e9n\u00e9rateur est contr\u00f4l\u00e9 \u00e0 l&rsquo;aide d&rsquo;un \u00e9cran tactile couleur de derni\u00e8re g\u00e9n\u00e9ration qui affiche le processus en temps r\u00e9el, la pression d&rsquo;entr\u00e9e et de sortie, le d\u00e9bit de N2 et d&rsquo;air et l&rsquo;\u00e9tat du syst\u00e8me, avec un acc\u00e8s \u00e0 distance pour le contr\u00f4le du diagnostic.<\/p>\n","protected":false},"excerpt":{"rendered":"<p>Le g\u00e9n\u00e9rateur Triple Flow a \u00e9t\u00e9 sp\u00e9cialement con\u00e7u pour r\u00e9pondre aux besoins en azote et en air sec afin de fournir des gaz de rideau, de source et d&rsquo;\u00e9chappement pour les nouveaux instruments LC-MS de Sciex, appel\u00e9s ECHO MS et pour le nouveau syst\u00e8me Triple Quad 7500 LC-MS\/MS. L&rsquo;azote est produit par adsorption modul\u00e9e en [&hellip;]<\/p>\n","protected":false},"featured_media":6802,"comment_status":"open","ping_status":"closed","template":"","meta":[],"product_cat":[139],"product_tag":[129],"class_list":{"0":"post-7302","1":"product","2":"type-product","3":"status-publish","4":"has-post-thumbnail","6":"product_cat-combine-azote-air-fr","7":"product_tag-lc-ms-ms-fr","9":"first","10":"instock","11":"shipping-taxable","12":"product-type-simple"},"_links":{"self":[{"href":"https:\/\/www.f-dgs.com\/fr\/wp-json\/wp\/v2\/product\/7302","targetHints":{"allow":["GET"]}}],"collection":[{"href":"https:\/\/www.f-dgs.com\/fr\/wp-json\/wp\/v2\/product"}],"about":[{"href":"https:\/\/www.f-dgs.com\/fr\/wp-json\/wp\/v2\/types\/product"}],"replies":[{"embeddable":true,"href":"https:\/\/www.f-dgs.com\/fr\/wp-json\/wp\/v2\/comments?post=7302"}],"wp:featuredmedia":[{"embeddable":true,"href":"https:\/\/www.f-dgs.com\/fr\/wp-json\/wp\/v2\/media\/6802"}],"wp:attachment":[{"href":"https:\/\/www.f-dgs.com\/fr\/wp-json\/wp\/v2\/media?parent=7302"}],"wp:term":[{"taxonomy":"product_cat","embeddable":true,"href":"https:\/\/www.f-dgs.com\/fr\/wp-json\/wp\/v2\/product_cat?post=7302"},{"taxonomy":"product_tag","embeddable":true,"href":"https:\/\/www.f-dgs.com\/fr\/wp-json\/wp\/v2\/product_tag?post=7302"}],"curies":[{"name":"wp","href":"https:\/\/api.w.org\/{rel}","templated":true}]}}