{"id":7296,"date":"2022-05-17T00:26:43","date_gmt":"2022-05-16T22:26:43","guid":{"rendered":"https:\/\/www.f-dgs.com\/product\/non%20class\u00e9\/calypso-3g-sc\/"},"modified":"2025-01-26T20:15:25","modified_gmt":"2025-01-26T19:15:25","slug":"calypso-3g-sc","status":"publish","type":"product","link":"https:\/\/www.f-dgs.com\/fr\/product\/combine-azote-air-fr\/calypso-3g-sc\/","title":{"rendered":"G\u00e9n\u00e9rateur d&rsquo;air azot\u00e9 combin\u00e9 CALYPSO 3G.SC"},"content":{"rendered":"<p class=\"p2\">Le g\u00e9n\u00e9rateur triple flux a \u00e9t\u00e9 sp\u00e9cialement con\u00e7u pour r\u00e9pondre aux besoins en azote et en air sec afin de fournir des gaz de rideau, de source et d&rsquo;\u00e9chappement pour les instruments LC-MS Sciex, y compris le syst\u00e8me QTOF de la s\u00e9rie X5000, avec des d\u00e9bits plus \u00e9lev\u00e9s que ceux du CALYPSO.3G\/1.HF.SC.<\/p>\n<p class=\"p2\">L&rsquo;azote est produit par adsorption modul\u00e9e en pression (AMP) pour \u00e9liminer l&rsquo;oxyg\u00e8ne, le dioxyde de carbone et l&rsquo;eau de l&rsquo;air comprim\u00e9. L&rsquo;air purifi\u00e9 est produit \u00e0 l&rsquo;aide d&rsquo;un s\u00e9cheur d&rsquo;air \u00e0 membrane.<\/p>\n<p class=\"p2\">Le g\u00e9n\u00e9rateur est construit avec des compresseurs d&rsquo;air internes en standard, et son fonctionnement est extr\u00eamement silencieux.<\/p>\n<p class=\"p3\">Le g\u00e9n\u00e9rateur est contr\u00f4l\u00e9 \u00e0 l&rsquo;aide d&rsquo;un \u00e9cran tactile couleur de derni\u00e8re g\u00e9n\u00e9ration qui affiche le processus en temps r\u00e9el, la pression d&rsquo;entr\u00e9e et de sortie, le d\u00e9bit de N2 et d&rsquo;air et l&rsquo;\u00e9tat du syst\u00e8me, avec un acc\u00e8s \u00e0 distance pour le contr\u00f4le du diagnostic.<\/p>\n","protected":false},"excerpt":{"rendered":"<p>Le g\u00e9n\u00e9rateur triple flux a \u00e9t\u00e9 sp\u00e9cialement con\u00e7u pour r\u00e9pondre aux besoins en azote et en air sec afin de fournir des gaz de rideau, de source et d&rsquo;\u00e9chappement pour les instruments LC-MS Sciex, y compris le syst\u00e8me QTOF de la s\u00e9rie X5000, avec des d\u00e9bits plus \u00e9lev\u00e9s que ceux du CALYPSO.3G\/1.HF.SC. L&rsquo;azote est produit [&hellip;]<\/p>\n","protected":false},"featured_media":6803,"comment_status":"open","ping_status":"closed","template":"","meta":[],"product_cat":[139],"product_tag":[129],"class_list":{"0":"post-7296","1":"product","2":"type-product","3":"status-publish","4":"has-post-thumbnail","6":"product_cat-combine-azote-air-fr","7":"product_tag-lc-ms-ms-fr","9":"first","10":"instock","11":"shipping-taxable","12":"product-type-simple"},"_links":{"self":[{"href":"https:\/\/www.f-dgs.com\/fr\/wp-json\/wp\/v2\/product\/7296","targetHints":{"allow":["GET"]}}],"collection":[{"href":"https:\/\/www.f-dgs.com\/fr\/wp-json\/wp\/v2\/product"}],"about":[{"href":"https:\/\/www.f-dgs.com\/fr\/wp-json\/wp\/v2\/types\/product"}],"replies":[{"embeddable":true,"href":"https:\/\/www.f-dgs.com\/fr\/wp-json\/wp\/v2\/comments?post=7296"}],"wp:featuredmedia":[{"embeddable":true,"href":"https:\/\/www.f-dgs.com\/fr\/wp-json\/wp\/v2\/media\/6803"}],"wp:attachment":[{"href":"https:\/\/www.f-dgs.com\/fr\/wp-json\/wp\/v2\/media?parent=7296"}],"wp:term":[{"taxonomy":"product_cat","embeddable":true,"href":"https:\/\/www.f-dgs.com\/fr\/wp-json\/wp\/v2\/product_cat?post=7296"},{"taxonomy":"product_tag","embeddable":true,"href":"https:\/\/www.f-dgs.com\/fr\/wp-json\/wp\/v2\/product_tag?post=7296"}],"curies":[{"name":"wp","href":"https:\/\/api.w.org\/{rel}","templated":true}]}}