{"id":7292,"date":"2022-05-17T00:43:41","date_gmt":"2022-05-16T22:43:41","guid":{"rendered":"https:\/\/www.f-dgs.com\/product\/non%20class\u00e9\/themisto-pega\/"},"modified":"2025-01-26T20:12:49","modified_gmt":"2025-01-26T19:12:49","slug":"themisto-pega","status":"publish","type":"product","link":"https:\/\/www.f-dgs.com\/fr\/product\/combine-azote-air-fr\/themisto-pega\/","title":{"rendered":"THEMISTO PEGA G\u00e9n\u00e9rateur combin\u00e9 d&rsquo;azote et d&rsquo;air"},"content":{"rendered":"<p class=\"p2\">Le g\u00e9n\u00e9rateur double flux THEMISTO PEGA a \u00e9t\u00e9 sp\u00e9cialement con\u00e7u pour r\u00e9pondre aux besoins en azote et en air pur d&rsquo;un LECO PEGASUS 4D GC x GC-TOFMS.<\/p>\n<p class=\"p2\">Le THEMISTO PEGA est disponible avec un compresseur d&rsquo;air sans huile int\u00e9gr\u00e9 utilisant le <span class=\"s2\">mode de technologie d&rsquo;\u00e9conomie d&rsquo;\u00e9nergie (EST)<\/span>. Il est extr\u00eamement compact et silencieux.<\/p>\n<p class=\"p2\">Le g\u00e9n\u00e9rateur est contr\u00f4l\u00e9 \u00e0 l&rsquo;aide de la derni\u00e8re technologie d&rsquo;\u00e9cran tactile couleur qui affiche le processus en temps r\u00e9el, les pressions d&rsquo;entr\u00e9e et de sortie et l&rsquo;\u00e9tat du syst\u00e8me, avec un acc\u00e8s \u00e0 distance pour le contr\u00f4le du diagnostic.<\/p>\n<p class=\"p2\">L&rsquo;azote est produit par absorption modul\u00e9e en pression (PSA) pour\u00e9liminer l&rsquo;oxyg\u00e8ne, le dioxyde de carbone et l&rsquo;eau de l&rsquo;air comprim\u00e9 et l&rsquo;air purifi\u00e9 est produit en utilisant un filtre s\u00e9parateur d&rsquo;eau cyclonique et un filtre coalescent submicronique.<\/p>\n","protected":false},"excerpt":{"rendered":"<p>Le g\u00e9n\u00e9rateur double flux THEMISTO PEGA a \u00e9t\u00e9 sp\u00e9cialement con\u00e7u pour r\u00e9pondre aux besoins en azote et en air pur d&rsquo;un LECO PEGASUS 4D GC x GC-TOFMS. Le THEMISTO PEGA est disponible avec un compresseur d&rsquo;air sans huile int\u00e9gr\u00e9 utilisant le mode de technologie d&rsquo;\u00e9conomie d&rsquo;\u00e9nergie (EST). Il est extr\u00eamement compact et silencieux. Le g\u00e9n\u00e9rateur [&hellip;]<\/p>\n","protected":false},"featured_media":6807,"comment_status":"open","ping_status":"closed","template":"","meta":[],"product_cat":[139],"product_tag":[140],"class_list":{"0":"post-7292","1":"product","2":"type-product","3":"status-publish","4":"has-post-thumbnail","6":"product_cat-combine-azote-air-fr","7":"product_tag-pegasus-fr","9":"first","10":"instock","11":"shipping-taxable","12":"product-type-simple"},"_links":{"self":[{"href":"https:\/\/www.f-dgs.com\/fr\/wp-json\/wp\/v2\/product\/7292","targetHints":{"allow":["GET"]}}],"collection":[{"href":"https:\/\/www.f-dgs.com\/fr\/wp-json\/wp\/v2\/product"}],"about":[{"href":"https:\/\/www.f-dgs.com\/fr\/wp-json\/wp\/v2\/types\/product"}],"replies":[{"embeddable":true,"href":"https:\/\/www.f-dgs.com\/fr\/wp-json\/wp\/v2\/comments?post=7292"}],"wp:featuredmedia":[{"embeddable":true,"href":"https:\/\/www.f-dgs.com\/fr\/wp-json\/wp\/v2\/media\/6807"}],"wp:attachment":[{"href":"https:\/\/www.f-dgs.com\/fr\/wp-json\/wp\/v2\/media?parent=7292"}],"wp:term":[{"taxonomy":"product_cat","embeddable":true,"href":"https:\/\/www.f-dgs.com\/fr\/wp-json\/wp\/v2\/product_cat?post=7292"},{"taxonomy":"product_tag","embeddable":true,"href":"https:\/\/www.f-dgs.com\/fr\/wp-json\/wp\/v2\/product_tag?post=7292"}],"curies":[{"name":"wp","href":"https:\/\/api.w.org\/{rel}","templated":true}]}}