{"id":7287,"date":"2022-05-17T00:47:44","date_gmt":"2022-05-16T22:47:44","guid":{"rendered":"https:\/\/www.f-dgs.com\/product\/non%20class\u00e9\/z-prospero\/"},"modified":"2025-01-26T20:12:35","modified_gmt":"2025-01-26T19:12:35","slug":"z-prospero","status":"publish","type":"product","link":"https:\/\/www.f-dgs.com\/fr\/product\/combine-azote-air-fr\/z-prospero\/","title":{"rendered":"Z.PROSPERO G\u00e9n\u00e9rateur d&rsquo;air \u00e0 z\u00e9ro azote"},"content":{"rendered":"<p class=\"p2\">Le syst\u00e8me combin\u00e9 azote\/air z\u00e9ro fournit un flux continu d&rsquo;azote gazeux de haute puret\u00e9 (&gt; 99,9995 %) et de l&rsquo;air purifi\u00e9 avec une teneur en hydrocarbures (&lt; 0,1 ppm), id\u00e9al pour les applications telles que le gaz porteur GC, le gaz d&rsquo;appoint et le GC-FID.<\/p>\n<p class=\"p2\">Le Z.PROSPERO est disponible sans ou avec un compresseur d&rsquo;air sans huile int\u00e9gr\u00e9 utilisant le <span class=\"s2\">mode de technologie d&rsquo;\u00e9conomie d&rsquo;\u00e9nergie (EST)<\/span>. Il est extr\u00eamement compact et silencieux. Le g\u00e9n\u00e9rateur est contr\u00f4l\u00e9 \u00e0 l&rsquo;aide d&rsquo;un \u00e9cran tactile couleur de derni\u00e8re g\u00e9n\u00e9ration qui affiche le processus en temps r\u00e9el, la pression d&rsquo;entr\u00e9e et de sortie, le d\u00e9bit d&rsquo;air ZN2 et l&rsquo;\u00e9tat du syst\u00e8me, avec un acc\u00e8s \u00e0 distance pour le contr\u00f4le du diagnostic.<\/p>\n<p class=\"p2\">L&rsquo;utilisation de la <span class=\"s2\">technologie avanc\u00e9e PSA <\/span>de s\u00e9paration de l&rsquo;azote et de l&rsquo;O2 pour produire de l&rsquo;azote gazeux de haute qualit\u00e9 et d&rsquo;une colonne d&rsquo;alumine activ\u00e9e pour produire de l&rsquo;air purifi\u00e9 \u00e0 la demande 24 heures sur 24, 7 jours sur 7. Pour le Z.PROSPERO, un catalyseur chauff\u00e9 oxyde le CH4 du flux d&rsquo;azote gazeux, ce qui permet d&rsquo;obtenir z\u00e9ro azote avec un total d&rsquo;hydrocarbures inf\u00e9rieur \u00e0 0,05 ppm.<\/p>\n","protected":false},"excerpt":{"rendered":"<p>Le syst\u00e8me combin\u00e9 azote\/air z\u00e9ro fournit un flux continu d&rsquo;azote gazeux de haute puret\u00e9 (&gt; 99,9995 %) et de l&rsquo;air purifi\u00e9 avec une teneur en hydrocarbures (&lt; 0,1 ppm), id\u00e9al pour les applications telles que le gaz porteur GC, le gaz d&rsquo;appoint et le GC-FID. Le Z.PROSPERO est disponible sans ou avec un compresseur d&rsquo;air [&hellip;]<\/p>\n","protected":false},"featured_media":6808,"comment_status":"open","ping_status":"closed","template":"","meta":[],"product_cat":[139],"product_tag":[131],"class_list":{"0":"post-7287","1":"product","2":"type-product","3":"status-publish","4":"has-post-thumbnail","6":"product_cat-combine-azote-air-fr","7":"product_tag-gc-fr","9":"first","10":"instock","11":"shipping-taxable","12":"product-type-simple"},"_links":{"self":[{"href":"https:\/\/www.f-dgs.com\/fr\/wp-json\/wp\/v2\/product\/7287","targetHints":{"allow":["GET"]}}],"collection":[{"href":"https:\/\/www.f-dgs.com\/fr\/wp-json\/wp\/v2\/product"}],"about":[{"href":"https:\/\/www.f-dgs.com\/fr\/wp-json\/wp\/v2\/types\/product"}],"replies":[{"embeddable":true,"href":"https:\/\/www.f-dgs.com\/fr\/wp-json\/wp\/v2\/comments?post=7287"}],"wp:featuredmedia":[{"embeddable":true,"href":"https:\/\/www.f-dgs.com\/fr\/wp-json\/wp\/v2\/media\/6808"}],"wp:attachment":[{"href":"https:\/\/www.f-dgs.com\/fr\/wp-json\/wp\/v2\/media?parent=7287"}],"wp:term":[{"taxonomy":"product_cat","embeddable":true,"href":"https:\/\/www.f-dgs.com\/fr\/wp-json\/wp\/v2\/product_cat?post=7287"},{"taxonomy":"product_tag","embeddable":true,"href":"https:\/\/www.f-dgs.com\/fr\/wp-json\/wp\/v2\/product_tag?post=7287"}],"curies":[{"name":"wp","href":"https:\/\/api.w.org\/{rel}","templated":true}]}}