{"id":7286,"date":"2022-05-17T00:56:05","date_gmt":"2022-05-16T22:56:05","guid":{"rendered":"https:\/\/www.f-dgs.com\/product\/non%20class\u00e9\/stream-2g\/"},"modified":"2025-01-26T20:11:48","modified_gmt":"2025-01-26T19:11:48","slug":"stream-2g","status":"publish","type":"product","link":"https:\/\/www.f-dgs.com\/fr\/product\/combine-azote-air-fr\/stream-2g\/","title":{"rendered":"STREAM 2G G\u00e9n\u00e9rateur d&rsquo;air azot\u00e9"},"content":{"rendered":"<p class=\"p2\">Le g\u00e9n\u00e9rateur d&rsquo;azote\/air \u00e0 membrane a \u00e9t\u00e9 d\u00e9velopp\u00e9 pour r\u00e9pondre aux exigences sp\u00e9cifiques en termes de d\u00e9bit, de puret\u00e9 et de pressionpour le LC-MS de Shimadzu.<\/p>\n<p class=\"p2\">Le g\u00e9n\u00e9rateur d\u00e9livre une sortie d&rsquo;azote de qualit\u00e9 laboratoire et une sortie d&rsquo;air sec.<\/p>\n<p class=\"p2\">Le g\u00e9n\u00e9rateur STREAM 2G de F-DGS a \u00e9t\u00e9 con\u00e7u pour fournir de l&rsquo;azote et de l&rsquo;air aux laboratoires qui disposent d\u00e9j\u00e0 d&rsquo;une source externe d&rsquo;air propre et sec.<\/p>\n<p class=\"p3\">Le syst\u00e8me ne contient aucune pi\u00e8ce mobile, est effectivement silencieux lorsqu&rsquo;il fonctionne et ne n\u00e9cessite qu&rsquo;un minimum d&rsquo;entretien.<\/p>\n","protected":false},"excerpt":{"rendered":"<p>Le g\u00e9n\u00e9rateur d&rsquo;azote\/air \u00e0 membrane a \u00e9t\u00e9 d\u00e9velopp\u00e9 pour r\u00e9pondre aux exigences sp\u00e9cifiques en termes de d\u00e9bit, de puret\u00e9 et de pressionpour le LC-MS de Shimadzu. Le g\u00e9n\u00e9rateur d\u00e9livre une sortie d&rsquo;azote de qualit\u00e9 laboratoire et une sortie d&rsquo;air sec. Le g\u00e9n\u00e9rateur STREAM 2G de F-DGS a \u00e9t\u00e9 con\u00e7u pour fournir de l&rsquo;azote et de [&hellip;]<\/p>\n","protected":false},"featured_media":6821,"comment_status":"open","ping_status":"closed","template":"","meta":[],"product_cat":[139],"product_tag":[129],"class_list":{"0":"post-7286","1":"product","2":"type-product","3":"status-publish","4":"has-post-thumbnail","6":"product_cat-combine-azote-air-fr","7":"product_tag-lc-ms-ms-fr","9":"first","10":"instock","11":"shipping-taxable","12":"product-type-simple"},"_links":{"self":[{"href":"https:\/\/www.f-dgs.com\/fr\/wp-json\/wp\/v2\/product\/7286","targetHints":{"allow":["GET"]}}],"collection":[{"href":"https:\/\/www.f-dgs.com\/fr\/wp-json\/wp\/v2\/product"}],"about":[{"href":"https:\/\/www.f-dgs.com\/fr\/wp-json\/wp\/v2\/types\/product"}],"replies":[{"embeddable":true,"href":"https:\/\/www.f-dgs.com\/fr\/wp-json\/wp\/v2\/comments?post=7286"}],"wp:featuredmedia":[{"embeddable":true,"href":"https:\/\/www.f-dgs.com\/fr\/wp-json\/wp\/v2\/media\/6821"}],"wp:attachment":[{"href":"https:\/\/www.f-dgs.com\/fr\/wp-json\/wp\/v2\/media?parent=7286"}],"wp:term":[{"taxonomy":"product_cat","embeddable":true,"href":"https:\/\/www.f-dgs.com\/fr\/wp-json\/wp\/v2\/product_cat?post=7286"},{"taxonomy":"product_tag","embeddable":true,"href":"https:\/\/www.f-dgs.com\/fr\/wp-json\/wp\/v2\/product_tag?post=7286"}],"curies":[{"name":"wp","href":"https:\/\/api.w.org\/{rel}","templated":true}]}}