{"id":7285,"date":"2022-05-17T10:14:21","date_gmt":"2022-05-17T08:14:21","guid":{"rendered":"https:\/\/www.f-dgs.com\/product\/non%20class\u00e9\/cryogen-10\/"},"modified":"2026-02-23T22:07:55","modified_gmt":"2026-02-23T21:07:55","slug":"cryogen-10","status":"publish","type":"product","link":"https:\/\/www.f-dgs.com\/fr\/product\/azote-liquide\/cryogen-10\/","title":{"rendered":"CRYOGEN.10 G\u00e9n\u00e9rateur d&rsquo;azote liquide N2"},"content":{"rendered":"<p class=\"p2\">Le CRYOGEN.10 est le <span class=\"s2\"><b>\u00ab\u00a0refroidi \u00e0 l&rsquo;eau\u00a0\u00bb <\/b><\/span>\u00ab\u00a0refroidi \u00e0 l&rsquo;eau\u00a0\u00bb de F-DGSi.<\/p>\n<p class=\"p2\">Gr\u00e2ce \u00e0 la technologie de la t\u00eate froide et au compresseur \u00e0 h\u00e9lium d&rsquo;un \u00ab\u00a0cryor\u00e9frig\u00e9rateur\u00a0\u00bb fiable, l&rsquo;azote gazeux est ensuite produit \u00e0 l&rsquo;aide de la technologie PSA, puis refroidi \u00e0 77K (-196\u00b0C) pour produire de l&rsquo;azote liquide.<\/p>\n<p class=\"p2\">Les g\u00e9n\u00e9rateurs sont contr\u00f4l\u00e9s \u00e0 l&rsquo;aide de la derni\u00e8re technologie d&rsquo;\u00e9cran tactile HMI qui affiche le processus en temps r\u00e9el, le niveau de liquide du dewar, la production d&rsquo;azote PSA, ce qui donne un syst\u00e8me enti\u00e8rement automatis\u00e9 sur simple pression d&rsquo;un bouton avec un acc\u00e8s \u00e0 distance pour le contr\u00f4le du diagnostic.<\/p>\n<p class=\"p3\">L&rsquo;azote liquide peut \u00eatre distribu\u00e9 \u00e0 l&rsquo;aide d&rsquo;un tuyau isol\u00e9 sous vide de 1,5 m\u00e8tre. Avec de l&rsquo;eau de refroidissement ou un refroidisseur d&rsquo;eau, le syst\u00e8me peut fonctionner jusqu&rsquo;\u00e0 une temp\u00e9rature ambiante de +35\u00b0C, ce qui permet de l&rsquo;utiliser partout dans le monde.<\/p>\n","protected":false},"excerpt":{"rendered":"<p>Le CRYOGEN.10 est le \u00ab\u00a0refroidi \u00e0 l&rsquo;eau\u00a0\u00bb \u00ab\u00a0refroidi \u00e0 l&rsquo;eau\u00a0\u00bb de F-DGSi. Gr\u00e2ce \u00e0 la technologie de la t\u00eate froide et au compresseur \u00e0 h\u00e9lium d&rsquo;un \u00ab\u00a0cryor\u00e9frig\u00e9rateur\u00a0\u00bb fiable, l&rsquo;azote gazeux est ensuite produit \u00e0 l&rsquo;aide de la technologie PSA, puis refroidi \u00e0 77K (-196\u00b0C) pour produire de l&rsquo;azote liquide. Les g\u00e9n\u00e9rateurs sont contr\u00f4l\u00e9s \u00e0 l&rsquo;aide [&hellip;]<\/p>\n","protected":false},"featured_media":6910,"comment_status":"open","ping_status":"closed","template":"","meta":[],"product_cat":[138],"product_tag":[],"class_list":{"0":"post-7285","1":"product","2":"type-product","3":"status-publish","4":"has-post-thumbnail","6":"product_cat-azote-liquide","8":"first","9":"instock","10":"shipping-taxable","11":"product-type-simple"},"_links":{"self":[{"href":"https:\/\/www.f-dgs.com\/fr\/wp-json\/wp\/v2\/product\/7285","targetHints":{"allow":["GET"]}}],"collection":[{"href":"https:\/\/www.f-dgs.com\/fr\/wp-json\/wp\/v2\/product"}],"about":[{"href":"https:\/\/www.f-dgs.com\/fr\/wp-json\/wp\/v2\/types\/product"}],"replies":[{"embeddable":true,"href":"https:\/\/www.f-dgs.com\/fr\/wp-json\/wp\/v2\/comments?post=7285"}],"wp:featuredmedia":[{"embeddable":true,"href":"https:\/\/www.f-dgs.com\/fr\/wp-json\/wp\/v2\/media\/6910"}],"wp:attachment":[{"href":"https:\/\/www.f-dgs.com\/fr\/wp-json\/wp\/v2\/media?parent=7285"}],"wp:term":[{"taxonomy":"product_cat","embeddable":true,"href":"https:\/\/www.f-dgs.com\/fr\/wp-json\/wp\/v2\/product_cat?post=7285"},{"taxonomy":"product_tag","embeddable":true,"href":"https:\/\/www.f-dgs.com\/fr\/wp-json\/wp\/v2\/product_tag?post=7285"}],"curies":[{"name":"wp","href":"https:\/\/api.w.org\/{rel}","templated":true}]}}