{"id":7243,"date":"2022-05-17T18:51:07","date_gmt":"2022-05-17T16:51:07","guid":{"rendered":"https:\/\/www.f-dgs.com\/product\/non%20class\u00e9\/ndc\/"},"modified":"2025-01-26T19:59:41","modified_gmt":"2025-01-26T18:59:41","slug":"ndc","status":"publish","type":"product","link":"https:\/\/www.f-dgs.com\/fr\/product\/secheur-air-sans-co2\/ndc\/","title":{"rendered":"S\u00e9cheur d&rsquo;air sans CO2 NDC"},"content":{"rendered":"<p class=\"p2\">Le s\u00e9cheur d&rsquo;air sans CO2 NDC purifie votre r\u00e9seau d&rsquo;air comprim\u00e9 pour fournir un approvisionnement continu en air propre, sec (-70\u00b0C PDP) et sans CO2 (&lt; ; 1ppm). Il permet de remplacer les bouteilles d&rsquo;azote ou d&rsquo;oxyg\u00e8ne \u00e0 haute pression.<span class=\"Apple-converted-space\">\u00a0<\/span><\/p>\n<p class=\"p2\">L&rsquo;unit\u00e9 est tr\u00e8s compacte, \u00e9conomise l&rsquo;espace dans le laboratoire, est silencieuse et facile \u00e0 installer.<span class=\"Apple-converted-space\">\u00a0<\/span><\/p>\n<p class=\"p3\">Le NDC peut vous informer de la date \u00e0 laquelle le service doit \u00eatre effectu\u00e9 via l&rsquo;\u00e9cran d&rsquo;affichage.<span class=\"Apple-converted-space\">\u00a0<\/span><\/p>\n","protected":false},"excerpt":{"rendered":"<p>Le s\u00e9cheur d&rsquo;air sans CO2 NDC purifie votre r\u00e9seau d&rsquo;air comprim\u00e9 pour fournir un approvisionnement continu en air propre, sec (-70\u00b0C PDP) et sans CO2 (&lt; ; 1ppm). Il permet de remplacer les bouteilles d&rsquo;azote ou d&rsquo;oxyg\u00e8ne \u00e0 haute pression.\u00a0 L&rsquo;unit\u00e9 est tr\u00e8s compacte, \u00e9conomise l&rsquo;espace dans le laboratoire, est silencieuse et facile \u00e0 installer.\u00a0 [&hellip;]<\/p>\n","protected":false},"featured_media":6819,"comment_status":"open","ping_status":"closed","template":"","meta":[],"product_cat":[134],"product_tag":[135],"class_list":{"0":"post-7243","1":"product","2":"type-product","3":"status-publish","4":"has-post-thumbnail","6":"product_cat-secheur-air-sans-co2","7":"product_tag-co2-free-air-dryers-fr","9":"first","10":"instock","11":"shipping-taxable","12":"product-type-simple"},"_links":{"self":[{"href":"https:\/\/www.f-dgs.com\/fr\/wp-json\/wp\/v2\/product\/7243","targetHints":{"allow":["GET"]}}],"collection":[{"href":"https:\/\/www.f-dgs.com\/fr\/wp-json\/wp\/v2\/product"}],"about":[{"href":"https:\/\/www.f-dgs.com\/fr\/wp-json\/wp\/v2\/types\/product"}],"replies":[{"embeddable":true,"href":"https:\/\/www.f-dgs.com\/fr\/wp-json\/wp\/v2\/comments?post=7243"}],"wp:featuredmedia":[{"embeddable":true,"href":"https:\/\/www.f-dgs.com\/fr\/wp-json\/wp\/v2\/media\/6819"}],"wp:attachment":[{"href":"https:\/\/www.f-dgs.com\/fr\/wp-json\/wp\/v2\/media?parent=7243"}],"wp:term":[{"taxonomy":"product_cat","embeddable":true,"href":"https:\/\/www.f-dgs.com\/fr\/wp-json\/wp\/v2\/product_cat?post=7243"},{"taxonomy":"product_tag","embeddable":true,"href":"https:\/\/www.f-dgs.com\/fr\/wp-json\/wp\/v2\/product_tag?post=7243"}],"curies":[{"name":"wp","href":"https:\/\/api.w.org\/{rel}","templated":true}]}}