{"id":7240,"date":"2022-06-01T00:57:44","date_gmt":"2022-05-31T22:57:44","guid":{"rendered":"https:\/\/www.f-dgs.com\/product\/non%20class\u00e9\/cosmos-rack-mb-h2\/"},"modified":"2025-01-26T19:58:22","modified_gmt":"2025-01-26T18:58:22","slug":"cosmos-rack-mb-h2","status":"publish","type":"product","link":"https:\/\/www.f-dgs.com\/fr\/product\/hydrogene\/cosmos-rack-mb-h2\/","title":{"rendered":"G\u00e9n\u00e9rateur de gaz hydrog\u00e8ne COSMOS RACK MB.H2"},"content":{"rendered":"<p class=\"p2\">Les g\u00e9n\u00e9rateurs d&rsquo;hydrog\u00e8ne COSMOS RACK MB.H2 utilisent la <span class=\"s2\">technologie exclusive de membrane \u00e9lectrolyte (cellule PEM) 100% titane <\/span>pour produire du gaz H2 de haute puret\u00e9.<span class=\"Apple-converted-space\">\u00a0<\/span><\/p>\n<p class=\"p2\">Le s\u00e9cheur r\u00e9g\u00e9n\u00e9rateur exclusif \u00e0 double dynamique \u00e0 froid de la s\u00e9rie RACK.MF ne n\u00e9cessite aucun entretien et permet un fonctionnement continu 24 heures par jour. Le contr\u00f4le automatique des fuites internes au d\u00e9marrage de l&rsquo;unit\u00e9 et le contr\u00f4le constant des param\u00e8tres de fonctionnement garantissent une s\u00e9curit\u00e9 maximale.<span class=\"Apple-converted-space\">\u00a0<\/span><\/p>\n<p class=\"p2\"><span class=\"s2\">COSMOS RACK MB.H2 Series <\/span>utiliser un syst\u00e8me de s\u00e9chage : statique,<span class=\"Apple-converted-space\">\u00a0<\/span>sans entretien<\/p>\n","protected":false},"excerpt":{"rendered":"<p>Les g\u00e9n\u00e9rateurs d&rsquo;hydrog\u00e8ne COSMOS RACK MB.H2 utilisent la technologie exclusive de membrane \u00e9lectrolyte (cellule PEM) 100% titane pour produire du gaz H2 de haute puret\u00e9.\u00a0 Le s\u00e9cheur r\u00e9g\u00e9n\u00e9rateur exclusif \u00e0 double dynamique \u00e0 froid de la s\u00e9rie RACK.MF ne n\u00e9cessite aucun entretien et permet un fonctionnement continu 24 heures par jour. Le contr\u00f4le automatique des [&hellip;]<\/p>\n","protected":false},"featured_media":6885,"comment_status":"closed","ping_status":"closed","template":"","meta":[],"product_cat":[132],"product_tag":[133],"class_list":{"0":"post-7240","1":"product","2":"type-product","3":"status-publish","4":"has-post-thumbnail","6":"product_cat-hydrogene","7":"product_tag-rack-series-fr","9":"first","10":"instock","11":"shipping-taxable","12":"product-type-simple"},"_links":{"self":[{"href":"https:\/\/www.f-dgs.com\/fr\/wp-json\/wp\/v2\/product\/7240","targetHints":{"allow":["GET"]}}],"collection":[{"href":"https:\/\/www.f-dgs.com\/fr\/wp-json\/wp\/v2\/product"}],"about":[{"href":"https:\/\/www.f-dgs.com\/fr\/wp-json\/wp\/v2\/types\/product"}],"replies":[{"embeddable":true,"href":"https:\/\/www.f-dgs.com\/fr\/wp-json\/wp\/v2\/comments?post=7240"}],"wp:featuredmedia":[{"embeddable":true,"href":"https:\/\/www.f-dgs.com\/fr\/wp-json\/wp\/v2\/media\/6885"}],"wp:attachment":[{"href":"https:\/\/www.f-dgs.com\/fr\/wp-json\/wp\/v2\/media?parent=7240"}],"wp:term":[{"taxonomy":"product_cat","embeddable":true,"href":"https:\/\/www.f-dgs.com\/fr\/wp-json\/wp\/v2\/product_cat?post=7240"},{"taxonomy":"product_tag","embeddable":true,"href":"https:\/\/www.f-dgs.com\/fr\/wp-json\/wp\/v2\/product_tag?post=7240"}],"curies":[{"name":"wp","href":"https:\/\/api.w.org\/{rel}","templated":true}]}}