{"id":7239,"date":"2022-06-01T01:06:05","date_gmt":"2022-05-31T23:06:05","guid":{"rendered":"https:\/\/www.f-dgs.com\/?post_type=product&#038;p=7239"},"modified":"2025-01-26T19:58:44","modified_gmt":"2025-01-26T18:58:44","slug":"generateur-de-gaz-hydrogene-cosmos-rack-mf-h2","status":"publish","type":"product","link":"https:\/\/www.f-dgs.com\/fr\/product\/hydrogene\/generateur-de-gaz-hydrogene-cosmos-rack-mf-h2\/","title":{"rendered":"G\u00e9n\u00e9rateur de gaz hydrog\u00e8ne COSMOS RACK MF.H2"},"content":{"rendered":"<p>Les g\u00e9n\u00e9rateurs d&rsquo;hydrog\u00e8ne COSMOS RACK MF.H2 utilisent la technologie exclusive de membrane \u00e9lectrolytique (cellule PEM) 100 % titane pour produire du gaz H2 de grande puret\u00e9.<\/p>\n<p>Le s\u00e9cheur exclusif \u00e0 double r\u00e9g\u00e9n\u00e9ration dynamique \u00e0 froid de la s\u00e9rie RACK.MF ne n\u00e9cessite aucune maintenance et permet un fonctionnement continu 24 heures par jour. Le contr\u00f4le automatique des fuites internes lors du d\u00e9marrage de l&rsquo;unit\u00e9 et le contr\u00f4le constant des param\u00e8tres de fonctionnement garantissent une s\u00e9curit\u00e9 maximale.<\/p>\n<p>La s\u00e9rie COSMOS RACK MF.H2 utilise un s\u00e9cheur exclusif \u00e0 double r\u00e9g\u00e9n\u00e9ration dynamique \u00e0 froid.<\/p>\n","protected":false},"excerpt":{"rendered":"<p>Les g\u00e9n\u00e9rateurs d&rsquo;hydrog\u00e8ne COSMOS RACK MF.H2 utilisent la technologie exclusive de membrane \u00e9lectrolytique (cellule PEM) 100 % titane pour produire du gaz H2 de grande puret\u00e9. Le s\u00e9cheur exclusif \u00e0 double r\u00e9g\u00e9n\u00e9ration dynamique \u00e0 froid de la s\u00e9rie RACK.MF ne n\u00e9cessite aucune maintenance et permet un fonctionnement continu 24 heures par jour. Le contr\u00f4le automatique [&hellip;]<\/p>\n","protected":false},"featured_media":6886,"comment_status":"closed","ping_status":"closed","template":"","meta":[],"product_cat":[132],"product_tag":[133],"class_list":{"0":"post-7239","1":"product","2":"type-product","3":"status-publish","4":"has-post-thumbnail","6":"product_cat-hydrogene","7":"product_tag-rack-series-fr","9":"first","10":"instock","11":"shipping-taxable","12":"product-type-simple"},"_links":{"self":[{"href":"https:\/\/www.f-dgs.com\/fr\/wp-json\/wp\/v2\/product\/7239","targetHints":{"allow":["GET"]}}],"collection":[{"href":"https:\/\/www.f-dgs.com\/fr\/wp-json\/wp\/v2\/product"}],"about":[{"href":"https:\/\/www.f-dgs.com\/fr\/wp-json\/wp\/v2\/types\/product"}],"replies":[{"embeddable":true,"href":"https:\/\/www.f-dgs.com\/fr\/wp-json\/wp\/v2\/comments?post=7239"}],"wp:featuredmedia":[{"embeddable":true,"href":"https:\/\/www.f-dgs.com\/fr\/wp-json\/wp\/v2\/media\/6886"}],"wp:attachment":[{"href":"https:\/\/www.f-dgs.com\/fr\/wp-json\/wp\/v2\/media?parent=7239"}],"wp:term":[{"taxonomy":"product_cat","embeddable":true,"href":"https:\/\/www.f-dgs.com\/fr\/wp-json\/wp\/v2\/product_cat?post=7239"},{"taxonomy":"product_tag","embeddable":true,"href":"https:\/\/www.f-dgs.com\/fr\/wp-json\/wp\/v2\/product_tag?post=7239"}],"curies":[{"name":"wp","href":"https:\/\/api.w.org\/{rel}","templated":true}]}}