{"id":7235,"date":"2022-06-01T01:10:29","date_gmt":"2022-05-31T23:10:29","guid":{"rendered":"https:\/\/www.f-dgs.com\/product\/non%20class\u00e9\/cosmos-rack-za\/"},"modified":"2025-01-26T19:56:54","modified_gmt":"2025-01-26T18:56:54","slug":"cosmos-rack-za","status":"publish","type":"product","link":"https:\/\/www.f-dgs.com\/fr\/product\/air\/cosmos-rack-za\/","title":{"rendered":"G\u00e9n\u00e9rateur d&rsquo;air z\u00e9ro COSMOS RACK ZA"},"content":{"rendered":"<p class=\"p2\">Le g\u00e9n\u00e9rateur d&rsquo;air z\u00e9ro COSMOS RACK utilise de l&rsquo;air comprim\u00e9 pr\u00e9filtr\u00e9 \u00e0 0,1 micron, puis purifi\u00e9 \u00e0 l&rsquo;aide d&rsquo;un module catalytique chauff\u00e9. L&rsquo;air z\u00e9ro produit est exempt d&rsquo;hydrocarbures, y compris de m\u00e9thane et de monoxyde de carbone \u00e0 0,05 ppm. Un filtre de post-filtration de 0,01 micron est utilis\u00e9 pour emp\u00eacher tout type de particules de p\u00e9n\u00e9trer dans l&rsquo;instrument. Ce niveau de puret\u00e9 produit un faible rapport signal\/bruit, garantissant une ligne de base plate et stable de l&rsquo;analyseur.<\/p>\n<p class=\"p2\">Con\u00e7u dans un souci de s\u00e9curit\u00e9 et de commodit\u00e9, ce syst\u00e8me \u00e9limine la n\u00e9cessit\u00e9 d&rsquo;utiliser des bouteilles de gaz \u00e0 haute pression peu pratiques.<\/p>\n<p class=\"p2\">La conception ergonomique, compacte et silencieuse fait de la s\u00e9rie COSMOS RACK Zero Air la solution id\u00e9ale pour les applications analytiques suivantes.<\/p>\n","protected":false},"excerpt":{"rendered":"<p>Le g\u00e9n\u00e9rateur d&rsquo;air z\u00e9ro COSMOS RACK utilise de l&rsquo;air comprim\u00e9 pr\u00e9filtr\u00e9 \u00e0 0,1 micron, puis purifi\u00e9 \u00e0 l&rsquo;aide d&rsquo;un module catalytique chauff\u00e9. L&rsquo;air z\u00e9ro produit est exempt d&rsquo;hydrocarbures, y compris de m\u00e9thane et de monoxyde de carbone \u00e0 0,05 ppm. Un filtre de post-filtration de 0,01 micron est utilis\u00e9 pour emp\u00eacher tout type de particules [&hellip;]<\/p>\n","protected":false},"featured_media":6888,"comment_status":"closed","ping_status":"closed","template":"","meta":[],"product_cat":[130],"product_tag":[131],"class_list":{"0":"post-7235","1":"product","2":"type-product","3":"status-publish","4":"has-post-thumbnail","6":"product_cat-air","7":"product_tag-gc-fr","9":"first","10":"instock","11":"shipping-taxable","12":"product-type-simple"},"_links":{"self":[{"href":"https:\/\/www.f-dgs.com\/fr\/wp-json\/wp\/v2\/product\/7235","targetHints":{"allow":["GET"]}}],"collection":[{"href":"https:\/\/www.f-dgs.com\/fr\/wp-json\/wp\/v2\/product"}],"about":[{"href":"https:\/\/www.f-dgs.com\/fr\/wp-json\/wp\/v2\/types\/product"}],"replies":[{"embeddable":true,"href":"https:\/\/www.f-dgs.com\/fr\/wp-json\/wp\/v2\/comments?post=7235"}],"wp:featuredmedia":[{"embeddable":true,"href":"https:\/\/www.f-dgs.com\/fr\/wp-json\/wp\/v2\/media\/6888"}],"wp:attachment":[{"href":"https:\/\/www.f-dgs.com\/fr\/wp-json\/wp\/v2\/media?parent=7235"}],"wp:term":[{"taxonomy":"product_cat","embeddable":true,"href":"https:\/\/www.f-dgs.com\/fr\/wp-json\/wp\/v2\/product_cat?post=7235"},{"taxonomy":"product_tag","embeddable":true,"href":"https:\/\/www.f-dgs.com\/fr\/wp-json\/wp\/v2\/product_tag?post=7235"}],"curies":[{"name":"wp","href":"https:\/\/api.w.org\/{rel}","templated":true}]}}