{"id":5125,"date":"2024-07-20T09:30:45","date_gmt":"2024-07-20T07:30:45","guid":{"rendered":"https:\/\/f-dgs.com\/?post_type=product&#038;p=5125"},"modified":"2025-01-26T16:20:01","modified_gmt":"2025-01-26T15:20:01","slug":"cosmos-rack-n2-zn2","status":"publish","type":"product","link":"https:\/\/www.f-dgs.com\/fr\/product\/azote\/cosmos-rack-n2-zn2\/","title":{"rendered":"COSMOS RACK N2 \/ ZN2"},"content":{"rendered":"<p>Le COSMOS RACK.N2 \/ ZN2 est con\u00e7u pour produire un approvisionnement s\u00fbr et r\u00e9gul\u00e9 d&rsquo;une grande puret\u00e9, jusqu&rsquo;\u00e0 99,9995 %, pour les gaz de pr\u00e9paration de la chromatographie en phase gazeuse, les gaz porteurs de la chromatographie en phase gazeuse, la pressurisation des flacons de l&rsquo;espace de t\u00eate, les purges, les pi\u00e8ges, le conditionnement des tubes pour la d\u00e9sorption thermique et la diagraphie de la boue.<\/p>\n<p>L&rsquo;azote COSMOS RACK utilise la technique fiable et efficace de l&rsquo;absorption modul\u00e9e en pression (PSA) en utilisant un tamis mol\u00e9culaire en carbone pour \u00e9liminer l&rsquo;oxyg\u00e8ne et l&rsquo;humidit\u00e9 afin de produire de l&rsquo;azote de grande puret\u00e9.<\/p>\n<p>Le COSMOS RACK.N2 \/ ZN2 est construit avec un catalyseur pour \u00e9liminer les hydrocarbures &lt; ; 0.05 ppm.<\/p>\n<p>L&rsquo;azote COSMOS RACK peut \u00eatre superpos\u00e9 \u00e0 n&rsquo;importe quel module COSMOS RACK (hydrog\u00e8ne, air z\u00e9ro, compresseur d&rsquo;air) pour vous offrir une solution de gaz GC autonome compl\u00e8te.<\/p>\n","protected":false},"excerpt":{"rendered":"<p>Le COSMOS RACK.N2 \/ ZN2 est con\u00e7u pour produire un approvisionnement s\u00fbr et r\u00e9gul\u00e9 d&rsquo;une grande puret\u00e9, jusqu&rsquo;\u00e0 99,9995 %, pour les gaz de pr\u00e9paration de la chromatographie en phase gazeuse, les gaz porteurs de la chromatographie en phase gazeuse, la pressurisation des flacons de l&rsquo;espace de t\u00eate, les purges, les pi\u00e8ges, le conditionnement des [&hellip;]<\/p>\n","protected":false},"featured_media":4923,"comment_status":"closed","ping_status":"closed","template":"","meta":[],"product_cat":[128],"product_tag":[],"class_list":{"0":"post-5125","1":"product","2":"type-product","3":"status-publish","4":"has-post-thumbnail","6":"product_cat-azote","8":"first","9":"instock","10":"shipping-taxable","11":"product-type-simple"},"_links":{"self":[{"href":"https:\/\/www.f-dgs.com\/fr\/wp-json\/wp\/v2\/product\/5125","targetHints":{"allow":["GET"]}}],"collection":[{"href":"https:\/\/www.f-dgs.com\/fr\/wp-json\/wp\/v2\/product"}],"about":[{"href":"https:\/\/www.f-dgs.com\/fr\/wp-json\/wp\/v2\/types\/product"}],"replies":[{"embeddable":true,"href":"https:\/\/www.f-dgs.com\/fr\/wp-json\/wp\/v2\/comments?post=5125"}],"wp:featuredmedia":[{"embeddable":true,"href":"https:\/\/www.f-dgs.com\/fr\/wp-json\/wp\/v2\/media\/4923"}],"wp:attachment":[{"href":"https:\/\/www.f-dgs.com\/fr\/wp-json\/wp\/v2\/media?parent=5125"}],"wp:term":[{"taxonomy":"product_cat","embeddable":true,"href":"https:\/\/www.f-dgs.com\/fr\/wp-json\/wp\/v2\/product_cat?post=5125"},{"taxonomy":"product_tag","embeddable":true,"href":"https:\/\/www.f-dgs.com\/fr\/wp-json\/wp\/v2\/product_tag?post=5125"}],"curies":[{"name":"wp","href":"https:\/\/api.w.org\/{rel}","templated":true}]}}