{"id":12633,"date":"2022-05-03T23:06:28","date_gmt":"2022-05-03T21:06:28","guid":{"rendered":"https:\/\/www.f-dgs.com\/product\/non%20class\u00e9\/generateur-dair-deimos-toc\/"},"modified":"2025-01-26T20:20:32","modified_gmt":"2025-01-26T19:20:32","slug":"generateur-dair-deimos-toc","status":"publish","type":"product","link":"https:\/\/www.f-dgs.com\/fr\/product\/air\/generateur-dair-deimos-toc\/","title":{"rendered":"G\u00e9n\u00e9rateur d&rsquo;air DEIMOS TOC"},"content":{"rendered":"<p class=\"p2\">Les g\u00e9n\u00e9rateurs d&rsquo;air DEIMOS TOC de F-DGS comptent parmi les syst\u00e8mes de purification d&rsquo;air et de CO2 sans hydrocarbures les plus petits et les plus efficaces pour une utilisation en laboratoire. L&rsquo;utilisation d&rsquo;un catalyseur chauff\u00e9 combin\u00e9 \u00e0 un s\u00e9cheur d&rsquo;air pour \u00e9liminer le THC et le m\u00e9thane \u00e0 une concentration inf\u00e9rieure \u00e0 0,05 ppm et le CO2 \u00e0 une concentration inf\u00e9rieure \u00e0 1 ppm.<\/p>\n<p class=\"p2\">Cette station a\u00e9rienne TOC est contr\u00f4l\u00e9e \u00e0 l&rsquo;aide de la derni\u00e8re technologie d&rsquo;\u00e9cran tactile HMI pour afficher le processus en temps r\u00e9el.<\/p>\n<p class=\"p2\">Le DEIMOS TOC est disponible avec un compresseur d&rsquo;air sans huile int\u00e9gr\u00e9 utilisant le <span class=\"s2\">mode de technologie d&rsquo;\u00e9conomie d&rsquo;\u00e9nergie (EST)<\/span>. Il est extr\u00eamement compact et silencieux.<\/p>\n<p class=\"p3\">Le g\u00e9n\u00e9rateur est contr\u00f4l\u00e9 \u00e0 l&rsquo;aide de la derni\u00e8re technologie d&rsquo;\u00e9cran tactile en couleur pour afficher le processus en temps r\u00e9el, la pression d&rsquo;entr\u00e9e et de sortie, le d\u00e9bit d&rsquo;air et l&rsquo;\u00e9tat du syst\u00e8me, avec un acc\u00e8s \u00e0 distance pour le contr\u00f4le du diagnostic.<\/p>\n","protected":false},"excerpt":{"rendered":"<p>Les g\u00e9n\u00e9rateurs d&rsquo;air DEIMOS TOC de F-DGS comptent parmi les syst\u00e8mes de purification d&rsquo;air et de CO2 sans hydrocarbures les plus petits et les plus efficaces pour une utilisation en laboratoire. L&rsquo;utilisation d&rsquo;un catalyseur chauff\u00e9 combin\u00e9 \u00e0 un s\u00e9cheur d&rsquo;air pour \u00e9liminer le THC et le m\u00e9thane \u00e0 une concentration inf\u00e9rieure \u00e0 0,05 ppm et [&hellip;]<\/p>\n","protected":false},"featured_media":6794,"comment_status":"closed","ping_status":"closed","template":"","meta":[],"product_cat":[130],"product_tag":[224],"class_list":{"0":"post-12633","1":"product","2":"type-product","3":"status-publish","4":"has-post-thumbnail","6":"product_cat-air","7":"product_tag-toc-fr","9":"first","10":"instock","11":"shipping-taxable","12":"product-type-simple"},"_links":{"self":[{"href":"https:\/\/www.f-dgs.com\/fr\/wp-json\/wp\/v2\/product\/12633","targetHints":{"allow":["GET"]}}],"collection":[{"href":"https:\/\/www.f-dgs.com\/fr\/wp-json\/wp\/v2\/product"}],"about":[{"href":"https:\/\/www.f-dgs.com\/fr\/wp-json\/wp\/v2\/types\/product"}],"replies":[{"embeddable":true,"href":"https:\/\/www.f-dgs.com\/fr\/wp-json\/wp\/v2\/comments?post=12633"}],"wp:featuredmedia":[{"embeddable":true,"href":"https:\/\/www.f-dgs.com\/fr\/wp-json\/wp\/v2\/media\/6794"}],"wp:attachment":[{"href":"https:\/\/www.f-dgs.com\/fr\/wp-json\/wp\/v2\/media?parent=12633"}],"wp:term":[{"taxonomy":"product_cat","embeddable":true,"href":"https:\/\/www.f-dgs.com\/fr\/wp-json\/wp\/v2\/product_cat?post=12633"},{"taxonomy":"product_tag","embeddable":true,"href":"https:\/\/www.f-dgs.com\/fr\/wp-json\/wp\/v2\/product_tag?post=12633"}],"curies":[{"name":"wp","href":"https:\/\/api.w.org\/{rel}","templated":true}]}}