{"id":7187,"date":"2022-05-24T22:52:41","date_gmt":"2022-05-24T20:52:41","guid":{"rendered":"https:\/\/www.f-dgs.com\/?page_id=7187"},"modified":"2024-07-10T17:43:25","modified_gmt":"2024-07-10T15:43:25","slug":"combine-hydrogene-air","status":"publish","type":"page","link":"https:\/\/www.f-dgs.com\/fr\/produits\/generateurs-de-gaz\/combine-hydrogene-air\/","title":{"rendered":"G\u00e9n\u00e9rateurs combin\u00e9s d&rsquo;hydrog\u00e8ne\/air"},"content":{"rendered":"\t\t<div data-elementor-type=\"wp-page\" data-elementor-id=\"7187\" class=\"elementor elementor-7187 elementor-1663\" data-elementor-post-type=\"page\">\n\t\t\t\t<div class=\"elementor-element elementor-element-af585a7 max-width e-flex e-con-boxed e-con e-parent\" data-id=\"af585a7\" data-element_type=\"container\" data-settings=\"{&quot;jet_parallax_layout_list&quot;:[]}\">\n\t\t\t\t\t<div class=\"e-con-inner\">\n\t\t\t\t<div class=\"elementor-element elementor-element-09024ee elementor-widget elementor-widget-jet-breadcrumbs\" data-id=\"09024ee\" data-element_type=\"widget\" data-widget_type=\"jet-breadcrumbs.default\">\n\t\t\t\t<div class=\"elementor-widget-container\">\n\t\t\t<div class=\"elementor-jet-breadcrumbs jet-blocks\">\n\t\t<div class=\"jet-breadcrumbs\">\n\t\t<div class=\"jet-breadcrumbs__content\">\n\t\t<div class=\"jet-breadcrumbs__wrap\"><div class=\"jet-breadcrumbs__item\"><a href=\"https:\/\/www.f-dgs.com\/fr\/\" class=\"jet-breadcrumbs__item-link is-home\" rel=\"home\" title=\"Accueil\">Accueil<\/a><\/div>\n\t\t<\/div>\n\t\t<\/div>\n\t\t<\/div><\/div>\t\t<\/div>\n\t\t\t\t<\/div>\n\t\t\t\t\t<\/div>\n\t\t\t\t<\/div>\n\t\t<div class=\"elementor-element elementor-element-be8459a e-flex e-con-boxed e-con e-parent\" data-id=\"be8459a\" data-element_type=\"container\" data-settings=\"{&quot;jet_parallax_layout_list&quot;:[]}\">\n\t\t\t\t\t<div class=\"e-con-inner\">\n\t\t<div class=\"elementor-element elementor-element-c0dc467 e-con-full e-flex e-con e-child\" data-id=\"c0dc467\" data-element_type=\"container\" data-settings=\"{&quot;jet_parallax_layout_list&quot;:[]}\">\n\t\t<div class=\"elementor-element elementor-element-f96a130 e-con-full e-flex e-con e-child\" data-id=\"f96a130\" data-element_type=\"container\" data-settings=\"{&quot;jet_parallax_layout_list&quot;:[],&quot;background_background&quot;:&quot;classic&quot;}\">\n\t\t<div class=\"elementor-element elementor-element-873e257 e-con-full e-flex e-con e-child\" data-id=\"873e257\" data-element_type=\"container\" data-settings=\"{&quot;jet_parallax_layout_list&quot;:[]}\">\n\t\t\t\t<div class=\"elementor-element elementor-element-16420cd elementor-widget elementor-widget-heading\" data-id=\"16420cd\" data-element_type=\"widget\" data-widget_type=\"heading.default\">\n\t\t\t\t<div class=\"elementor-widget-container\">\n\t\t\t<h1 class=\"elementor-heading-title elementor-size-default\">G\u00c9N\u00c9RATEURS COMBIN\u00c9S D'HYDROG\u00c8NE ET D'AIR<\/h1>\t\t<\/div>\n\t\t\t\t<\/div>\n\t\t\t\t<div class=\"elementor-element elementor-element-a33a4c6 elementor-widget elementor-widget-heading\" data-id=\"a33a4c6\" data-element_type=\"widget\" data-widget_type=\"heading.default\">\n\t\t\t\t<div class=\"elementor-widget-container\">\n\t\t\t<h2 class=\"elementor-heading-title elementor-size-default\">L'alternative plus s\u00fbre et plus pratique \u00e0 l'h\u00e9lium pour le gaz vecteur de la chromatographie en phase gazeuse et le d\u00e9tecteur FID.<\/h2>\t\t<\/div>\n\t\t\t\t<\/div>\n\t\t\t\t<div class=\"elementor-element elementor-element-023af36 elementor-widget elementor-widget-text-editor\" data-id=\"023af36\" data-element_type=\"widget\" data-widget_type=\"text-editor.default\">\n\t\t\t\t<div class=\"elementor-widget-container\">\n\t\t\t\t\t\t\t<p>Pour garantir des r\u00e9sultats d&rsquo;analyse GC-FID et <strong><a class=\"strong-white\" href=\"https:\/\/www.f-dgs.com\/applications\/gc-gc-ms\/\">GC-MS<\/a><\/strong> fiables, il est essentiel de disposer d&rsquo;une alimentation en hydrog\u00e8ne et en air z\u00e9ro de haute qualit\u00e9. F-DGSi propose la plus large gamme de g\u00e9n\u00e9rateurs de rack combin\u00e9s hydrog\u00e8ne\/air z\u00e9ro, avec diff\u00e9rentes puret\u00e9s en fonction de la sensibilit\u00e9 requise pour vos analyses.<\/p><p>Si vous souhaitez am\u00e9liorer votre laboratoire gr\u00e2ce \u00e0 notre alimentation combin\u00e9e en hydrog\u00e8ne et en air z\u00e9ro, contactez-nous d\u00e8s aujourd&rsquo;hui ou consultez notre large gamme de g\u00e9n\u00e9rateurs combin\u00e9s d&rsquo;hydrog\u00e8ne et d&rsquo;air z\u00e9ro Rack.<\/p>\t\t\t\t\t\t<\/div>\n\t\t\t\t<\/div>\n\t\t\t\t<\/div>\n\t\t<div class=\"elementor-element elementor-element-12f5976 e-con-full e-flex e-con e-child\" data-id=\"12f5976\" data-element_type=\"container\" data-settings=\"{&quot;jet_parallax_layout_list&quot;:[]}\">\n\t\t\t\t<div class=\"elementor-element elementor-element-cef395b elementor-widget elementor-widget-image\" data-id=\"cef395b\" data-element_type=\"widget\" data-widget_type=\"image.default\">\n\t\t\t\t<div class=\"elementor-widget-container\">\n\t\t\t\t\t\t\t\t\t\t\t\t\t<img decoding=\"async\" src=\"http:\/\/localhost\/fdgs_v2\/wp-content\/uploads\/2021\/11\/20180117_102624-scaled.jpg\" title=\"\" alt=\"\" loading=\"lazy\" \/>\t\t\t\t\t\t\t\t\t\t\t\t\t<\/div>\n\t\t\t\t<\/div>\n\t\t\t\t<\/div>\n\t\t\t\t<\/div>\n\t\t\t\t<\/div>\n\t\t\t\t\t<\/div>\n\t\t\t\t<\/div>\n\t\t<div class=\"elementor-element elementor-element-6208088 max-width e-flex e-con-boxed e-con e-parent\" data-id=\"6208088\" data-element_type=\"container\" data-settings=\"{&quot;jet_parallax_layout_list&quot;:[]}\">\n\t\t\t\t\t<div class=\"e-con-inner\">\n\t\t<div class=\"elementor-element elementor-element-d8436ea e-con-full e-flex e-con e-child\" data-id=\"d8436ea\" data-element_type=\"container\" data-settings=\"{&quot;jet_parallax_layout_list&quot;:[]}\">\n\t\t\t\t<div class=\"elementor-element elementor-element-c0aa1cf elementor-widget elementor-widget-heading\" data-id=\"c0aa1cf\" data-element_type=\"widget\" data-widget_type=\"heading.default\">\n\t\t\t\t<div class=\"elementor-widget-container\">\n\t\t\t<h2 class=\"elementor-heading-title elementor-size-default\">Qu'est-ce qu'un g\u00e9n\u00e9rateur hydrog\u00e8ne\/air et comment fonctionne-t-il ?<\/h2>\t\t<\/div>\n\t\t\t\t<\/div>\n\t\t\t\t<div class=\"elementor-element elementor-element-c794afb elementor-widget elementor-widget-text-editor\" data-id=\"c794afb\" data-element_type=\"widget\" data-widget_type=\"text-editor.default\">\n\t\t\t\t<div class=\"elementor-widget-container\">\n\t\t\t\t\t\t\t<p>Les g\u00e9n\u00e9rateurs combin\u00e9s hydrog\u00e8ne\/air z\u00e9ro constituent une alternative s\u00fbre et pratique et sont g\u00e9n\u00e9ralement une solution plus rentable que l&rsquo;utilisation de bouteilles d&rsquo;air H2 et synth\u00e9tique \u00e0 haute pression. Contrairement aux bouteilles, les g\u00e9n\u00e9rateurs combin\u00e9s hydrog\u00e8ne\/air z\u00e9ro offrent une puret\u00e9 constante pour des r\u00e9sultats plus fiables, \u00e9liminant le risque de contamination lors du changement de bouteilles.<\/p><p>L&rsquo;hydrog\u00e8ne est produit en utilisant de l&rsquo;eau distill\u00e9e ou d\u00e9ionis\u00e9e &lt; ; 0,1 \u03bcS issue de l&rsquo;hydrolyse, \u00e0 travers une membrane polym\u00e8re \u00e9changeuse d&rsquo;ions.<\/p><p>La dissociation \u00e9lectrolytique s\u00e9pare l&rsquo;eau en ses deux principaux composants : l&rsquo;hydrog\u00e8ne pr\u00eat \u00e0 \u00eatre analys\u00e9 et l&rsquo;oxyg\u00e8ne qui est rejet\u00e9 dans l&rsquo;air ambiant.<\/p><p>L&rsquo;hydrog\u00e8ne produit est s\u00e9ch\u00e9 en utilisant diff\u00e9rentes technologies, le s\u00e9chage par adsorption avec r\u00e9g\u00e9n\u00e9ration automatique sur deux cartouches et le s\u00e9chage Permapure. Selon la technologie de s\u00e9chage de l&rsquo;hydrog\u00e8ne, la puret\u00e9 du gaz obtenu sera diff\u00e9rente.<\/p><p>Le g\u00e9n\u00e9rateur d&rsquo;air z\u00e9ro est con\u00e7u pour recevoir de l&rsquo;air comprim\u00e9 provenant d&rsquo;un compresseur interne ou externe. Le compresseur sans huile d\u00e9livre l&rsquo;air \u00e0 travers un filtre d&rsquo;entr\u00e9e coalescent \u00e0 haute efficacit\u00e9 pour pi\u00e9ger l&rsquo;humidit\u00e9 qui pourrait endommager le syst\u00e8me. L&rsquo;air sortant du filtre p\u00e9n\u00e8tre dans un catalyseur au platine \u00e0 haute temp\u00e9rature qui oxyde les hydrocarbures et le monoxyde de carbone \u00e0 0,05 ppm. Cela r\u00e9duit le bruit de fond et augmente la sensibilit\u00e9 de vos analyses. Ensuite, un filtre \u00e0 particules de sortie est utilis\u00e9 pour emp\u00eacher tout type de particules d&rsquo;entrer dans l&rsquo;instrument d&rsquo;analyse.<\/p>\t\t\t\t\t\t<\/div>\n\t\t\t\t<\/div>\n\t\t\t\t<\/div>\n\t\t\t\t\t<\/div>\n\t\t\t\t<\/div>\n\t\t<div class=\"elementor-element elementor-element-fe7ab77 max-width e-flex e-con-boxed e-con e-parent\" data-id=\"fe7ab77\" data-element_type=\"container\" data-settings=\"{&quot;jet_parallax_layout_list&quot;:[]}\">\n\t\t\t\t\t<div class=\"e-con-inner\">\n\t\t<div class=\"elementor-element elementor-element-c1f303e e-con-full e-flex e-con e-child\" data-id=\"c1f303e\" data-element_type=\"container\" data-settings=\"{&quot;jet_parallax_layout_list&quot;:[]}\">\n\t\t\t\t<div class=\"elementor-element elementor-element-68ba46a elementor-widget elementor-widget-heading\" data-id=\"68ba46a\" data-element_type=\"widget\" data-widget_type=\"heading.default\">\n\t\t\t\t<div class=\"elementor-widget-container\">\n\t\t\t<h2 class=\"elementor-heading-title elementor-size-default\">Avantages d'un g\u00e9n\u00e9rateur d'hydrog\u00e8ne\/air par rapport aux bouteilles de gaz<\/h2>\t\t<\/div>\n\t\t\t\t<\/div>\n\t\t\t\t<div class=\"elementor-element elementor-element-af47420 elementor-widget elementor-widget-jet-accordion\" data-id=\"af47420\" data-element_type=\"widget\" data-widget_type=\"jet-accordion.default\">\n\t\t\t\t<div class=\"elementor-widget-container\">\n\t\t\t\t\t<div class=\"jet-accordion\" data-settings=\"{&quot;collapsible&quot;:true,&quot;ajaxTemplate&quot;:false,&quot;switchScrolling&quot;:false,&quot;switchScrollingOffset&quot;:0,&quot;switchScrollingDelay&quot;:500}\">\n\t\t\t<div class=\"jet-accordion__inner\">\n\t\t\t\t<div class=\"jet-accordion__item jet-toggle jet-toggle-move-up-effect active-toggle\">\n\t\t\t\t\t\t\t<div id=\"jet-toggle-control-1831\" class=\"jet-toggle__control elementor-menu-anchor\" data-toggle=\"1\" role=\"button\" tabindex=\"0\" aria-controls=\"jet-toggle-content-1831\" aria-expanded=\"true\" data-template-id=\"false\">\n\t\t\t\t\t\t\t\t<div class=\"jet-toggle__label-icon jet-toggle-icon-position-left\"><span class=\"jet-toggle__icon icon-normal jet-tabs-icon\"><i class=\"fas fa-caret-up\"><\/i><\/span><span class=\"jet-toggle__icon icon-active jet-tabs-icon\"><i class=\"fas fa-caret-down\"><\/i><\/span><\/div><div class=\"jet-toggle__label-text\">Suret\u00e9<\/div>\t\t\t\t\t\t\t<\/div>\n\t\t\t\t\t\t\t<div id=\"jet-toggle-content-1831\" class=\"jet-toggle__content\" data-toggle=\"1\" role=\"region\" data-template-id=\"false\">\n\t\t\t\t\t\t\t\t<div class=\"jet-toggle__content-inner\"><p>Pour plus de s\u00e9curit\u00e9, nos g\u00e9n\u00e9rateurs de gaz stockent tr\u00e8s peu d&rsquo;hydrog\u00e8ne et pas du tout d&rsquo;air en interne. L&rsquo;hydrog\u00e8ne et l&rsquo;air z\u00e9ro sont produits \u00e0 basse pression, contrairement aux bouteilles de gaz traditionnelles.<\/p><p>Les g\u00e9n\u00e9rateurs d&rsquo;hydrog\u00e8ne sont devenus la m\u00e9thode pr\u00e9f\u00e9r\u00e9e d&rsquo;utilisation de l&rsquo;hydrog\u00e8ne en laboratoire car ils sont plus s\u00fbrs, moins encombrants et moins dangereux que les bouteilles de gaz. Par simple \u00e9lectrolyse de l&rsquo;eau, nos g\u00e9n\u00e9rateurs d&rsquo;hydrog\u00e8ne fourniront, \u00e0 la demande, une qualit\u00e9 de gaz de haute puret\u00e9 dont vos applications ont besoin, comme l&rsquo;alimentation des d\u00e9tecteurs et des gaz vecteurs GC. Une fois install\u00e9, un g\u00e9n\u00e9rateur d&rsquo;hydrog\u00e8ne fournira de l&rsquo;hydrog\u00e8ne d&rsquo;une puret\u00e9 constante 24 heures par jour.<\/p><p>Un g\u00e9n\u00e9rateur combin\u00e9 hydrog\u00e8ne\/z\u00e9ro air \u00e9vite toute rupture d&rsquo;analyse par rapport aux bouteilles de gaz qui devront \u00eatre command\u00e9es et remplac\u00e9es et \u00e9limine le risque de variation de la qualit\u00e9 du gaz. En effet, lors du changement de bouteilles, des contaminants peuvent p\u00e9n\u00e9trer dans les conduites de gaz, ce qui affecte les r\u00e9sultats de l&rsquo;analyse.<\/p><\/div>\n\t\t\t\t\t\t\t<\/div>\n\t\t\t\t\t\t<\/div><div class=\"jet-accordion__item jet-toggle jet-toggle-move-up-effect \">\n\t\t\t\t\t\t\t<div id=\"jet-toggle-control-1832\" class=\"jet-toggle__control elementor-menu-anchor\" data-toggle=\"2\" role=\"button\" tabindex=\"0\" aria-controls=\"jet-toggle-content-1832\" aria-expanded=\"false\" data-template-id=\"false\">\n\t\t\t\t\t\t\t\t<div class=\"jet-toggle__label-icon jet-toggle-icon-position-left\"><span class=\"jet-toggle__icon icon-normal jet-tabs-icon\"><i class=\"fas fa-caret-up\"><\/i><\/span><span class=\"jet-toggle__icon icon-active jet-tabs-icon\"><i class=\"fas fa-caret-down\"><\/i><\/span><\/div><div class=\"jet-toggle__label-text\">Commodit\u00e9<\/div>\t\t\t\t\t\t\t<\/div>\n\t\t\t\t\t\t\t<div id=\"jet-toggle-content-1832\" class=\"jet-toggle__content\" data-toggle=\"2\" role=\"region\" data-template-id=\"false\">\n\t\t\t\t\t\t\t\t<div class=\"jet-toggle__content-inner\"><p>Nos g\u00e9n\u00e9rateurs de gaz fonctionnent en continu pour fournir de l&rsquo;hydrog\u00e8ne et de l&rsquo;air z\u00e9ro \u00e0 tout moment, \u00e9liminant ainsi le risque de manquer de gaz pendant l&rsquo;analyse. Ne perdez pas de temps \u00e0 commander, recevoir, stocker et changer de bouteilles ! Concentrez-vous sur ce qui est vraiment important pour le laboratoire, \u00e0 savoir l&rsquo;analyse.<\/p><p>De plus, cette solution \u00e0 deux gaz dans une seule bo\u00eete vous permet d&rsquo;\u00e9conomiser de l&rsquo;espace dans votre laboratoire.<\/p><\/div>\n\t\t\t\t\t\t\t<\/div>\n\t\t\t\t\t\t<\/div>\t\t\t\t\t\t\t\t<\/div>\n\t\t<\/div>\n\t\t\t\t<\/div>\n\t\t\t\t<\/div>\n\t\t\t\t<\/div>\n\t\t<div class=\"elementor-element elementor-element-a4adecc elementor-hidden-mobile e-con-full elementor-hidden-desktop elementor-hidden-tablet_extra elementor-hidden-tablet elementor-hidden-mobile_extra e-flex e-con e-child\" data-id=\"a4adecc\" data-element_type=\"container\" data-settings=\"{&quot;jet_parallax_layout_list&quot;:[]}\">\n\t\t\t\t<\/div>\n\t\t\t\t\t<\/div>\n\t\t\t\t<\/div>\n\t\t<div class=\"elementor-element elementor-element-fe03d62 max-width e-flex e-con-boxed e-con e-parent\" data-id=\"fe03d62\" data-element_type=\"container\" data-settings=\"{&quot;jet_parallax_layout_list&quot;:[]}\">\n\t\t\t\t\t<div class=\"e-con-inner\">\n\t\t<div class=\"elementor-element elementor-element-e167e81 e-con-full e-flex e-con e-child\" data-id=\"e167e81\" data-element_type=\"container\" data-settings=\"{&quot;jet_parallax_layout_list&quot;:[]}\">\n\t\t\t\t<div class=\"elementor-element elementor-element-ad72d96 elementor-widget elementor-widget-heading\" data-id=\"ad72d96\" data-element_type=\"widget\" data-widget_type=\"heading.default\">\n\t\t\t\t<div class=\"elementor-widget-container\">\n\t\t\t<h2 class=\"elementor-heading-title elementor-size-default\">The F-DGSi range<\/h2>\t\t<\/div>\n\t\t\t\t<\/div>\n\t\t\t\t<div class=\"elementor-element elementor-element-0ff58e8 elementor-widget elementor-widget-heading\" data-id=\"0ff58e8\" data-element_type=\"widget\" data-widget_type=\"heading.default\">\n\t\t\t\t<div class=\"elementor-widget-container\">\n\t\t\t<h2 class=\"elementor-heading-title elementor-size-default\">GC <\/h2>\t\t<\/div>\n\t\t\t\t<\/div>\n\t\t\t\t<div class=\"elementor-element elementor-element-ebf9ae9 elementor-widget elementor-widget-text-editor\" data-id=\"ebf9ae9\" data-element_type=\"widget\" data-widget_type=\"text-editor.default\">\n\t\t\t\t<div class=\"elementor-widget-container\">\n\t\t\t\t\t\t\t<p>Si vous \u00eates \u00e0 la recherche d&rsquo;un g\u00e9n\u00e9rateur d&rsquo;hydrog\u00e8ne\/air z\u00e9ro sur lequel vous pouvez compter pour la chromatographie en phase gazeuse (GC), regardez ci-dessous !<\/p>\t\t\t\t\t\t<\/div>\n\t\t\t\t<\/div>\n\t\t\t\t<\/div>\n\t\t\t\t\t<\/div>\n\t\t\t\t<\/div>\n\t\t<div class=\"elementor-element elementor-element-219b113 e-flex e-con-boxed e-con e-parent\" data-id=\"219b113\" data-element_type=\"container\" data-settings=\"{&quot;jet_parallax_layout_list&quot;:[]}\">\n\t\t\t\t\t<div class=\"e-con-inner\">\n\t\t<div class=\"elementor-element elementor-element-b3f2168 e-con-full e-flex e-con e-child\" data-id=\"b3f2168\" data-element_type=\"container\" data-settings=\"{&quot;background_background&quot;:&quot;classic&quot;,&quot;jet_parallax_layout_list&quot;:[]}\">\n\t\t\t\t<div class=\"elementor-element elementor-element-e58fbee elementor-widget elementor-widget-heading\" data-id=\"e58fbee\" data-element_type=\"widget\" data-widget_type=\"heading.default\">\n\t\t\t\t<div class=\"elementor-widget-container\">\n\t\t\t<h2 class=\"elementor-heading-title elementor-size-default\">Information request<\/h2>\t\t<\/div>\n\t\t\t\t<\/div>\n\t\t\t\t<div class=\"elementor-element elementor-element-24809ce elementor-widget elementor-widget-text-editor\" data-id=\"24809ce\" data-element_type=\"widget\" data-widget_type=\"text-editor.default\">\n\t\t\t\t<div class=\"elementor-widget-container\">\n\t\t\t\t\t\t\t<p>Need more information about this product?<br \/>Please contact us at info@f-dgs.com or fill the form.<\/p>\t\t\t\t\t\t<\/div>\n\t\t\t\t<\/div>\n\t\t\t\t<div class=\"elementor-element elementor-element-3c45dff elementor-widget elementor-widget-jet-engine-booking-form\" data-id=\"3c45dff\" data-element_type=\"widget\" data-widget_type=\"jet-engine-booking-form.default\">\n\t\t\t\t<div class=\"elementor-widget-container\">\n\t\t\t<form  class=\"jet-form layout-column submit-type-reload\" action=\"\/fr\/wp-json\/wp\/v2\/pages\/7187?jet_engine_action=book&#038;nocache=1778510406\" method=\"POST\" data-form-id=\"7812\"><input class=\"jet-form__field hidden-field\" type=\"hidden\" name=\"_jet_engine_booking_form_id\" value=\"7812\" data-field-name=\"_jet_engine_booking_form_id\"><input class=\"jet-form__field hidden-field\" type=\"hidden\" name=\"_jet_engine_refer\" value=\"https:\/\/www.f-dgs.com\/fr\/wp-json\/wp\/v2\/pages\/7187\/\" data-field-name=\"_jet_engine_refer\"><div  class=\"jet-form-row jet-form-row--hidden\"><div class=\"jet-form-col jet-form-col-12  field-type-hidden  jet-form-field-container\" data-field=\"post_id\" data-conditional=\"false\"><input class=\"jet-form__field hidden-field\" type=\"hidden\" name=\"post_id\" value=\"7187\" data-field-name=\"post_id\"><\/div><\/div><div  class=\"jet-form-row jet-form-row--first-visible\"><div class=\"jet-form-col jet-form-col-4  field-type-text  jet-form-field-container\" data-field=\"your_name\" data-conditional=\"false\"><div class=\"jet-form__label\">\n\t<span class=\"jet-form__label-text\" >Nom<span class=\"jet-form__required\">*<\/span><\/span>\n\t<\/div><input class=\"jet-form__field text-field \" placeholder=\"Nom\" value=\"\" required=\"required\" name=\"your_name\" id=\"your_name\" type=\"text\" data-field-name=\"your_name\"><\/div><div class=\"jet-form-col jet-form-col-4  field-type-text  jet-form-field-container\" data-field=\"your_email\" data-conditional=\"false\"><div class=\"jet-form__label\">\n\t<span class=\"jet-form__label-text\" >Email<span class=\"jet-form__required\">*<\/span><\/span>\n\t<\/div><input class=\"jet-form__field text-field \" placeholder=\"Email\" value=\"\" required=\"required\" name=\"your_email\" id=\"your_email\" type=\"email\" data-field-name=\"your_email\"><\/div><div class=\"jet-form-col jet-form-col-4  field-type-text  jet-form-field-container\" data-field=\"your_phone\" data-conditional=\"false\"><div class=\"jet-form__label\">\n\t<span class=\"jet-form__label-text\" >T\u00e9l\u00e9phone<span class=\"jet-form__required\">*<\/span><\/span>\n\t<\/div><input class=\"jet-form__field text-field \" placeholder=\"T\u00e9l\u00e9phone\" value=\"\" required=\"required\" name=\"your_phone\" id=\"your_phone\" type=\"tel\" data-field-name=\"your_phone\"><\/div><\/div><div  class=\"jet-form-row\"><div class=\"jet-form-col jet-form-col-4  field-type-text  jet-form-field-container\" data-field=\"name_company\" data-conditional=\"false\"><div class=\"jet-form__label\">\n\t<span class=\"jet-form__label-text\" >Soci\u00e9t\u00e9<span class=\"jet-form__required\">*<\/span><\/span>\n\t<\/div><input class=\"jet-form__field text-field \" placeholder=\"Soci\u00e9t\u00e9\" value=\"\" required=\"required\" name=\"name_company\" id=\"name_company\" type=\"text\" data-field-name=\"name_company\"><\/div><div class=\"jet-form-col jet-form-col-4  field-type-text  jet-form-field-container\" data-field=\"your_role\" data-conditional=\"false\"><div class=\"jet-form__label\">\n\t<span class=\"jet-form__label-text\" >R\u00f4le<span class=\"jet-form__required\">*<\/span><\/span>\n\t<\/div><input class=\"jet-form__field text-field \" placeholder=\"R\u00f4le\" value=\"\" required=\"required\" name=\"your_role\" id=\"your_role\" type=\"text\" data-field-name=\"your_role\"><\/div><div class=\"jet-form-col jet-form-col-4  field-type-text  jet-form-field-container\" data-field=\"your_country\" data-conditional=\"false\"><div class=\"jet-form__label\">\n\t<span class=\"jet-form__label-text\" >Pays<span class=\"jet-form__required\">*<\/span><\/span>\n\t<\/div><input class=\"jet-form__field text-field \" placeholder=\"Pays\" value=\"\" required=\"required\" name=\"your_country\" id=\"your_country\" type=\"text\" data-field-name=\"your_country\"><\/div><\/div><div  class=\"jet-form-row\"><div class=\"jet-form-col jet-form-col-12  field-type-select  jet-form-field-container\" data-field=\"know_fdgs\" data-conditional=\"false\"><div class=\"jet-form__label\">\n\t<span class=\"jet-form__label-text\" >Comment vous nous avez connue ?<span class=\"jet-form__required\">*<\/span><\/span>\n\t<\/div><select  required=\"required\" name=\"know_fdgs\" data-field-name=\"know_fdgs\" id=\"know_fdgs\" data-default-val=\"Choose an option\" class=\"jet-form__field select-field\"><option value=\"Search engine\" >Moteur de recherche<\/option><option value=\"recomRecommendation from a customermendation\" >Recommandation client<\/option><option value=\"From a colleague\" >Gr\u00e2ce \u00e0 un coll\u00e8gue<\/option><option value=\"Publicity (LabMate, Gazette du Labo, ...)\" >Publicit\u00e9 (LabMate, Gazette du Labo, ...)<\/option><option value=\"Social media (LinkedIn)\" >R\u00e9seaux sociaux (LinkedIn)<\/option><option value=\"Other\" >Autre<\/option><\/select><\/div><\/div><div  class=\"jet-form-row\"><div class=\"jet-form-col jet-form-col-12  field-type-select  jet-form-field-container\" data-field=\"what_request\" data-conditional=\"false\"><div class=\"jet-form__label\">\n\t<span class=\"jet-form__label-text\" >Quelle est votre demande ?<span class=\"jet-form__required\">*<\/span><\/span>\n\t<\/div><select  required=\"required\" name=\"what_request\" data-field-name=\"what_request\" id=\"what_request\" data-default-val=\"\" class=\"jet-form__field select-field\"><option value=\"request-quote\" >Demander un devis<\/option><option value=\"request-info\" >Recevoir des informations<\/option><option value=\"technical-support\" >Support technique<\/option><option value=\"service-contract\" >Contrats de service<\/option><option value=\"receive-info\" >Recevoir des informations sur nos services<\/option><option value=\"general-inquiry\" >Informations g\u00e9n\u00e9rales<\/option><\/select><\/div><\/div><div  class=\"jet-form-row\"><div class=\"jet-form-col jet-form-col-12  field-type-textarea  jet-form-field-container\" data-field=\"your_message\" data-conditional=\"false\"><div class=\"jet-form__label\">\n\t<span class=\"jet-form__label-text\" >Message<span class=\"jet-form__required\">*<\/span><\/span>\n\t<\/div><textarea class=\"jet-form__field textarea-field\" placeholder=\"Message\" required=\"required\" name=\"your_message\" data-field-name=\"your_message\" id=\"your_message\" minlength=\"20\"><\/textarea><\/div><\/div><div  class=\"jet-form-row\"><div class=\"jet-form-col jet-form-col-12  field-type-checkboxes  jet-form-field-container\" data-field=\"stored_data\" data-conditional=\"false\"><div class=\"jet-form__fields-group checkradio-wrap\">\t\t<div class=\"jet-form__field-wrap checkboxes-wrap checkradio-wrap\">\n\t\t\t\t\t\t<label class=\"jet-form__field-label\">\n\t\t\t\t<input\n\t\t\t\t\ttype=\"checkbox\"\n\t\t\t\t\tname=\"stored_data\"\n\t\t\t\t\tclass=\"jet-form__field checkboxes-field checkradio-field checkboxes-required\"\n\t\t\t\t\tvalue=\"agreed_1\"\n\t\t\t\t\tdata-field-name=\"stored_data\"\n\t\t\t\t\t\t\t\t\t\trequired=\"required\"\t\t\t\t\t\t\t\t\t>\n\t\t\t\tJ'accepte que mes donn\u00e9es soient utilis\u00e9es \u00e0 des fins de marketing\t\t\t<\/label>\n\t\t<\/div>\n\t\t<\/div><\/div><\/div><div  class=\"jet-form-row jet-form-row--submit\"><div class=\"jet-form-col jet-form-col-12  field-type-submit  jet-form-field-container\" data-field=\"Submit\" data-conditional=\"false\"><div class=\"jet-form__submit-wrap\">\n\t\t<button class=\"jet-form__submit submit-type-reload\" type=\"submit\">Envoyer<\/button>\n<\/div><\/div><\/div><div  class=\"jet-form-row jet-form-row--hidden\"><div class=\"jet-form-col jet-form-col-12  field-type-hidden  jet-form-field-container\" data-field=\"link_title_name\" data-conditional=\"false\"><input class=\"jet-form__field hidden-field\" type=\"hidden\" name=\"link_title_name\" value=\"G\u00e9n\u00e9rateurs combin\u00e9s d&rsquo;hydrog\u00e8ne\/air\" data-field-name=\"link_title_name\"><\/div><\/div><input class=\"jet-form__field hidden-field\" type=\"hidden\" name=\"_jet_engine_nonce\" value=\"ce4dc03bb2\" data-field-name=\"_jet_engine_nonce\"><\/form>\t\t<\/div>\n\t\t\t\t<\/div>\n\t\t\t\t<\/div>\n\t\t\t\t\t<\/div>\n\t\t\t\t<\/div>\n\t\t\t\t<\/div>\n\t\t","protected":false},"excerpt":{"rendered":"<p>Accueil G\u00c9N\u00c9RATEURS COMBIN\u00c9S D&rsquo;HYDROG\u00c8NE ET D&rsquo;AIR L&rsquo;alternative plus s\u00fbre et plus pratique \u00e0 l&rsquo;h\u00e9lium pour le gaz vecteur de la chromatographie en phase gazeuse et le d\u00e9tecteur FID. Pour garantir des r\u00e9sultats d&rsquo;analyse GC-FID et GC-MS fiables, il est essentiel de disposer d&rsquo;une alimentation en hydrog\u00e8ne et en air z\u00e9ro de haute qualit\u00e9. F-DGSi propose [&hellip;]<\/p>\n","protected":false},"author":5,"featured_media":0,"parent":9045,"menu_order":0,"comment_status":"closed","ping_status":"closed","template":"elementor_header_footer","meta":{"footnotes":""},"class_list":["post-7187","page","type-page","status-publish","hentry"],"_links":{"self":[{"href":"https:\/\/www.f-dgs.com\/fr\/wp-json\/wp\/v2\/pages\/7187","targetHints":{"allow":["GET"]}}],"collection":[{"href":"https:\/\/www.f-dgs.com\/fr\/wp-json\/wp\/v2\/pages"}],"about":[{"href":"https:\/\/www.f-dgs.com\/fr\/wp-json\/wp\/v2\/types\/page"}],"author":[{"embeddable":true,"href":"https:\/\/www.f-dgs.com\/fr\/wp-json\/wp\/v2\/users\/5"}],"replies":[{"embeddable":true,"href":"https:\/\/www.f-dgs.com\/fr\/wp-json\/wp\/v2\/comments?post=7187"}],"version-history":[{"count":3,"href":"https:\/\/www.f-dgs.com\/fr\/wp-json\/wp\/v2\/pages\/7187\/revisions"}],"predecessor-version":[{"id":12174,"href":"https:\/\/www.f-dgs.com\/fr\/wp-json\/wp\/v2\/pages\/7187\/revisions\/12174"}],"up":[{"embeddable":true,"href":"https:\/\/www.f-dgs.com\/fr\/wp-json\/wp\/v2\/pages\/9045"}],"wp:attachment":[{"href":"https:\/\/www.f-dgs.com\/fr\/wp-json\/wp\/v2\/media?parent=7187"}],"curies":[{"name":"wp","href":"https:\/\/api.w.org\/{rel}","templated":true}]}}