{"id":7181,"date":"2022-03-07T14:59:40","date_gmt":"2022-03-07T13:59:40","guid":{"rendered":"https:\/\/www.f-dgs.com\/?page_id=7181"},"modified":"2025-05-18T17:13:18","modified_gmt":"2025-05-18T15:13:18","slug":"contact","status":"publish","type":"page","link":"https:\/\/www.f-dgs.com\/fr\/contact\/","title":{"rendered":"Contact"},"content":{"rendered":"\t\t<div data-elementor-type=\"wp-page\" data-elementor-id=\"7181\" class=\"elementor elementor-7181\" data-elementor-post-type=\"page\">\n\t\t\t\t<div class=\"elementor-element elementor-element-49f5452 e-flex e-con-boxed e-con e-parent\" data-id=\"49f5452\" data-element_type=\"container\" data-settings=\"{&quot;jet_parallax_layout_list&quot;:[]}\">\n\t\t\t\t\t<div class=\"e-con-inner\">\n\t\t<div class=\"elementor-element elementor-element-df5c94d e-con-full e-flex e-con e-child\" data-id=\"df5c94d\" data-element_type=\"container\" data-settings=\"{&quot;jet_parallax_layout_list&quot;:[]}\">\n\t\t\t\t<div class=\"elementor-element elementor-element-9125aa0 elementor-widget elementor-widget-heading\" data-id=\"9125aa0\" data-element_type=\"widget\" data-widget_type=\"heading.default\">\n\t\t\t\t<div class=\"elementor-widget-container\">\n\t\t\t<h2 class=\"elementor-heading-title elementor-size-default\">Demande d'information<\/h2>\t\t<\/div>\n\t\t\t\t<\/div>\n\t\t\t\t<div class=\"elementor-element elementor-element-75f6d87 elementor-widget elementor-widget-text-editor\" data-id=\"75f6d87\" data-element_type=\"widget\" data-widget_type=\"text-editor.default\">\n\t\t\t\t<div class=\"elementor-widget-container\">\n\t\t\t\t\t\t\t<p>Chez F-DGSi, nous nous concentrons sur la fourniture d&rsquo;un haut niveau de service en ce qui concerne nos produits et notre support sur site, tout en veillant \u00e0 r\u00e9pondre \u00e0 vos attentes.<\/p><p>Veuillez nous contacter en s\u00e9lectionnant le type de demande appropri\u00e9 et en compl\u00e9tant autant d&rsquo;informations que possible afin que nous puissions nous assurer que votre demande est envoy\u00e9e au membre de l&rsquo;\u00e9quipe F-DGSi appropri\u00e9 le plus rapidement possible.<\/p>\t\t\t\t\t\t<\/div>\n\t\t\t\t<\/div>\n\t\t\t\t<div class=\"elementor-element elementor-element-6f3de91 elementor-hidden-desktop elementor-hidden-tablet_extra elementor-hidden-tablet elementor-hidden-mobile_extra elementor-hidden-mobile elementor-widget elementor-widget-jet-engine-booking-form\" data-id=\"6f3de91\" data-element_type=\"widget\" data-widget_type=\"jet-engine-booking-form.default\">\n\t\t\t\t<div class=\"elementor-widget-container\">\n\t\t\t<form  class=\"jet-form layout-column submit-type-reload\" action=\"\/fr\/wp-json\/wp\/v2\/pages\/7181?jet_engine_action=book&#038;nocache=1777491643\" method=\"POST\" data-form-id=\"7812\"><input class=\"jet-form__field hidden-field\" type=\"hidden\" name=\"_jet_engine_booking_form_id\" value=\"7812\" data-field-name=\"_jet_engine_booking_form_id\"><input class=\"jet-form__field hidden-field\" type=\"hidden\" name=\"_jet_engine_refer\" value=\"https:\/\/www.f-dgs.com\/fr\/wp-json\/wp\/v2\/pages\/7181\/\" data-field-name=\"_jet_engine_refer\"><div  class=\"jet-form-row jet-form-row--hidden\"><div class=\"jet-form-col jet-form-col-12  field-type-hidden  jet-form-field-container\" data-field=\"post_id\" data-conditional=\"false\"><input class=\"jet-form__field hidden-field\" type=\"hidden\" name=\"post_id\" value=\"7181\" data-field-name=\"post_id\"><\/div><\/div><div  class=\"jet-form-row jet-form-row--first-visible\"><div class=\"jet-form-col jet-form-col-4  field-type-text  jet-form-field-container\" data-field=\"your_name\" data-conditional=\"false\"><div class=\"jet-form__label\">\n\t<span class=\"jet-form__label-text\" >Nom<span class=\"jet-form__required\">*<\/span><\/span>\n\t<\/div><input class=\"jet-form__field text-field \" placeholder=\"Nom\" value=\"\" required=\"required\" name=\"your_name\" id=\"your_name\" type=\"text\" data-field-name=\"your_name\"><\/div><div class=\"jet-form-col jet-form-col-4  field-type-text  jet-form-field-container\" data-field=\"your_email\" data-conditional=\"false\"><div class=\"jet-form__label\">\n\t<span class=\"jet-form__label-text\" >Email<span class=\"jet-form__required\">*<\/span><\/span>\n\t<\/div><input class=\"jet-form__field text-field \" placeholder=\"Email\" value=\"\" required=\"required\" name=\"your_email\" id=\"your_email\" type=\"email\" data-field-name=\"your_email\"><\/div><div class=\"jet-form-col jet-form-col-4  field-type-text  jet-form-field-container\" data-field=\"your_phone\" data-conditional=\"false\"><div class=\"jet-form__label\">\n\t<span class=\"jet-form__label-text\" >T\u00e9l\u00e9phone<span class=\"jet-form__required\">*<\/span><\/span>\n\t<\/div><input class=\"jet-form__field text-field \" placeholder=\"T\u00e9l\u00e9phone\" value=\"\" required=\"required\" name=\"your_phone\" id=\"your_phone\" type=\"tel\" data-field-name=\"your_phone\"><\/div><\/div><div  class=\"jet-form-row\"><div class=\"jet-form-col jet-form-col-4  field-type-text  jet-form-field-container\" data-field=\"name_company\" data-conditional=\"false\"><div class=\"jet-form__label\">\n\t<span class=\"jet-form__label-text\" >Soci\u00e9t\u00e9<span class=\"jet-form__required\">*<\/span><\/span>\n\t<\/div><input class=\"jet-form__field text-field \" placeholder=\"Soci\u00e9t\u00e9\" value=\"\" required=\"required\" name=\"name_company\" id=\"name_company\" type=\"text\" data-field-name=\"name_company\"><\/div><div class=\"jet-form-col jet-form-col-4  field-type-text  jet-form-field-container\" data-field=\"your_role\" data-conditional=\"false\"><div class=\"jet-form__label\">\n\t<span class=\"jet-form__label-text\" >R\u00f4le<span class=\"jet-form__required\">*<\/span><\/span>\n\t<\/div><input class=\"jet-form__field text-field \" placeholder=\"R\u00f4le\" value=\"\" required=\"required\" name=\"your_role\" id=\"your_role\" type=\"text\" data-field-name=\"your_role\"><\/div><div class=\"jet-form-col jet-form-col-4  field-type-text  jet-form-field-container\" data-field=\"your_country\" data-conditional=\"false\"><div class=\"jet-form__label\">\n\t<span class=\"jet-form__label-text\" >Pays<span class=\"jet-form__required\">*<\/span><\/span>\n\t<\/div><input class=\"jet-form__field text-field \" placeholder=\"Pays\" value=\"\" required=\"required\" name=\"your_country\" id=\"your_country\" type=\"text\" data-field-name=\"your_country\"><\/div><\/div><div  class=\"jet-form-row\"><div class=\"jet-form-col jet-form-col-12  field-type-select  jet-form-field-container\" data-field=\"know_fdgs\" data-conditional=\"false\"><div class=\"jet-form__label\">\n\t<span class=\"jet-form__label-text\" >Comment vous nous avez connue ?<span class=\"jet-form__required\">*<\/span><\/span>\n\t<\/div><select  required=\"required\" name=\"know_fdgs\" data-field-name=\"know_fdgs\" id=\"know_fdgs\" data-default-val=\"Choose an option\" class=\"jet-form__field select-field\"><option value=\"Search engine\" >Moteur de recherche<\/option><option value=\"recomRecommendation from a customermendation\" >Recommandation client<\/option><option value=\"From a colleague\" >Gr\u00e2ce \u00e0 un coll\u00e8gue<\/option><option value=\"Publicity (LabMate, Gazette du Labo, ...)\" >Publicit\u00e9 (LabMate, Gazette du Labo, ...)<\/option><option value=\"Social media (LinkedIn)\" >R\u00e9seaux sociaux (LinkedIn)<\/option><option value=\"Other\" >Autre<\/option><\/select><\/div><\/div><div  class=\"jet-form-row\"><div class=\"jet-form-col jet-form-col-12  field-type-select  jet-form-field-container\" data-field=\"what_request\" data-conditional=\"false\"><div class=\"jet-form__label\">\n\t<span class=\"jet-form__label-text\" >Quelle est votre demande ?<span class=\"jet-form__required\">*<\/span><\/span>\n\t<\/div><select  required=\"required\" name=\"what_request\" data-field-name=\"what_request\" id=\"what_request\" data-default-val=\"\" class=\"jet-form__field select-field\"><option value=\"request-quote\" >Demander un devis<\/option><option value=\"request-info\" >Recevoir des informations<\/option><option value=\"technical-support\" >Support technique<\/option><option value=\"service-contract\" >Contrats de service<\/option><option value=\"receive-info\" >Recevoir des informations sur nos services<\/option><option value=\"general-inquiry\" >Informations g\u00e9n\u00e9rales<\/option><\/select><\/div><\/div><div  class=\"jet-form-row\"><div class=\"jet-form-col jet-form-col-12  field-type-textarea  jet-form-field-container\" data-field=\"your_message\" data-conditional=\"false\"><div class=\"jet-form__label\">\n\t<span class=\"jet-form__label-text\" >Message<span class=\"jet-form__required\">*<\/span><\/span>\n\t<\/div><textarea class=\"jet-form__field textarea-field\" placeholder=\"Message\" required=\"required\" name=\"your_message\" data-field-name=\"your_message\" id=\"your_message\" minlength=\"20\"><\/textarea><\/div><\/div><div  class=\"jet-form-row\"><div class=\"jet-form-col jet-form-col-12  field-type-checkboxes  jet-form-field-container\" data-field=\"stored_data\" data-conditional=\"false\"><div class=\"jet-form__fields-group checkradio-wrap\">\t\t<div class=\"jet-form__field-wrap checkboxes-wrap checkradio-wrap\">\n\t\t\t\t\t\t<label class=\"jet-form__field-label\">\n\t\t\t\t<input\n\t\t\t\t\ttype=\"checkbox\"\n\t\t\t\t\tname=\"stored_data\"\n\t\t\t\t\tclass=\"jet-form__field checkboxes-field checkradio-field checkboxes-required\"\n\t\t\t\t\tvalue=\"agreed_1\"\n\t\t\t\t\tdata-field-name=\"stored_data\"\n\t\t\t\t\t\t\t\t\t\trequired=\"required\"\t\t\t\t\t\t\t\t\t>\n\t\t\t\tJ'accepte que mes donn\u00e9es soient utilis\u00e9es \u00e0 des fins de marketing\t\t\t<\/label>\n\t\t<\/div>\n\t\t<\/div><\/div><\/div><div  class=\"jet-form-row jet-form-row--submit\"><div class=\"jet-form-col jet-form-col-12  field-type-submit  jet-form-field-container\" data-field=\"Submit\" data-conditional=\"false\"><div class=\"jet-form__submit-wrap\">\n\t\t<button class=\"jet-form__submit submit-type-reload\" type=\"submit\">Envoyer<\/button>\n<\/div><\/div><\/div><div  class=\"jet-form-row jet-form-row--hidden\"><div class=\"jet-form-col jet-form-col-12  field-type-hidden  jet-form-field-container\" data-field=\"link_title_name\" data-conditional=\"false\"><input class=\"jet-form__field hidden-field\" type=\"hidden\" name=\"link_title_name\" value=\"Contact\" data-field-name=\"link_title_name\"><\/div><\/div><input class=\"jet-form__field hidden-field\" type=\"hidden\" name=\"_jet_engine_nonce\" value=\"497b087f56\" data-field-name=\"_jet_engine_nonce\"><\/form>\t\t<\/div>\n\t\t\t\t<\/div>\n\t\t\t\t<\/div>\n\t\t\t\t\t<\/div>\n\t\t\t\t<\/div>\n\t\t<div class=\"elementor-element elementor-element-2e4385c max-width e-flex e-con-boxed e-con e-parent\" data-id=\"2e4385c\" data-element_type=\"container\" data-settings=\"{&quot;jet_parallax_layout_list&quot;:[]}\">\n\t\t\t\t\t<div class=\"e-con-inner\">\n\t\t\t\t<div class=\"elementor-element elementor-element-03bb0c3 elementor-widget elementor-widget-text-editor\" data-id=\"03bb0c3\" data-element_type=\"widget\" data-widget_type=\"text-editor.default\">\n\t\t\t\t<div class=\"elementor-widget-container\">\n\t\t\t\t\t\t\t<iframe style=\"width: 100%; height: 1000px; border: none;\" title=\"Mon iframe\" src=\"https:\/\/fdgsi.odoo.com\/contact-fr\" name=\"contact-form\" allowfullscreen=\"allowfullscreen\"><span data-mce-type=\"bookmark\" style=\"display: inline-block; width: 0px; overflow: hidden; line-height: 0;\" class=\"mce_SELRES_start\">\ufeff<\/span><span data-mce-type=\"bookmark\" style=\"display: inline-block; width: 0px; overflow: hidden; line-height: 0;\" class=\"mce_SELRES_start\">\ufeff<\/span><span data-mce-type=\"bookmark\" style=\"display: inline-block; width: 0px; overflow: hidden; line-height: 0;\" class=\"mce_SELRES_start\">\ufeff<\/span><\/iframe>\t\t\t\t\t\t<\/div>\n\t\t\t\t<\/div>\n\t\t<div class=\"elementor-element elementor-element-87eb9d6 e-con-full e-flex e-con e-child\" data-id=\"87eb9d6\" data-element_type=\"container\" data-settings=\"{&quot;background_background&quot;:&quot;classic&quot;,&quot;jet_parallax_layout_list&quot;:[]}\">\n\t\t\t\t<div class=\"elementor-element elementor-element-7f0fada elementor-widget elementor-widget-heading\" data-id=\"7f0fada\" data-element_type=\"widget\" data-widget_type=\"heading.default\">\n\t\t\t\t<div class=\"elementor-widget-container\">\n\t\t\t<h2 class=\"elementor-heading-title elementor-size-default\">Emplacements des bureaux F-DGSi<\/h2>\t\t<\/div>\n\t\t\t\t<\/div>\n\t\t\t\t<div class=\"elementor-element elementor-element-198203c elementor-widget elementor-widget-text-editor\" data-id=\"198203c\" data-element_type=\"widget\" data-widget_type=\"text-editor.default\">\n\t\t\t\t<div class=\"elementor-widget-container\">\n\t\t\t\t\t\t\t<p>Que ce soit pour un conseil, une installation de machine, un entretien r\u00e9gulier ou une panne, nous sommes pr\u00eats \u00e0 vous soutenir avec des conseils, une assistance et un service.<\/p><p><strong>N\u2019h\u00e9sitez pas \u00e0 nous contacter pour toutes questions.<\/strong><\/p>\t\t\t\t\t\t<\/div>\n\t\t\t\t<\/div>\n\t\t<div class=\"elementor-element elementor-element-52425a5 e-con-full e-flex e-con e-child\" data-id=\"52425a5\" data-element_type=\"container\" data-settings=\"{&quot;background_background&quot;:&quot;classic&quot;,&quot;jet_parallax_layout_list&quot;:[]}\">\n\t\t\t\t<div class=\"elementor-element elementor-element-2bc91e3 elementor-widget__width-auto elementor-widget elementor-widget-text-editor\" data-id=\"2bc91e3\" data-element_type=\"widget\" data-widget_type=\"text-editor.default\">\n\t\t\t\t<div class=\"elementor-widget-container\">\n\t\t\t\t\t\t\t<h3><strong>F-DGSi France<br \/><\/strong><\/h3><p>F-DGSi SAS<br \/>365 Avenue de Rio<br \/>77127 Lieusaint, France<br \/>Tel : +33(0)1 64 98 21 00<br \/>Fax : +33(0)1 64 98 00 43<br \/>Mail : info@f-dgs.com<\/p>\t\t\t\t\t\t<\/div>\n\t\t\t\t<\/div>\n\t\t\t\t<div class=\"elementor-element elementor-element-ba8dc98 elementor-widget__width-auto elementor-widget elementor-widget-text-editor\" data-id=\"ba8dc98\" data-element_type=\"widget\" data-widget_type=\"text-editor.default\">\n\t\t\t\t<div class=\"elementor-widget-container\">\n\t\t\t\t\t\t\t<h3><strong>F-DGSi India<br \/><\/strong><\/h3><p>F-DGSi India Pvt. Ltd.<br \/>Tholons Tower, 1st Floor,<br \/>346 17th Cross, Dollars Colony,<br \/>Bangalore 560094, India<br \/>Tel: +91 8431 408 225<br \/>Mail : info@f-dgs.com<\/p>\t\t\t\t\t\t<\/div>\n\t\t\t\t<\/div>\n\t\t\t\t<div class=\"elementor-element elementor-element-927920b elementor-widget__width-auto elementor-widget elementor-widget-text-editor\" data-id=\"927920b\" data-element_type=\"widget\" data-widget_type=\"text-editor.default\">\n\t\t\t\t<div class=\"elementor-widget-container\">\n\t\t\t\t\t\t\t<h3><strong>F-DGSi\u00a0<\/strong><b>United States<\/b><strong><br \/><\/strong><\/h3><p>F-DGSi Inc.<br \/>Boston, USA<br \/>Tel: +1(617) 576-2005<br \/>Fax: +1(617) 576-2001<br \/>Mail : info@f-dgs.com<\/p>\t\t\t\t\t\t<\/div>\n\t\t\t\t<\/div>\n\t\t\t\t<\/div>\n\t\t\t\t<\/div>\n\t\t<div class=\"elementor-element elementor-element-606df80 e-con-full max-width e-flex e-con e-child\" data-id=\"606df80\" data-element_type=\"container\" data-settings=\"{&quot;jet_parallax_layout_list&quot;:[]}\">\n\t\t\t\t<\/div>\n\t\t\t\t\t<\/div>\n\t\t\t\t<\/div>\n\t\t\t\t<\/div>\n\t\t","protected":false},"excerpt":{"rendered":"<p>Demande d&rsquo;information Chez F-DGSi, nous nous concentrons sur la fourniture d&rsquo;un haut niveau de service en ce qui concerne nos produits et notre support sur site, tout en veillant \u00e0 r\u00e9pondre \u00e0 vos attentes. Veuillez nous contacter en s\u00e9lectionnant le type de demande appropri\u00e9 et en compl\u00e9tant autant d&rsquo;informations que possible afin que nous puissions [&hellip;]<\/p>\n","protected":false},"author":5,"featured_media":0,"parent":0,"menu_order":0,"comment_status":"closed","ping_status":"closed","template":"elementor_header_footer","meta":{"footnotes":""},"class_list":["post-7181","page","type-page","status-publish","hentry"],"_links":{"self":[{"href":"https:\/\/www.f-dgs.com\/fr\/wp-json\/wp\/v2\/pages\/7181","targetHints":{"allow":["GET"]}}],"collection":[{"href":"https:\/\/www.f-dgs.com\/fr\/wp-json\/wp\/v2\/pages"}],"about":[{"href":"https:\/\/www.f-dgs.com\/fr\/wp-json\/wp\/v2\/types\/page"}],"author":[{"embeddable":true,"href":"https:\/\/www.f-dgs.com\/fr\/wp-json\/wp\/v2\/users\/5"}],"replies":[{"embeddable":true,"href":"https:\/\/www.f-dgs.com\/fr\/wp-json\/wp\/v2\/comments?post=7181"}],"version-history":[{"count":3,"href":"https:\/\/www.f-dgs.com\/fr\/wp-json\/wp\/v2\/pages\/7181\/revisions"}],"predecessor-version":[{"id":15989,"href":"https:\/\/www.f-dgs.com\/fr\/wp-json\/wp\/v2\/pages\/7181\/revisions\/15989"}],"wp:attachment":[{"href":"https:\/\/www.f-dgs.com\/fr\/wp-json\/wp\/v2\/media?parent=7181"}],"curies":[{"name":"wp","href":"https:\/\/api.w.org\/{rel}","templated":true}]}}