{"id":6975,"date":"2021-10-29T19:28:59","date_gmt":"2021-10-29T17:28:59","guid":{"rendered":"https:\/\/www.f-dgs.com\/?page_id=6975"},"modified":"2024-05-01T15:46:25","modified_gmt":"2024-05-01T13:46:25","slug":"catalogue-des-produits","status":"publish","type":"page","link":"https:\/\/www.f-dgs.com\/fr\/support\/catalogue-des-produits\/","title":{"rendered":"Catalogue des produits"},"content":{"rendered":"\t\t<div data-elementor-type=\"wp-page\" data-elementor-id=\"6975\" class=\"elementor elementor-6975 elementor-197\" data-elementor-post-type=\"page\">\n\t\t\t\t<div class=\"elementor-element elementor-element-4ec42d6 max-width e-flex e-con-boxed e-con e-parent\" data-id=\"4ec42d6\" data-element_type=\"container\" data-settings=\"{&quot;jet_parallax_layout_list&quot;:[]}\">\n\t\t\t\t\t<div class=\"e-con-inner\">\n\t\t<div class=\"elementor-element elementor-element-3785dad e-con-full e-flex e-con e-child\" data-id=\"3785dad\" data-element_type=\"container\" data-settings=\"{&quot;jet_parallax_layout_list&quot;:[]}\">\n\t\t\t\t<div class=\"elementor-element elementor-element-2358b2b elementor-widget elementor-widget-jet-breadcrumbs\" data-id=\"2358b2b\" data-element_type=\"widget\" data-widget_type=\"jet-breadcrumbs.default\">\n\t\t\t\t<div class=\"elementor-widget-container\">\n\t\t\t<div class=\"elementor-jet-breadcrumbs jet-blocks\">\n\t\t<div class=\"jet-breadcrumbs\">\n\t\t<div class=\"jet-breadcrumbs__content\">\n\t\t<div class=\"jet-breadcrumbs__wrap\"><div class=\"jet-breadcrumbs__item\"><a href=\"https:\/\/www.f-dgs.com\/fr\/\" class=\"jet-breadcrumbs__item-link is-home\" rel=\"home\" title=\"Accueil\">Accueil<\/a><\/div>\n\t\t<\/div>\n\t\t<\/div>\n\t\t<\/div><\/div>\t\t<\/div>\n\t\t\t\t<\/div>\n\t\t\t\t<\/div>\n\t\t\t\t\t<\/div>\n\t\t\t\t<\/div>\n\t\t<div class=\"elementor-element elementor-element-34fb113 max-width e-flex e-con-boxed e-con e-parent\" data-id=\"34fb113\" data-element_type=\"container\" data-settings=\"{&quot;jet_parallax_layout_list&quot;:[]}\">\n\t\t\t\t\t<div class=\"e-con-inner\">\n\t\t<div class=\"elementor-element elementor-element-e61a213 e-con-full e-flex e-con e-child\" data-id=\"e61a213\" data-element_type=\"container\" data-settings=\"{&quot;jet_parallax_layout_list&quot;:[]}\">\n\t\t\t\t<div class=\"elementor-element elementor-element-827669f elementor-widget elementor-widget-heading\" data-id=\"827669f\" data-element_type=\"widget\" data-widget_type=\"heading.default\">\n\t\t\t\t<div class=\"elementor-widget-container\">\n\t\t\t<h2 class=\"elementor-heading-title elementor-size-default\">Catalogue des produits<\/h2>\t\t<\/div>\n\t\t\t\t<\/div>\n\t\t\t\t<div class=\"elementor-element elementor-element-4379709 elementor-widget elementor-widget-text-editor\" data-id=\"4379709\" data-element_type=\"widget\" data-widget_type=\"text-editor.default\">\n\t\t\t\t<div class=\"elementor-widget-container\">\n\t\t\t\t\t\t\t<p><strong>T\u00e9l\u00e9chargez d\u00e8s maintenant le catalogue complet F-DGSi !<br \/><\/strong><span style=\"color: var( --e-global-color-text ); font-family: var( --e-global-typography-primary-font-family ), Sans-serif; font-size: var( --e-global-typography-primary-font-size ); font-weight: var( --e-global-typography-primary-font-weight ); text-align: var(--text-align); letter-spacing: 0px;\">Dans notre catalogue, nous d\u00e9taillons non seulement nos produits, mais \u00e9galement les services et avantages exclusifs que F-DGSi propose pour optimiser l&rsquo;efficacit\u00e9 et la s\u00e9curit\u00e9 de vos processus en laboratoire.<\/span><\/p><p><span style=\"color: var( --e-global-color-text ); font-family: var( --e-global-typography-primary-font-family ), Sans-serif; font-size: var( --e-global-typography-primary-font-size ); font-weight: var( --e-global-typography-primary-font-weight ); text-align: var(--text-align); letter-spacing: 0px;\">En optant pour nos g\u00e9n\u00e9rateurs de gaz, vous pouvez r\u00e9duire vos co\u00fbts op\u00e9rationnels, limiter l&rsquo;impact sur l&rsquo;environnement et \u00e9liminer les incertitudes et les d\u00e9sagr\u00e9ments li\u00e9s \u00e0 l&rsquo;approvisionnement en gaz traditionnel.<\/span><\/p><p><span style=\"color: var( --e-global-color-text ); font-family: var( --e-global-typography-primary-font-family ), Sans-serif; font-size: var( --e-global-typography-primary-font-size ); font-weight: var( --e-global-typography-primary-font-weight ); text-align: var(--text-align); letter-spacing: 0px;\">En tant qu&rsquo;expert mondial en g\u00e9n\u00e9rateurs de gaz d&rsquo;azote et d&rsquo;hydrog\u00e8ne de haute performance destin\u00e9s \u00e0 une utilisation <\/span><span style=\"color: var( --e-global-color-text ); font-family: var( --e-global-typography-primary-font-family ), Sans-serif; font-size: var( --e-global-typography-primary-font-size ); font-weight: var( --e-global-typography-primary-font-weight ); letter-spacing: 0px; text-align: var(--text-align);\">LCMS, GC, GCMS et autres applications de laboratoire, F-DGSi vous offre des solutions adapt\u00e9es \u00e0 vos besoins sp\u00e9cifiques.<\/span><\/p>\t\t\t\t\t\t<\/div>\n\t\t\t\t<\/div>\n\t\t\t\t<div class=\"elementor-element elementor-element-fb64366 elementor-align-left elementor-widget elementor-widget-jet-download-button\" data-id=\"fb64366\" data-element_type=\"widget\" data-widget_type=\"jet-download-button.default\">\n\t\t\t\t<div class=\"elementor-widget-container\">\n\t\t\t<div class=\"elementor-jet-download-button jet-elements\"><a class=\"elementor-button elementor-size-md jet-download jet-download-icon-position-right\" data-e-disable-page-transition=\"true\" href=\"https:\/\/www.f-dgs.com\/fr\/?jet_download=60096209977a48d1d5289469d25c1ab09f547761\" ><span class=\"jet-download__icon jet-download-icon-right jet-elements-icon\"><i aria-hidden=\"true\" class=\"fas fa-arrow-right\"><\/i><\/span><span class=\"jet-download__text\"><span class=\"jet-download__label\">T\u00e9l\u00e9charger<\/span><span class=\"jet-download__file-name\"><\/span><small class=\"jet-download__sub-label\"><\/small><\/span><\/a>\n<\/div>\t\t<\/div>\n\t\t\t\t<\/div>\n\t\t\t\t<\/div>\n\t\t<div class=\"elementor-element elementor-element-894bc25 e-con-full e-flex e-con e-child\" data-id=\"894bc25\" data-element_type=\"container\" data-settings=\"{&quot;jet_parallax_layout_list&quot;:[]}\">\n\t\t\t\t<div class=\"elementor-element elementor-element-5bd8b27 elementor-widget elementor-widget-image\" data-id=\"5bd8b27\" data-element_type=\"widget\" data-widget_type=\"image.default\">\n\t\t\t\t<div class=\"elementor-widget-container\">\n\t\t\t\t\t\t\t\t\t\t\t\t\t<img decoding=\"async\" src=\"https:\/\/www.f-dgs.com\/wp-content\/uploads\/elementor\/thumbs\/product-catalogue-fdgs-jpg-px0rhkwvzasme6cqhbmxgkm8sgy4xp01yr0isthu68.webp\" title=\"Product Catalogue F-dgs\" alt=\"Product Catalogue F-dgs\" loading=\"lazy\" \/>\t\t\t\t\t\t\t\t\t\t\t\t\t<\/div>\n\t\t\t\t<\/div>\n\t\t\t\t<\/div>\n\t\t\t\t\t<\/div>\n\t\t\t\t<\/div>\n\t\t\t\t<\/div>\n\t\t","protected":false},"excerpt":{"rendered":"<p>Accueil Catalogue des produits T\u00e9l\u00e9chargez d\u00e8s maintenant le catalogue complet F-DGSi ! Dans notre catalogue, nous d\u00e9taillons non seulement nos produits, mais \u00e9galement les services et avantages exclusifs que F-DGSi propose pour optimiser l&rsquo;efficacit\u00e9 et la s\u00e9curit\u00e9 de vos processus en laboratoire. En optant pour nos g\u00e9n\u00e9rateurs de gaz, vous pouvez r\u00e9duire vos co\u00fbts op\u00e9rationnels, [&hellip;]<\/p>\n","protected":false},"author":5,"featured_media":0,"parent":7230,"menu_order":0,"comment_status":"closed","ping_status":"closed","template":"elementor_header_footer","meta":{"footnotes":""},"class_list":["post-6975","page","type-page","status-publish","hentry"],"_links":{"self":[{"href":"https:\/\/www.f-dgs.com\/fr\/wp-json\/wp\/v2\/pages\/6975","targetHints":{"allow":["GET"]}}],"collection":[{"href":"https:\/\/www.f-dgs.com\/fr\/wp-json\/wp\/v2\/pages"}],"about":[{"href":"https:\/\/www.f-dgs.com\/fr\/wp-json\/wp\/v2\/types\/page"}],"author":[{"embeddable":true,"href":"https:\/\/www.f-dgs.com\/fr\/wp-json\/wp\/v2\/users\/5"}],"replies":[{"embeddable":true,"href":"https:\/\/www.f-dgs.com\/fr\/wp-json\/wp\/v2\/comments?post=6975"}],"version-history":[{"count":0,"href":"https:\/\/www.f-dgs.com\/fr\/wp-json\/wp\/v2\/pages\/6975\/revisions"}],"up":[{"embeddable":true,"href":"https:\/\/www.f-dgs.com\/fr\/wp-json\/wp\/v2\/pages\/7230"}],"wp:attachment":[{"href":"https:\/\/www.f-dgs.com\/fr\/wp-json\/wp\/v2\/media?parent=6975"}],"curies":[{"name":"wp","href":"https:\/\/api.w.org\/{rel}","templated":true}]}}