{"id":13899,"date":"2022-03-29T19:02:34","date_gmt":"2022-03-29T17:02:34","guid":{"rendered":"https:\/\/www.f-dgs.com\/product\/sin categor\u00eda\/generador-de-nitrogeno-neso\/"},"modified":"2022-03-29T19:02:34","modified_gmt":"2022-03-29T17:02:34","slug":"generador-de-nitrogeno-neso","status":"publish","type":"product","link":"https:\/\/www.f-dgs.com\/es\/product\/generadores-de-nitrogeno-de-laboratorio\/generador-de-nitrogeno-neso\/","title":{"rendered":"Generador de nitr\u00f3geno NESO"},"content":{"rendered":"<p class=\"p2\">Con 3 modelos, de 1 L\/min a 5 L\/min, la gama de Nitr\u00f3geno NESO proporciona una soluci\u00f3n de Nitr\u00f3geno de Alta Pureza para instrumentos GC\/ICP\/TOC.<span class=\"Apple-converted-space\"> <\/span><\/p>\n<p class=\"p2\">La NESO est\u00e1 disponible sin o con compresor de aire exento de aceite integrado utilizando el <span class=\"s2\">modo de Tecnolog\u00eda de Ahorro Energ\u00e9tico (EST<\/span>). Es extremadamente compacta y de funcionamiento silencioso.<span class=\"Apple-converted-space\"> <\/span><\/p>\n<p class=\"p2\">El generador se controla mediante lo \u00faltimo en tecnolog\u00eda de pantalla t\u00e1ctil en color para mostrar el proceso en tiempo real, la presi\u00f3n de entrada\/salida, el caudal de N2 y el estado del sistema, con acceso remoto para control de diagn\u00f3stico.<span class=\"Apple-converted-space\"> <\/span><\/p>\n<p class=\"p3\">Utiliza <span class=\"s2\">tecnolog\u00eda avanzada PSA <\/span>de separaci\u00f3n de nitr\u00f3geno y ox\u00edgeno para producir gas nitr\u00f3geno de alta calidad bajo demanda 24 horas al d\u00eda, 7 d\u00edas a la semana.<span class=\"Apple-converted-space\"> <\/span><\/p>\n","protected":false},"excerpt":{"rendered":"<p>Con 3 modelos, de 1 L\/min a 5 L\/min, la gama de Nitr\u00f3geno NESO proporciona una soluci\u00f3n de Nitr\u00f3geno de Alta Pureza para instrumentos GC\/ICP\/TOC. La NESO est\u00e1 disponible sin o con compresor de aire exento de aceite integrado utilizando el modo de Tecnolog\u00eda de Ahorro Energ\u00e9tico (EST). Es extremadamente compacta y de funcionamiento silencioso. [&hellip;]<\/p>\n","protected":false},"featured_media":13901,"comment_status":"open","ping_status":"closed","template":"","meta":[],"product_cat":[334],"product_tag":[359,336],"class_list":{"0":"post-13899","1":"product","2":"type-product","3":"status-publish","4":"has-post-thumbnail","6":"product_cat-generadores-de-nitrogeno-de-laboratorio","7":"product_tag-gc-y-gc-ms","8":"product_tag-otras-aplicaciones","10":"first","11":"instock","12":"shipping-taxable","13":"product-type-simple"},"_links":{"self":[{"href":"https:\/\/www.f-dgs.com\/es\/wp-json\/wp\/v2\/product\/13899","targetHints":{"allow":["GET"]}}],"collection":[{"href":"https:\/\/www.f-dgs.com\/es\/wp-json\/wp\/v2\/product"}],"about":[{"href":"https:\/\/www.f-dgs.com\/es\/wp-json\/wp\/v2\/types\/product"}],"replies":[{"embeddable":true,"href":"https:\/\/www.f-dgs.com\/es\/wp-json\/wp\/v2\/comments?post=13899"}],"wp:featuredmedia":[{"embeddable":true,"href":"https:\/\/www.f-dgs.com\/es\/wp-json\/wp\/v2\/media\/13901"}],"wp:attachment":[{"href":"https:\/\/www.f-dgs.com\/es\/wp-json\/wp\/v2\/media?parent=13899"}],"wp:term":[{"taxonomy":"product_cat","embeddable":true,"href":"https:\/\/www.f-dgs.com\/es\/wp-json\/wp\/v2\/product_cat?post=13899"},{"taxonomy":"product_tag","embeddable":true,"href":"https:\/\/www.f-dgs.com\/es\/wp-json\/wp\/v2\/product_tag?post=13899"}],"curies":[{"name":"wp","href":"https:\/\/api.w.org\/{rel}","templated":true}]}}