{"id":13896,"date":"2022-03-29T19:03:01","date_gmt":"2022-03-29T17:03:01","guid":{"rendered":"https:\/\/www.f-dgs.com\/product\/sin%20categor\u00eda\/generador-de-nitrogeno-cosmos-n2-zn2\/"},"modified":"2024-07-20T13:05:58","modified_gmt":"2024-07-20T11:05:58","slug":"cosmos-n2-zn2","status":"publish","type":"product","link":"https:\/\/www.f-dgs.com\/es\/product\/generadores-de-nitrogeno-de-laboratorio\/cosmos-n2-zn2\/","title":{"rendered":"Generador de nitr\u00f3geno COSMOS N2 \/ ZN2"},"content":{"rendered":"<p>El COSMOS N2 \/ ZN2 est\u00e1 dise\u00f1ado para producir un suministro regulado seguro de alta pureza de hasta el 99,9995% para GC-make-up, gas portador de GC, presurizaci\u00f3n de viales de espacio de cabeza, purga y trampa, acondicionamiento de tubos para desorci\u00f3n t\u00e9rmica.<br \/>\nEl nitr\u00f3geno COSMOS utiliza la fiable y eficaz t\u00e9cnica de absorci\u00f3n por cambio de presi\u00f3n (PSA) mediante tamiz molecular de carbono para eliminar el ox\u00edgeno y la humedad y producir nitr\u00f3geno de gran pureza.<br \/>\nEl COSMOS N2 \/ ZN2 est\u00e1 construido con un catalizador para eliminar el hidrocarburo &lt; 0,05 ppm. El Nitr\u00f3geno COSMOS puede apilarse a cualquier m\u00f3dulo COSMOS (Hidr\u00f3geno, Aire Cero, Compresor de Aire) para ofrecerte una soluci\u00f3n de gas GC completa y aut\u00f3noma.<\/p>\n","protected":false},"excerpt":{"rendered":"<p>El COSMOS N2 \/ ZN2 est\u00e1 dise\u00f1ado para producir un suministro regulado seguro de alta pureza de hasta el 99,9995% para GC-make-up, gas portador de GC, presurizaci\u00f3n de viales de espacio de cabeza, purga y trampa, acondicionamiento de tubos para desorci\u00f3n t\u00e9rmica. El nitr\u00f3geno COSMOS utiliza la fiable y eficaz t\u00e9cnica de absorci\u00f3n por cambio [&hellip;]<\/p>\n","protected":false},"featured_media":13898,"comment_status":"open","ping_status":"closed","template":"","meta":[],"product_cat":[334],"product_tag":[359],"class_list":{"0":"post-13896","1":"product","2":"type-product","3":"status-publish","4":"has-post-thumbnail","6":"product_cat-generadores-de-nitrogeno-de-laboratorio","7":"product_tag-gc-y-gc-ms","9":"first","10":"instock","11":"shipping-taxable","12":"product-type-simple"},"_links":{"self":[{"href":"https:\/\/www.f-dgs.com\/es\/wp-json\/wp\/v2\/product\/13896","targetHints":{"allow":["GET"]}}],"collection":[{"href":"https:\/\/www.f-dgs.com\/es\/wp-json\/wp\/v2\/product"}],"about":[{"href":"https:\/\/www.f-dgs.com\/es\/wp-json\/wp\/v2\/types\/product"}],"replies":[{"embeddable":true,"href":"https:\/\/www.f-dgs.com\/es\/wp-json\/wp\/v2\/comments?post=13896"}],"wp:featuredmedia":[{"embeddable":true,"href":"https:\/\/www.f-dgs.com\/es\/wp-json\/wp\/v2\/media\/13898"}],"wp:attachment":[{"href":"https:\/\/www.f-dgs.com\/es\/wp-json\/wp\/v2\/media?parent=13896"}],"wp:term":[{"taxonomy":"product_cat","embeddable":true,"href":"https:\/\/www.f-dgs.com\/es\/wp-json\/wp\/v2\/product_cat?post=13896"},{"taxonomy":"product_tag","embeddable":true,"href":"https:\/\/www.f-dgs.com\/es\/wp-json\/wp\/v2\/product_tag?post=13896"}],"curies":[{"name":"wp","href":"https:\/\/api.w.org\/{rel}","templated":true}]}}