{"id":13890,"date":"2022-03-29T19:02:18","date_gmt":"2022-03-29T17:02:18","guid":{"rendered":"https:\/\/www.f-dgs.com\/product\/sin categor\u00eda\/stream-80\/"},"modified":"2022-03-29T19:02:18","modified_gmt":"2022-03-29T17:02:18","slug":"stream-80","status":"publish","type":"product","link":"https:\/\/www.f-dgs.com\/es\/product\/no-clasificado\/stream-80\/","title":{"rendered":"STREAM.80"},"content":{"rendered":"<p>El generador de nitr\u00f3geno de membrana se ha desarrollado para satisfacer requisitos espec\u00edficos de caudal, pureza y presi\u00f3n para aplicaciones LC-MS. Tambi\u00e9n puede utilizarse para la evaporaci\u00f3n de disolventes en muestras que se est\u00e9n analizando.<br \/>\nLa sencilla tecnolog\u00eda de membrana de alta eficacia permite separar el nitr\u00f3geno de los dem\u00e1s componentes de la entrada de aire comprimido.<\/p>\n","protected":false},"excerpt":{"rendered":"<p>El generador de nitr\u00f3geno de membrana se ha desarrollado para satisfacer requisitos espec\u00edficos de caudal, pureza y presi\u00f3n para aplicaciones LC-MS. Tambi\u00e9n puede utilizarse para la evaporaci\u00f3n de disolventes en muestras que se est\u00e9n analizando. La sencilla tecnolog\u00eda de membrana de alta eficacia permite separar el nitr\u00f3geno de los dem\u00e1s componentes de la entrada de [&hellip;]<\/p>\n","protected":false},"featured_media":13673,"comment_status":"open","ping_status":"closed","template":"","meta":[],"product_cat":[364],"product_tag":[],"class_list":{"0":"post-13890","1":"product","2":"type-product","3":"status-publish","4":"has-post-thumbnail","6":"product_cat-no-clasificado","8":"first","9":"instock","10":"shipping-taxable","11":"product-type-simple"},"_links":{"self":[{"href":"https:\/\/www.f-dgs.com\/es\/wp-json\/wp\/v2\/product\/13890","targetHints":{"allow":["GET"]}}],"collection":[{"href":"https:\/\/www.f-dgs.com\/es\/wp-json\/wp\/v2\/product"}],"about":[{"href":"https:\/\/www.f-dgs.com\/es\/wp-json\/wp\/v2\/types\/product"}],"replies":[{"embeddable":true,"href":"https:\/\/www.f-dgs.com\/es\/wp-json\/wp\/v2\/comments?post=13890"}],"wp:featuredmedia":[{"embeddable":true,"href":"https:\/\/www.f-dgs.com\/es\/wp-json\/wp\/v2\/media\/13673"}],"wp:attachment":[{"href":"https:\/\/www.f-dgs.com\/es\/wp-json\/wp\/v2\/media?parent=13890"}],"wp:term":[{"taxonomy":"product_cat","embeddable":true,"href":"https:\/\/www.f-dgs.com\/es\/wp-json\/wp\/v2\/product_cat?post=13890"},{"taxonomy":"product_tag","embeddable":true,"href":"https:\/\/www.f-dgs.com\/es\/wp-json\/wp\/v2\/product_tag?post=13890"}],"curies":[{"name":"wp","href":"https:\/\/api.w.org\/{rel}","templated":true}]}}