{"id":13881,"date":"2022-03-29T19:01:55","date_gmt":"2022-03-29T17:01:55","guid":{"rendered":"https:\/\/www.f-dgs.com\/product\/sin categor\u00eda\/generador-de-nitrogeno-telesto\/"},"modified":"2022-03-29T19:01:55","modified_gmt":"2022-03-29T17:01:55","slug":"generador-de-nitrogeno-telesto","status":"publish","type":"product","link":"https:\/\/www.f-dgs.com\/es\/product\/generadores-de-nitrogeno-de-laboratorio\/generador-de-nitrogeno-telesto\/","title":{"rendered":"Generador de nitr\u00f3geno TELESTO"},"content":{"rendered":"<p>Con 4 modelos, de 4 L\/min a 15 L\/min, la gama Nitr\u00f3geno TELESTO proporciona una soluci\u00f3n de nitr\u00f3geno para el instrumento ELSD \/ CORONA.<br \/>\nLa TELESTO est\u00e1 disponible sin compresor de aire exento de aceite integrado o con \u00e9l, utilizando el modo de Tecnolog\u00eda de Ahorro Energ\u00e9tico (EST). Es extremadamente compacta y de funcionamiento silencioso.<br \/>\nEl generador se controla mediante lo \u00faltimo en tecnolog\u00eda de pantalla t\u00e1ctil en color para mostrar el proceso en tiempo real, la presi\u00f3n de entrada\/salida, el caudal de N2 y el estado del sistema, con acceso remoto para control de diagn\u00f3stico.<br \/>\nUtiliza tecnolog\u00eda avanzada PSA de separaci\u00f3n de nitr\u00f3geno y ox\u00edgeno para producir gas nitr\u00f3geno de alta calidad bajo demanda 24 horas al d\u00eda, 7 d\u00edas a la semana.<\/p>\n","protected":false},"excerpt":{"rendered":"<p>Con 4 modelos, de 4 L\/min a 15 L\/min, la gama Nitr\u00f3geno TELESTO proporciona una soluci\u00f3n de nitr\u00f3geno para el instrumento ELSD \/ CORONA. La TELESTO est\u00e1 disponible sin compresor de aire exento de aceite integrado o con \u00e9l, utilizando el modo de Tecnolog\u00eda de Ahorro Energ\u00e9tico (EST). Es extremadamente compacta y de funcionamiento silencioso. [&hellip;]<\/p>\n","protected":false},"featured_media":13882,"comment_status":"open","ping_status":"closed","template":"","meta":[],"product_cat":[334],"product_tag":[361],"class_list":{"0":"post-13881","1":"product","2":"type-product","3":"status-publish","4":"has-post-thumbnail","6":"product_cat-generadores-de-nitrogeno-de-laboratorio","7":"product_tag-cad-y-elsd","9":"first","10":"instock","11":"shipping-taxable","12":"product-type-simple"},"_links":{"self":[{"href":"https:\/\/www.f-dgs.com\/es\/wp-json\/wp\/v2\/product\/13881","targetHints":{"allow":["GET"]}}],"collection":[{"href":"https:\/\/www.f-dgs.com\/es\/wp-json\/wp\/v2\/product"}],"about":[{"href":"https:\/\/www.f-dgs.com\/es\/wp-json\/wp\/v2\/types\/product"}],"replies":[{"embeddable":true,"href":"https:\/\/www.f-dgs.com\/es\/wp-json\/wp\/v2\/comments?post=13881"}],"wp:featuredmedia":[{"embeddable":true,"href":"https:\/\/www.f-dgs.com\/es\/wp-json\/wp\/v2\/media\/13882"}],"wp:attachment":[{"href":"https:\/\/www.f-dgs.com\/es\/wp-json\/wp\/v2\/media?parent=13881"}],"wp:term":[{"taxonomy":"product_cat","embeddable":true,"href":"https:\/\/www.f-dgs.com\/es\/wp-json\/wp\/v2\/product_cat?post=13881"},{"taxonomy":"product_tag","embeddable":true,"href":"https:\/\/www.f-dgs.com\/es\/wp-json\/wp\/v2\/product_tag?post=13881"}],"curies":[{"name":"wp","href":"https:\/\/api.w.org\/{rel}","templated":true}]}}