{"id":13873,"date":"2022-03-29T17:56:22","date_gmt":"2022-03-29T15:56:22","guid":{"rendered":"https:\/\/www.f-dgs.com\/product\/sin categor\u00eda\/generador-de-nitrogeno-cosmos-n2-m\/"},"modified":"2022-03-29T17:56:22","modified_gmt":"2022-03-29T15:56:22","slug":"generador-de-nitrogeno-cosmos-n2-m","status":"publish","type":"product","link":"https:\/\/www.f-dgs.com\/es\/product\/generadores-de-nitrogeno-de-laboratorio\/generador-de-nitrogeno-cosmos-n2-m\/","title":{"rendered":"Generador de nitr\u00f3geno COSMOS N2.M"},"content":{"rendered":"<p>El COSMOS N2.M proporciona una soluci\u00f3n de nitr\u00f3geno para ELSD y Espectr\u00f3metro de Masas Compacto. El generador COSMOS N2.M produce nitr\u00f3geno seco y sin hidrocarburos, utilizando aire procedente de un compresor externo exento de aceite.<br \/>\nUtiliza una avanzada tecnolog\u00eda de membranas de separaci\u00f3n de nitr\u00f3geno y ox\u00edgeno para producir gas nitr\u00f3geno de alta calidad bajo demanda las 24 horas del d\u00eda, los 7 d\u00edas de la semana.<br \/>\nEste completo sistema llave en mano est\u00e1 dise\u00f1ado con componentes de la m\u00e1xima calidad, es f\u00e1cil de instalar y s\u00f3lo requiere un mantenimiento anual m\u00ednimo.<br \/>\nEl dise\u00f1o ergon\u00f3mico, compacto y apilable permite colocarlo sobre una mesa o combinarlo con el COMPRESOR DE AIRE COSMOS para laboratorios sin suministro de aire propio<\/p>\n","protected":false},"excerpt":{"rendered":"<p>El COSMOS N2.M proporciona una soluci\u00f3n de nitr\u00f3geno para ELSD y Espectr\u00f3metro de Masas Compacto. El generador COSMOS N2.M produce nitr\u00f3geno seco y sin hidrocarburos, utilizando aire procedente de un compresor externo exento de aceite. Utiliza una avanzada tecnolog\u00eda de membranas de separaci\u00f3n de nitr\u00f3geno y ox\u00edgeno para producir gas nitr\u00f3geno de alta calidad bajo [&hellip;]<\/p>\n","protected":false},"featured_media":13700,"comment_status":"open","ping_status":"closed","template":"","meta":[],"product_cat":[334],"product_tag":[359],"class_list":{"0":"post-13873","1":"product","2":"type-product","3":"status-publish","4":"has-post-thumbnail","6":"product_cat-generadores-de-nitrogeno-de-laboratorio","7":"product_tag-gc-y-gc-ms","9":"first","10":"instock","11":"shipping-taxable","12":"product-type-simple"},"_links":{"self":[{"href":"https:\/\/www.f-dgs.com\/es\/wp-json\/wp\/v2\/product\/13873","targetHints":{"allow":["GET"]}}],"collection":[{"href":"https:\/\/www.f-dgs.com\/es\/wp-json\/wp\/v2\/product"}],"about":[{"href":"https:\/\/www.f-dgs.com\/es\/wp-json\/wp\/v2\/types\/product"}],"replies":[{"embeddable":true,"href":"https:\/\/www.f-dgs.com\/es\/wp-json\/wp\/v2\/comments?post=13873"}],"wp:featuredmedia":[{"embeddable":true,"href":"https:\/\/www.f-dgs.com\/es\/wp-json\/wp\/v2\/media\/13700"}],"wp:attachment":[{"href":"https:\/\/www.f-dgs.com\/es\/wp-json\/wp\/v2\/media?parent=13873"}],"wp:term":[{"taxonomy":"product_cat","embeddable":true,"href":"https:\/\/www.f-dgs.com\/es\/wp-json\/wp\/v2\/product_cat?post=13873"},{"taxonomy":"product_tag","embeddable":true,"href":"https:\/\/www.f-dgs.com\/es\/wp-json\/wp\/v2\/product_tag?post=13873"}],"curies":[{"name":"wp","href":"https:\/\/api.w.org\/{rel}","templated":true}]}}