{"id":13867,"date":"2022-03-29T10:34:27","date_gmt":"2022-03-29T08:34:27","guid":{"rendered":"https:\/\/www.f-dgs.com\/product\/sin categor\u00eda\/generador-de-nitrogeno-celeno\/"},"modified":"2022-03-29T10:34:27","modified_gmt":"2022-03-29T08:34:27","slug":"generador-de-nitrogeno-celeno","status":"publish","type":"product","link":"https:\/\/www.f-dgs.com\/es\/product\/generadores-de-nitrogeno-de-laboratorio\/generador-de-nitrogeno-celeno\/","title":{"rendered":"Generador de nitr\u00f3geno CELENO"},"content":{"rendered":"<p>Con 20 L\/min, la gama de Nitr\u00f3geno CELENO proporciona una soluci\u00f3n de Nitr\u00f3geno de Alta Pureza para instrumentos GC x GC con cri\u00f3geno. El generador tiene un punto de roc\u00edo muy bajo para trabajar con aplicaciones criog\u00e9nicas sin ninguna congelaci\u00f3n.<br \/>\nEl CELENO est\u00e1 disponible sin compresor de aire exento de aceite integrado o con el modo de Tecnolog\u00eda de Ahorro Energ\u00e9tico (EST). Es extremadamente compacta y de funcionamiento silencioso. El generador se controla mediante lo \u00faltimo en tecnolog\u00eda de pantalla t\u00e1ctil en color para mostrar el proceso en tiempo real, la presi\u00f3n de entrada\/salida, el caudal de N2 y el estado del sistema, con acceso remoto para control de diagn\u00f3stico.<br \/>\nUtiliza tecnolog\u00eda avanzada PSA de separaci\u00f3n de nitr\u00f3geno y ox\u00edgeno para producir gas nitr\u00f3geno de alta calidad bajo demanda 24 horas al d\u00eda, 7 d\u00edas a la semana.<\/p>\n","protected":false},"excerpt":{"rendered":"<p>Con 20 L\/min, la gama de Nitr\u00f3geno CELENO proporciona una soluci\u00f3n de Nitr\u00f3geno de Alta Pureza para instrumentos GC x GC con cri\u00f3geno. El generador tiene un punto de roc\u00edo muy bajo para trabajar con aplicaciones criog\u00e9nicas sin ninguna congelaci\u00f3n. El CELENO est\u00e1 disponible sin compresor de aire exento de aceite integrado o con el [&hellip;]<\/p>\n","protected":false},"featured_media":13868,"comment_status":"open","ping_status":"closed","template":"","meta":[],"product_cat":[334],"product_tag":[359],"class_list":{"0":"post-13867","1":"product","2":"type-product","3":"status-publish","4":"has-post-thumbnail","6":"product_cat-generadores-de-nitrogeno-de-laboratorio","7":"product_tag-gc-y-gc-ms","9":"first","10":"instock","11":"shipping-taxable","12":"product-type-simple"},"_links":{"self":[{"href":"https:\/\/www.f-dgs.com\/es\/wp-json\/wp\/v2\/product\/13867","targetHints":{"allow":["GET"]}}],"collection":[{"href":"https:\/\/www.f-dgs.com\/es\/wp-json\/wp\/v2\/product"}],"about":[{"href":"https:\/\/www.f-dgs.com\/es\/wp-json\/wp\/v2\/types\/product"}],"replies":[{"embeddable":true,"href":"https:\/\/www.f-dgs.com\/es\/wp-json\/wp\/v2\/comments?post=13867"}],"wp:featuredmedia":[{"embeddable":true,"href":"https:\/\/www.f-dgs.com\/es\/wp-json\/wp\/v2\/media\/13868"}],"wp:attachment":[{"href":"https:\/\/www.f-dgs.com\/es\/wp-json\/wp\/v2\/media?parent=13867"}],"wp:term":[{"taxonomy":"product_cat","embeddable":true,"href":"https:\/\/www.f-dgs.com\/es\/wp-json\/wp\/v2\/product_cat?post=13867"},{"taxonomy":"product_tag","embeddable":true,"href":"https:\/\/www.f-dgs.com\/es\/wp-json\/wp\/v2\/product_tag?post=13867"}],"curies":[{"name":"wp","href":"https:\/\/api.w.org\/{rel}","templated":true}]}}