{"id":13865,"date":"2022-03-29T19:01:32","date_gmt":"2022-03-29T17:01:32","guid":{"rendered":"https:\/\/www.f-dgs.com\/product\/sin categor\u00eda\/generador-de-nitrogeno-tornado\/"},"modified":"2022-03-29T19:01:32","modified_gmt":"2022-03-29T17:01:32","slug":"generador-de-nitrogeno-tornado","status":"publish","type":"product","link":"https:\/\/www.f-dgs.com\/es\/product\/generadores-de-nitrogeno-de-laboratorio\/generador-de-nitrogeno-tornado\/","title":{"rendered":"Generador de nitr\u00f3geno TORNADO"},"content":{"rendered":"<p>Los generadores de nitr\u00f3geno serie TORNADO te ofrecen una soluci\u00f3n \u00fanica e innovadora para el suministro de nitr\u00f3geno gaseoso. Se puede producir una fuente fiable y segura de nitr\u00f3geno a partir de tu suministro existente de aire comprimido, eliminando la necesidad de nitr\u00f3geno l\u00edquido o cilindros de gas a alta presi\u00f3n. Concebido para un funcionamiento continuo, el generador de nitr\u00f3geno TORNADO puede producir caudales desde unos pocos litros por minuto hasta m\u00e1s de NM3\/H a purezas en contenido residual de ox\u00edgeno de 10 ppm a 5%. El generador se controla mediante lo \u00faltimo en tecnolog\u00eda de pantalla t\u00e1ctil HMI para mostrar el proceso, las presiones, el punto de roc\u00edo del aire de entrada y los niveles de ox\u00edgeno con una supervisi\u00f3n continuacompleta con alarmas.<\/p>\n","protected":false},"excerpt":{"rendered":"<p>Los generadores de nitr\u00f3geno serie TORNADO te ofrecen una soluci\u00f3n \u00fanica e innovadora para el suministro de nitr\u00f3geno gaseoso. Se puede producir una fuente fiable y segura de nitr\u00f3geno a partir de tu suministro existente de aire comprimido, eliminando la necesidad de nitr\u00f3geno l\u00edquido o cilindros de gas a alta presi\u00f3n. Concebido para un funcionamiento [&hellip;]<\/p>\n","protected":false},"featured_media":13700,"comment_status":"open","ping_status":"closed","template":"","meta":[],"product_cat":[334],"product_tag":[330,336],"class_list":{"0":"post-13865","1":"product","2":"type-product","3":"status-publish","4":"has-post-thumbnail","6":"product_cat-generadores-de-nitrogeno-de-laboratorio","7":"product_tag-lc-ms-ms-es","8":"product_tag-otras-aplicaciones","10":"first","11":"instock","12":"shipping-taxable","13":"product-type-simple"},"_links":{"self":[{"href":"https:\/\/www.f-dgs.com\/es\/wp-json\/wp\/v2\/product\/13865","targetHints":{"allow":["GET"]}}],"collection":[{"href":"https:\/\/www.f-dgs.com\/es\/wp-json\/wp\/v2\/product"}],"about":[{"href":"https:\/\/www.f-dgs.com\/es\/wp-json\/wp\/v2\/types\/product"}],"replies":[{"embeddable":true,"href":"https:\/\/www.f-dgs.com\/es\/wp-json\/wp\/v2\/comments?post=13865"}],"wp:featuredmedia":[{"embeddable":true,"href":"https:\/\/www.f-dgs.com\/es\/wp-json\/wp\/v2\/media\/13700"}],"wp:attachment":[{"href":"https:\/\/www.f-dgs.com\/es\/wp-json\/wp\/v2\/media?parent=13865"}],"wp:term":[{"taxonomy":"product_cat","embeddable":true,"href":"https:\/\/www.f-dgs.com\/es\/wp-json\/wp\/v2\/product_cat?post=13865"},{"taxonomy":"product_tag","embeddable":true,"href":"https:\/\/www.f-dgs.com\/es\/wp-json\/wp\/v2\/product_tag?post=13865"}],"curies":[{"name":"wp","href":"https:\/\/api.w.org\/{rel}","templated":true}]}}