{"id":13855,"date":"2022-03-07T17:24:46","date_gmt":"2022-03-07T16:24:46","guid":{"rendered":"https:\/\/www.f-dgs.com\/product\/sin categor\u00eda\/generador-de-nitrogeno-calypso-ds\/"},"modified":"2022-03-07T17:24:46","modified_gmt":"2022-03-07T16:24:46","slug":"generador-de-nitrogeno-calypso-ds","status":"publish","type":"product","link":"https:\/\/www.f-dgs.com\/es\/product\/generadores-de-nitrogeno-de-laboratorio\/generador-de-nitrogeno-calypso-ds\/","title":{"rendered":"Generador de nitr\u00f3geno CALYPSO DS"},"content":{"rendered":"<p class=\"p2\">El generador de nitr\u00f3geno CALYPSO.DS se ha dise\u00f1ado espec\u00edficamente para satisfacer los requisitos de caudal, pureza y presi\u00f3n del gas de los instrumentos de LCMS. Tambi\u00e9n puede utilizarse para la evaporaci\u00f3n de disolventes, ASE (Extracci\u00f3n Acelerada de Disolventes).<span class=\"Apple-converted-space\"> <\/span><\/p>\n<p class=\"p2\">El generador de nitr\u00f3geno utiliza adsorci\u00f3n por oscilaci\u00f3n de presi\u00f3n<span class=\"Apple-converted-space\"> <\/span><\/p>\n<p class=\"p2\">(PSA) combinada con una gesti\u00f3n de la presi\u00f3n en dos pasos para producir nitr\u00f3geno gaseoso puro de gran caudal, alta presi\u00f3n y pureza.<span class=\"Apple-converted-space\"> <\/span><\/p>\n<p class=\"p2\">El CALYPSO-DS est\u00e1 disponible con compresor de aire exento de aceite integrado que utiliza el <strong><span class=\"s2\">modo de tecnolog\u00eda de ahorro de energ\u00eda (EST)<\/span><\/strong>. Es extremadamente compacta y de funcionamiento silencioso.<span class=\"Apple-converted-space\"> <\/span><\/p>\n<p class=\"p3\">El generador se controla mediante lo \u00faltimo en tecnolog\u00eda de pantalla t\u00e1ctil en color para mostrar el proceso en tiempo real, la presi\u00f3n de entrada\/salida, el caudal de N2 y el estado del sistema, con acceso remoto para control de diagn\u00f3stico.<span class=\"Apple-converted-space\"> <\/span><\/p>\n","protected":false},"excerpt":{"rendered":"<p class=\"p2\">El generador de nitr\u00f3geno CALYPSO.DS se ha dise\u00f1ado espec\u00edficamente para satisfacer los requisitos de caudal, pureza y presi\u00f3n del gas de los instrumentos de LCMS. Tambi\u00e9n puede utilizarse para la evaporaci\u00f3n de disolventes, ASE (Extracci\u00f3n Acelerada de Disolventes).<\/p>\n<p class=\"p2\">El generador de nitr\u00f3geno utiliza adsorci\u00f3n por oscilaci\u00f3n de presi\u00f3n<\/p>\n<p class=\"p2\">(PSA) combinada con una gesti\u00f3n de la presi\u00f3n en dos pasos para producir nitr\u00f3geno gaseoso puro de gran caudal, alta presi\u00f3n y pureza.<\/p>\n<p class=\"p2\">El CALYPSO-DS est\u00e1 disponible con compresor de aire exento de aceite integrado que utiliza el <strong><span class=\"s2\">modo de tecnolog\u00eda de ahorro de energ\u00eda (EST)<\/span><\/strong>. Es extremadamente compacta y de funcionamiento silencioso.<\/p>\n<p class=\"p3\">El generador se controla mediante lo \u00faltimo en tecnolog\u00eda de pantalla t\u00e1ctil en color para mostrar el proceso en tiempo real, la presi\u00f3n de entrada\/salida, el caudal de N2 y el estado del sistema, con acceso remoto para control de diagn\u00f3stico.<\/p>\n","protected":false},"featured_media":13857,"comment_status":"closed","ping_status":"closed","template":"","meta":[],"product_cat":[334],"product_tag":[330],"class_list":{"0":"post-13855","1":"product","2":"type-product","3":"status-publish","4":"has-post-thumbnail","6":"product_cat-generadores-de-nitrogeno-de-laboratorio","7":"product_tag-lc-ms-ms-es","9":"first","10":"instock","11":"shipping-taxable","12":"product-type-simple"},"_links":{"self":[{"href":"https:\/\/www.f-dgs.com\/es\/wp-json\/wp\/v2\/product\/13855","targetHints":{"allow":["GET"]}}],"collection":[{"href":"https:\/\/www.f-dgs.com\/es\/wp-json\/wp\/v2\/product"}],"about":[{"href":"https:\/\/www.f-dgs.com\/es\/wp-json\/wp\/v2\/types\/product"}],"replies":[{"embeddable":true,"href":"https:\/\/www.f-dgs.com\/es\/wp-json\/wp\/v2\/comments?post=13855"}],"wp:featuredmedia":[{"embeddable":true,"href":"https:\/\/www.f-dgs.com\/es\/wp-json\/wp\/v2\/media\/13857"}],"wp:attachment":[{"href":"https:\/\/www.f-dgs.com\/es\/wp-json\/wp\/v2\/media?parent=13855"}],"wp:term":[{"taxonomy":"product_cat","embeddable":true,"href":"https:\/\/www.f-dgs.com\/es\/wp-json\/wp\/v2\/product_cat?post=13855"},{"taxonomy":"product_tag","embeddable":true,"href":"https:\/\/www.f-dgs.com\/es\/wp-json\/wp\/v2\/product_tag?post=13855"}],"curies":[{"name":"wp","href":"https:\/\/api.w.org\/{rel}","templated":true}]}}