{"id":13846,"date":"2022-03-28T11:45:48","date_gmt":"2022-03-28T09:45:48","guid":{"rendered":"https:\/\/www.f-dgs.com\/product\/sin categor\u00eda\/generador-de-nitrogeno-calypso-ds-hp\/"},"modified":"2022-03-28T11:45:48","modified_gmt":"2022-03-28T09:45:48","slug":"generador-de-nitrogeno-calypso-ds-hp","status":"publish","type":"product","link":"https:\/\/www.f-dgs.com\/es\/product\/generadores-de-nitrogeno-de-laboratorio\/generador-de-nitrogeno-calypso-ds-hp\/","title":{"rendered":"Generador de nitr\u00f3geno CALYPSO DS.HP"},"content":{"rendered":"<p>El generador de nitr\u00f3geno CALYPSO DS.HP se ha dise\u00f1ado espec\u00edficamente para satisfacer los requisitos de caudal, pureza y presi\u00f3n del gas de los instrumentos ASE.El generador de nitr\u00f3geno utiliza la tecnolog\u00eda de adsorci\u00f3n por cambio de presi\u00f3n (PSA) combinada con una gesti\u00f3n de la presi\u00f3n en dos pasos para producir gas nitr\u00f3geno puro con un caudal, una presi\u00f3n y una pureza elevados.El CALYPSO DS.HP est\u00e1 disponible con compresor de aire exento de aceite integrado que utiliza el modo de tecnolog\u00eda de ahorro de energ\u00eda (EST). El generador se controla mediante lo \u00faltimo en tecnolog\u00eda de pantalla t\u00e1ctil en color para mostrar el proceso en tiempo real, la presi\u00f3n de entrada\/salida, el caudal de N2 y el estado del sistema, con acceso remoto para el control de diagn\u00f3stico.<\/p>\n","protected":false},"excerpt":{"rendered":"<p>El generador de nitr\u00f3geno CALYPSO DS.HP se ha dise\u00f1ado espec\u00edficamente para satisfacer los requisitos de caudal, pureza y presi\u00f3n del gas de los instrumentos ASE.El generador de nitr\u00f3geno utiliza la tecnolog\u00eda de adsorci\u00f3n por cambio de presi\u00f3n (PSA) combinada con una gesti\u00f3n de la presi\u00f3n en dos pasos para producir gas nitr\u00f3geno puro con un [&hellip;]<\/p>\n","protected":false},"featured_media":13848,"comment_status":"open","ping_status":"closed","template":"","meta":[],"product_cat":[334],"product_tag":[336],"class_list":{"0":"post-13846","1":"product","2":"type-product","3":"status-publish","4":"has-post-thumbnail","6":"product_cat-generadores-de-nitrogeno-de-laboratorio","7":"product_tag-otras-aplicaciones","9":"first","10":"instock","11":"shipping-taxable","12":"product-type-simple"},"_links":{"self":[{"href":"https:\/\/www.f-dgs.com\/es\/wp-json\/wp\/v2\/product\/13846","targetHints":{"allow":["GET"]}}],"collection":[{"href":"https:\/\/www.f-dgs.com\/es\/wp-json\/wp\/v2\/product"}],"about":[{"href":"https:\/\/www.f-dgs.com\/es\/wp-json\/wp\/v2\/types\/product"}],"replies":[{"embeddable":true,"href":"https:\/\/www.f-dgs.com\/es\/wp-json\/wp\/v2\/comments?post=13846"}],"wp:featuredmedia":[{"embeddable":true,"href":"https:\/\/www.f-dgs.com\/es\/wp-json\/wp\/v2\/media\/13848"}],"wp:attachment":[{"href":"https:\/\/www.f-dgs.com\/es\/wp-json\/wp\/v2\/media?parent=13846"}],"wp:term":[{"taxonomy":"product_cat","embeddable":true,"href":"https:\/\/www.f-dgs.com\/es\/wp-json\/wp\/v2\/product_cat?post=13846"},{"taxonomy":"product_tag","embeddable":true,"href":"https:\/\/www.f-dgs.com\/es\/wp-json\/wp\/v2\/product_tag?post=13846"}],"curies":[{"name":"wp","href":"https:\/\/api.w.org\/{rel}","templated":true}]}}