{"id":13843,"date":"2022-03-07T17:10:44","date_gmt":"2022-03-07T16:10:44","guid":{"rendered":"https:\/\/www.f-dgs.com\/product\/sin categor\u00eda\/generador-de-nitrogeno-calypso-dp-wa\/"},"modified":"2022-03-07T17:10:44","modified_gmt":"2022-03-07T16:10:44","slug":"generador-de-nitrogeno-calypso-dp-wa","status":"publish","type":"product","link":"https:\/\/www.f-dgs.com\/es\/product\/generadores-de-nitrogeno-de-laboratorio\/generador-de-nitrogeno-calypso-dp-wa\/","title":{"rendered":"Generador de nitr\u00f3geno CALYPSO DP.WA"},"content":{"rendered":"<p class=\"p2\">Con 2 modelos, el <strong>CALYPSO DP.WA<\/strong>, dise\u00f1ado espec\u00edficamente para ESI\/APGC LC MSMS y APGC LC MSMS System de Waters.<\/p>\n<p class=\"p2\">El CALYPSO DP.WA proporciona dos purezas diferentes de nitr\u00f3geno a partir de una sola unidad \u00abplug &amp; play\u00bb.<\/p>\n<p class=\"p2\">El CALYPSO DP.WA est\u00e1 disponible con compresor de aire exento de aceite integrado que utiliza el <strong><span class=\"s2\">modo de tecnolog\u00eda de ahorro de energ\u00eda (EST)<\/span><\/strong>. Es extremadamente compacta y de funcionamiento silencioso.<\/p>\n<p class=\"p2\">El generador se controla mediante lo \u00faltimo en tecnolog\u00eda de pantalla t\u00e1ctil en color para visualizar el proceso en tiempo real, las presiones de entrada y salida, los caudales de N2 y el estado del sistema, con acceso remoto para el control de diagn\u00f3stico.<\/p>\n<p class=\"p3\">Utiliza la Triple Filtraci\u00f3n Inteligente y la tecnolog\u00eda avanzada PSA de separaci\u00f3n de Nitr\u00f3geno y Ox\u00edgeno para producir gas nitr\u00f3geno de alta calidad bajo demanda 24 horas al d\u00eda, 7 d\u00edas a la semana.<\/p>\n","protected":false},"excerpt":{"rendered":"<p class=\"p2\">Con 2 modelos, el CALYPSO DP.WA, dise\u00f1ado espec\u00edficamente para ESI\/APGC LC MSMS y APGC LC MSMS System de Waters.<span class=\"Apple-converted-space\"> <\/span><\/p>\n<p class=\"p2\">El CALYPSO DP.WA proporciona dos purezas diferentes de nitr\u00f3geno a partir de una sola unidad \u00abplug &amp; play\u00bb.<span class=\"Apple-converted-space\"> <\/span><\/p>\n<p class=\"p2\">El CALYPSO DP.WA est\u00e1 disponible con compresor de aire exento de aceite integrado que utiliza el <span class=\"s2\">modo de Tecnolog\u00eda de Ahorro Energ\u00e9tico (EST<\/span>). Es extremadamente compacta y de funcionamiento silencioso.<span class=\"Apple-converted-space\"> <\/span><\/p>\n<p class=\"p2\">El generador se controla mediante lo \u00faltimo en tecnolog\u00eda de pantalla t\u00e1ctil en color para visualizar el proceso en tiempo real, las presiones de entrada y salida, los caudales de N2 y el estado del sistema, con acceso remoto para el control de diagn\u00f3stico.<span class=\"Apple-converted-space\"> <\/span><\/p>\n<p class=\"p3\">Utiliza la <span class=\"s2\">Triple Filtraci\u00f3n Inteligente y la tecnolog\u00eda avanzada PSA <\/span>de separaci\u00f3n de Nitr\u00f3geno y Ox\u00edgeno para producir gas nitr\u00f3geno de alta calidad bajo demanda 24 horas al d\u00eda, 7 d\u00edas a la semana.<span class=\"Apple-converted-space\"> <\/span><\/p>\n","protected":false},"featured_media":13844,"comment_status":"closed","ping_status":"closed","template":"","meta":[],"product_cat":[334],"product_tag":[330],"class_list":{"0":"post-13843","1":"product","2":"type-product","3":"status-publish","4":"has-post-thumbnail","6":"product_cat-generadores-de-nitrogeno-de-laboratorio","7":"product_tag-lc-ms-ms-es","9":"first","10":"instock","11":"shipping-taxable","12":"product-type-simple"},"_links":{"self":[{"href":"https:\/\/www.f-dgs.com\/es\/wp-json\/wp\/v2\/product\/13843","targetHints":{"allow":["GET"]}}],"collection":[{"href":"https:\/\/www.f-dgs.com\/es\/wp-json\/wp\/v2\/product"}],"about":[{"href":"https:\/\/www.f-dgs.com\/es\/wp-json\/wp\/v2\/types\/product"}],"replies":[{"embeddable":true,"href":"https:\/\/www.f-dgs.com\/es\/wp-json\/wp\/v2\/comments?post=13843"}],"wp:featuredmedia":[{"embeddable":true,"href":"https:\/\/www.f-dgs.com\/es\/wp-json\/wp\/v2\/media\/13844"}],"wp:attachment":[{"href":"https:\/\/www.f-dgs.com\/es\/wp-json\/wp\/v2\/media?parent=13843"}],"wp:term":[{"taxonomy":"product_cat","embeddable":true,"href":"https:\/\/www.f-dgs.com\/es\/wp-json\/wp\/v2\/product_cat?post=13843"},{"taxonomy":"product_tag","embeddable":true,"href":"https:\/\/www.f-dgs.com\/es\/wp-json\/wp\/v2\/product_tag?post=13843"}],"curies":[{"name":"wp","href":"https:\/\/api.w.org\/{rel}","templated":true}]}}