{"id":13822,"date":"2022-03-29T19:02:26","date_gmt":"2022-03-29T17:02:26","guid":{"rendered":"https:\/\/www.f-dgs.com\/product\/sin categor\u00eda\/generador-combinado-de-nitrogeno-aire-stream-3g\/"},"modified":"2022-03-29T19:02:26","modified_gmt":"2022-03-29T17:02:26","slug":"generador-combinado-de-nitrogeno-aire-stream-3g","status":"publish","type":"product","link":"https:\/\/www.f-dgs.com\/es\/product\/generadores-combinados-de-nitrogeno-aire\/generador-combinado-de-nitrogeno-aire-stream-3g\/","title":{"rendered":"Generador combinado de nitr\u00f3geno-aire STREAM 3G"},"content":{"rendered":"<p>El generador de nitr\u00f3geno\/aire de membrana se ha desarrollado para cumplir requisitos espec\u00edficos de caudal, pureza y presi\u00f3n para la LC-MS Sciex.<\/p>\n<p>Con una salida de nitr\u00f3geno de laboratorio y dos de aire seco, los generadores est\u00e1n disponibles con distintos caudales de gas.<br \/>\nLos generadores de la serie STREAM 3G de F-DGS se han dise\u00f1ado para suministrar nitr\u00f3geno y aire a laboratorios que ya disponen de una fuente externa de aire limpio y seco.<\/p>\n<p>Estos sistemas no contienen piezas m\u00f3viles, son efectivamente silenciosos mientras funcionan y requieren un mantenimiento m\u00ednimo.<\/p>\n","protected":false},"excerpt":{"rendered":"<p>El generador de nitr\u00f3geno\/aire de membrana se ha desarrollado para cumplir requisitos espec\u00edficos de caudal, pureza y presi\u00f3n para la LC-MS Sciex. Con una salida de nitr\u00f3geno de laboratorio y dos de aire seco, los generadores est\u00e1n disponibles con distintos caudales de gas. Los generadores de la serie STREAM 3G de F-DGS se han dise\u00f1ado [&hellip;]<\/p>\n","protected":false},"featured_media":13823,"comment_status":"open","ping_status":"closed","template":"","meta":[],"product_cat":[325],"product_tag":[330],"class_list":{"0":"post-13822","1":"product","2":"type-product","3":"status-publish","4":"has-post-thumbnail","6":"product_cat-generadores-combinados-de-nitrogeno-aire","7":"product_tag-lc-ms-ms-es","9":"first","10":"instock","11":"shipping-taxable","12":"product-type-simple"},"_links":{"self":[{"href":"https:\/\/www.f-dgs.com\/es\/wp-json\/wp\/v2\/product\/13822","targetHints":{"allow":["GET"]}}],"collection":[{"href":"https:\/\/www.f-dgs.com\/es\/wp-json\/wp\/v2\/product"}],"about":[{"href":"https:\/\/www.f-dgs.com\/es\/wp-json\/wp\/v2\/types\/product"}],"replies":[{"embeddable":true,"href":"https:\/\/www.f-dgs.com\/es\/wp-json\/wp\/v2\/comments?post=13822"}],"wp:featuredmedia":[{"embeddable":true,"href":"https:\/\/www.f-dgs.com\/es\/wp-json\/wp\/v2\/media\/13823"}],"wp:attachment":[{"href":"https:\/\/www.f-dgs.com\/es\/wp-json\/wp\/v2\/media?parent=13822"}],"wp:term":[{"taxonomy":"product_cat","embeddable":true,"href":"https:\/\/www.f-dgs.com\/es\/wp-json\/wp\/v2\/product_cat?post=13822"},{"taxonomy":"product_tag","embeddable":true,"href":"https:\/\/www.f-dgs.com\/es\/wp-json\/wp\/v2\/product_tag?post=13822"}],"curies":[{"name":"wp","href":"https:\/\/api.w.org\/{rel}","templated":true}]}}