{"id":13817,"date":"2022-04-27T21:32:46","date_gmt":"2022-04-27T19:32:46","guid":{"rendered":"https:\/\/www.f-dgs.com\/product\/sin categor\u00eda\/generador-de-nitrogeno-calypso-m\/"},"modified":"2022-04-27T21:32:46","modified_gmt":"2022-04-27T19:32:46","slug":"generador-de-nitrogeno-calypso-m","status":"publish","type":"product","link":"https:\/\/www.f-dgs.com\/es\/product\/generadores-de-nitrogeno-de-laboratorio\/generador-de-nitrogeno-calypso-m\/","title":{"rendered":"Generador de nitr\u00f3geno CALYPSO M"},"content":{"rendered":"<p class=\"p2\"><span class=\"s1\"><span class=\"Apple-converted-space\"> <\/span><\/span>Con 1 modelo, 35 L\/min, la gama de nitr\u00f3geno CALYPSO M proporciona una soluci\u00f3n de nitr\u00f3geno para el instrumento LCMS con una presi\u00f3n de aumento de 8 bares (116 psi).<span class=\"Apple-converted-space\"> <\/span><\/p>\n<p class=\"p2\">El CALYPSO M est\u00e1 disponible con compresor de aire exento de aceite integrado que utiliza el <span class=\"s2\">modo de Tecnolog\u00eda de Ahorro Energ\u00e9tico (EST<\/span>). Es extremadamente compacta y de funcionamiento silencioso.<span class=\"Apple-converted-space\"> <\/span><\/p>\n<p class=\"p2\">El generador se controla mediante lo \u00faltimo en tecnolog\u00eda de pantalla t\u00e1ctil en color para mostrar el proceso en tiempo real, la presi\u00f3n de entrada\/salida, el caudal de N2 y el estado del sistema, con acceso remoto para control de diagn\u00f3stico.<span class=\"Apple-converted-space\"> <\/span><\/p>\n<p class=\"p3\">Utiliza la <span class=\"s2\">Triple Filtraci\u00f3n Inteligente <\/span>de separaci\u00f3n de Nitr\u00f3geno y Ox\u00edgeno para producir gas nitr\u00f3geno de alta calidad bajo demanda 24 horas al d\u00eda, 7 d\u00edas a la semana, con una pureza de hasta el 99,5%.<span class=\"Apple-converted-space\"> <\/span><\/p>\n","protected":false},"excerpt":{"rendered":"<p class=\"p2\"><span class=\"s1\"><span class=\"Apple-converted-space\"> <\/span><\/span>Con 5 modelos, de 15 L\/min a 70 L\/min, la gama Nitr\u00f3geno CALYPSO proporciona una soluci\u00f3n de nitr\u00f3geno para instrumentos LCMS con una presi\u00f3n de aumento de 8 bar (116 psi).<span class=\"Apple-converted-space\"> <\/span><\/p>\n<p class=\"p2\">El CALYPSO est\u00e1 disponible sin o con compresor de aire exento de aceite integrado que utiliza el <span class=\"s2\">modo de Tecnolog\u00eda de Ahorro Energ\u00e9tico (EST<\/span>). Es extremadamente compacta y de funcionamiento silencioso.<span class=\"Apple-converted-space\"> <\/span><\/p>\n<p class=\"p2\">El generador se controla mediante lo \u00faltimo en tecnolog\u00eda de pantalla t\u00e1ctil en color para mostrar el proceso en tiempo real, la presi\u00f3n de entrada\/salida, el caudal de N2 y el estado del sistema, con acceso remoto para control de diagn\u00f3stico.<span class=\"Apple-converted-space\"> <\/span><\/p>\n<p class=\"p3\">Utiliza la <span class=\"s2\">Triple Filtraci\u00f3n Inteligente y la tecnolog\u00eda avanzada PSA <\/span>de separaci\u00f3n de Nitr\u00f3geno y Ox\u00edgeno para producir gas nitr\u00f3geno de alta calidad bajo demanda 24 horas al d\u00eda, 7 d\u00edas a la semana.<span class=\"Apple-converted-space\"> <\/span><\/p>\n","protected":false},"featured_media":13819,"comment_status":"closed","ping_status":"closed","template":"","meta":[],"product_cat":[334],"product_tag":[330],"class_list":{"0":"post-13817","1":"product","2":"type-product","3":"status-publish","4":"has-post-thumbnail","6":"product_cat-generadores-de-nitrogeno-de-laboratorio","7":"product_tag-lc-ms-ms-es","9":"first","10":"instock","11":"shipping-taxable","12":"product-type-simple"},"_links":{"self":[{"href":"https:\/\/www.f-dgs.com\/es\/wp-json\/wp\/v2\/product\/13817","targetHints":{"allow":["GET"]}}],"collection":[{"href":"https:\/\/www.f-dgs.com\/es\/wp-json\/wp\/v2\/product"}],"about":[{"href":"https:\/\/www.f-dgs.com\/es\/wp-json\/wp\/v2\/types\/product"}],"replies":[{"embeddable":true,"href":"https:\/\/www.f-dgs.com\/es\/wp-json\/wp\/v2\/comments?post=13817"}],"wp:featuredmedia":[{"embeddable":true,"href":"https:\/\/www.f-dgs.com\/es\/wp-json\/wp\/v2\/media\/13819"}],"wp:attachment":[{"href":"https:\/\/www.f-dgs.com\/es\/wp-json\/wp\/v2\/media?parent=13817"}],"wp:term":[{"taxonomy":"product_cat","embeddable":true,"href":"https:\/\/www.f-dgs.com\/es\/wp-json\/wp\/v2\/product_cat?post=13817"},{"taxonomy":"product_tag","embeddable":true,"href":"https:\/\/www.f-dgs.com\/es\/wp-json\/wp\/v2\/product_tag?post=13817"}],"curies":[{"name":"wp","href":"https:\/\/api.w.org\/{rel}","templated":true}]}}