{"id":13812,"date":"2022-05-17T00:33:12","date_gmt":"2022-05-16T22:33:12","guid":{"rendered":"https:\/\/www.f-dgs.com\/product\/sin categor\u00eda\/generador-combinado-de-nitrogeno-aire-prospero\/"},"modified":"2022-05-17T00:33:12","modified_gmt":"2022-05-16T22:33:12","slug":"generador-combinado-de-nitrogeno-aire-prospero","status":"publish","type":"product","link":"https:\/\/www.f-dgs.com\/es\/product\/generadores-combinados-de-nitrogeno-aire\/generador-combinado-de-nitrogeno-aire-prospero\/","title":{"rendered":"Generador combinado de nitr\u00f3geno-aire PROSPERO"},"content":{"rendered":"<p class=\"p2\">El Nitr\u00f3geno\/Aire combinado suministra un flujo continuo de gas nitr\u00f3geno de alta pureza (&gt; 99,9995%) y aire purificado de grado con contenido de hidrocarburos (&lt; 0,1 ppm), ideal para aplicaciones como gas portador de GC, GC-Make up y GC-FID.<span class=\"Apple-converted-space\"> <\/span><\/p>\n<p class=\"p2\">La PROSPERO est\u00e1 disponible sin compresor de aire exento de aceite integrado o con el <span class=\"s2\">modo de Tecnolog\u00eda de Ahorro Energ\u00e9tico (EST<\/span>). Es extremadamente compacta y de funcionamiento silencioso.<span class=\"Apple-converted-space\"> <\/span><\/p>\n<p class=\"p2\">El generador se controla mediante lo \u00faltimo en tecnolog\u00eda de pantalla t\u00e1ctil en color para mostrar el proceso en tiempo real, la presi\u00f3n de entrada\/salida, el caudal de N2 y el estado del sistema, con acceso remoto para control de diagn\u00f3stico.<span class=\"Apple-converted-space\"> <\/span><\/p>\n<p class=\"p3\">Utiliza <span class=\"s2\">tecnolog\u00eda avanzada PSA <\/span>de separaci\u00f3n de Nitr\u00f3geno y O2 para producir Nitr\u00f3geno gaseoso de alta calidad y columna de al\u00famina activada para producir Aire purificado a demanda 24\/7.<\/p>\n","protected":false},"excerpt":{"rendered":"<p>El Nitr\u00f3geno\/Aire combinado suministra un flujo continuo de gas nitr\u00f3geno de alta pureza (&gt; 99,9995%) y aire purificado de grado con contenido de hidrocarburos (&lt; 0,1 ppm), ideal para aplicaciones como gas portador de GC, GC-Make up y GC-FID. La PROSPERO est\u00e1 disponible sin compresor de aire exento de aceite integrado o con el modo [&hellip;]<\/p>\n","protected":false},"featured_media":13814,"comment_status":"open","ping_status":"closed","template":"","meta":[],"product_cat":[325],"product_tag":[301],"class_list":{"0":"post-13812","1":"product","2":"type-product","3":"status-publish","4":"has-post-thumbnail","6":"product_cat-generadores-combinados-de-nitrogeno-aire","7":"product_tag-gc-es","9":"first","10":"instock","11":"shipping-taxable","12":"product-type-simple"},"_links":{"self":[{"href":"https:\/\/www.f-dgs.com\/es\/wp-json\/wp\/v2\/product\/13812","targetHints":{"allow":["GET"]}}],"collection":[{"href":"https:\/\/www.f-dgs.com\/es\/wp-json\/wp\/v2\/product"}],"about":[{"href":"https:\/\/www.f-dgs.com\/es\/wp-json\/wp\/v2\/types\/product"}],"replies":[{"embeddable":true,"href":"https:\/\/www.f-dgs.com\/es\/wp-json\/wp\/v2\/comments?post=13812"}],"wp:featuredmedia":[{"embeddable":true,"href":"https:\/\/www.f-dgs.com\/es\/wp-json\/wp\/v2\/media\/13814"}],"wp:attachment":[{"href":"https:\/\/www.f-dgs.com\/es\/wp-json\/wp\/v2\/media?parent=13812"}],"wp:term":[{"taxonomy":"product_cat","embeddable":true,"href":"https:\/\/www.f-dgs.com\/es\/wp-json\/wp\/v2\/product_cat?post=13812"},{"taxonomy":"product_tag","embeddable":true,"href":"https:\/\/www.f-dgs.com\/es\/wp-json\/wp\/v2\/product_tag?post=13812"}],"curies":[{"name":"wp","href":"https:\/\/api.w.org\/{rel}","templated":true}]}}