{"id":13806,"date":"2022-05-17T00:38:26","date_gmt":"2022-05-16T22:38:26","guid":{"rendered":"https:\/\/www.f-dgs.com\/product\/sin categor\u00eda\/generador-combinado-de-nitrogeno-aire-themisto-mp\/"},"modified":"2022-05-17T00:38:26","modified_gmt":"2022-05-16T22:38:26","slug":"generador-combinado-de-nitrogeno-aire-themisto-mp","status":"publish","type":"product","link":"https:\/\/www.f-dgs.com\/es\/product\/generadores-combinados-de-nitrogeno-aire\/generador-combinado-de-nitrogeno-aire-themisto-mp\/","title":{"rendered":"Generador combinado de nitr\u00f3geno-aire THEMISTO MP"},"content":{"rendered":"<p class=\"p2\">El generador de doble flujo THEMISTO MP se ha dise\u00f1ado espec\u00edficamente para satisfacer las necesidades de nitr\u00f3geno para la purga del monocromador de gas de apoyo del plasma y de suministro de aire para el gas POP o la purga de aire del monocromador para el instrumento MP-AES.<span class=\"Apple-converted-space\"> <\/span><\/p>\n<p class=\"p3\">El THEMISTO MP tiene dos modos de funcionamiento :<span class=\"Apple-converted-space\"><br \/>\n<\/span>O bien 25 L\/min de N2 al 99,5% para el an\u00e1lisis org\u00e1nico, o bien 10 L\/min de N2 al 99,95% para el an\u00e1lisis de azufre, con un suministro de aire de apoyo de hasta 36,5 L\/min.<span class=\"Apple-converted-space\"> <\/span><\/p>\n<p class=\"p2\">El THEMISTO MP est\u00e1 disponible con compresor de aire exento de aceite integrado que utiliza el <span class=\"s2\">modo de Tecnolog\u00eda de Ahorro Energ\u00e9tico (EST<\/span>). Equipado con un sensor de ox\u00edgeno, THEMISTO MP te avisar\u00e1 cuando la pureza del N2 se haya reducido.<span class=\"Apple-converted-space\"> <\/span><\/p>\n<p class=\"p4\">El Generador se controla mediante la \u00faltima tecnolog\u00eda de pantalla t\u00e1ctil en color para visualizar el proceso en tiempo real, las presiones de entrada\/salida y el estado del sistema, con acceso remoto para el control de diagn\u00f3stico.<span class=\"Apple-converted-space\"> <\/span><\/p>\n","protected":false},"excerpt":{"rendered":"<p>El generador de doble flujo THEMISTO MP se ha dise\u00f1ado espec\u00edficamente para satisfacer las necesidades de nitr\u00f3geno para la purga del monocromador de gas de apoyo del plasma y de suministro de aire para el gas POP o la purga de aire del monocromador para el instrumento MP-AES. El THEMISTO MP tiene dos modos de [&hellip;]<\/p>\n","protected":false},"featured_media":13808,"comment_status":"open","ping_status":"closed","template":"","meta":[],"product_cat":[325],"product_tag":[355],"class_list":{"0":"post-13806","1":"product","2":"type-product","3":"status-publish","4":"has-post-thumbnail","6":"product_cat-generadores-combinados-de-nitrogeno-aire","7":"product_tag-mp-aes-es","9":"first","10":"instock","11":"shipping-taxable","12":"product-type-simple"},"_links":{"self":[{"href":"https:\/\/www.f-dgs.com\/es\/wp-json\/wp\/v2\/product\/13806","targetHints":{"allow":["GET"]}}],"collection":[{"href":"https:\/\/www.f-dgs.com\/es\/wp-json\/wp\/v2\/product"}],"about":[{"href":"https:\/\/www.f-dgs.com\/es\/wp-json\/wp\/v2\/types\/product"}],"replies":[{"embeddable":true,"href":"https:\/\/www.f-dgs.com\/es\/wp-json\/wp\/v2\/comments?post=13806"}],"wp:featuredmedia":[{"embeddable":true,"href":"https:\/\/www.f-dgs.com\/es\/wp-json\/wp\/v2\/media\/13808"}],"wp:attachment":[{"href":"https:\/\/www.f-dgs.com\/es\/wp-json\/wp\/v2\/media?parent=13806"}],"wp:term":[{"taxonomy":"product_cat","embeddable":true,"href":"https:\/\/www.f-dgs.com\/es\/wp-json\/wp\/v2\/product_cat?post=13806"},{"taxonomy":"product_tag","embeddable":true,"href":"https:\/\/www.f-dgs.com\/es\/wp-json\/wp\/v2\/product_tag?post=13806"}],"curies":[{"name":"wp","href":"https:\/\/api.w.org\/{rel}","templated":true}]}}