{"id":13789,"date":"2022-05-17T00:26:43","date_gmt":"2022-05-16T22:26:43","guid":{"rendered":"https:\/\/www.f-dgs.com\/product\/sin categor\u00eda\/generador-combinado-de-nitrogeno-aire-calypso-3g-sc\/"},"modified":"2022-05-17T00:26:43","modified_gmt":"2022-05-16T22:26:43","slug":"generador-combinado-de-nitrogeno-aire-calypso-3g-sc","status":"publish","type":"product","link":"https:\/\/www.f-dgs.com\/es\/product\/generadores-combinados-de-nitrogeno-aire\/generador-combinado-de-nitrogeno-aire-calypso-3g-sc\/","title":{"rendered":"Generador combinado de nitr\u00f3geno-aire CALYPSO 3G.SC"},"content":{"rendered":"<p class=\"p2\">El generador de triple flujo se ha dise\u00f1ado espec\u00edficamente para satisfacer las necesidades de nitr\u00f3geno y aire seco para suministrar gases de cortina, fuente y escape a los instrumentos LC-MS de Sciex, incluido el sistema QTOF de la serie X5000, con los caudales m\u00e1s elevados que el CALYPSO.3G\/1.HF.SC<span class=\"Apple-converted-space\"> <\/span><\/p>\n<p class=\"p2\">El nitr\u00f3geno se produce mediante adsorci\u00f3n por cambio de presi\u00f3n (PSA) para eliminar el ox\u00edgeno, el di\u00f3xido de carbono y el agua del aire comprimido. El aire purificado se produce mediante un secador de aire de membrana.<span class=\"Apple-converted-space\"> <\/span><\/p>\n<p class=\"p2\">El generador est\u00e1 construido con compresores de aire internos de serie, y su funcionamiento es extremadamente silencioso.<span class=\"Apple-converted-space\"> <\/span><\/p>\n<p class=\"p3\">El generador se controla mediante lo \u00faltimo en tecnolog\u00eda de pantalla t\u00e1ctil en color para mostrar el proceso en tiempo real, la presi\u00f3n de entrada\/salida, el caudal de N2\/aire y el estado del sistema, con acceso remoto para control de diagn\u00f3stico.<span class=\"Apple-converted-space\"> <\/span><\/p>\n","protected":false},"excerpt":{"rendered":"<p>El generador de triple flujo se ha dise\u00f1ado espec\u00edficamente para satisfacer las necesidades de nitr\u00f3geno y aire seco para suministrar gases de cortina, fuente y escape a los instrumentos LC-MS de Sciex, incluido el sistema QTOF de la serie X5000, con los caudales m\u00e1s elevados que el CALYPSO.3G\/1.HF.SC El nitr\u00f3geno se produce mediante adsorci\u00f3n por [&hellip;]<\/p>\n","protected":false},"featured_media":13791,"comment_status":"open","ping_status":"closed","template":"","meta":[],"product_cat":[325],"product_tag":[330],"class_list":{"0":"post-13789","1":"product","2":"type-product","3":"status-publish","4":"has-post-thumbnail","6":"product_cat-generadores-combinados-de-nitrogeno-aire","7":"product_tag-lc-ms-ms-es","9":"first","10":"instock","11":"shipping-taxable","12":"product-type-simple"},"_links":{"self":[{"href":"https:\/\/www.f-dgs.com\/es\/wp-json\/wp\/v2\/product\/13789","targetHints":{"allow":["GET"]}}],"collection":[{"href":"https:\/\/www.f-dgs.com\/es\/wp-json\/wp\/v2\/product"}],"about":[{"href":"https:\/\/www.f-dgs.com\/es\/wp-json\/wp\/v2\/types\/product"}],"replies":[{"embeddable":true,"href":"https:\/\/www.f-dgs.com\/es\/wp-json\/wp\/v2\/comments?post=13789"}],"wp:featuredmedia":[{"embeddable":true,"href":"https:\/\/www.f-dgs.com\/es\/wp-json\/wp\/v2\/media\/13791"}],"wp:attachment":[{"href":"https:\/\/www.f-dgs.com\/es\/wp-json\/wp\/v2\/media?parent=13789"}],"wp:term":[{"taxonomy":"product_cat","embeddable":true,"href":"https:\/\/www.f-dgs.com\/es\/wp-json\/wp\/v2\/product_cat?post=13789"},{"taxonomy":"product_tag","embeddable":true,"href":"https:\/\/www.f-dgs.com\/es\/wp-json\/wp\/v2\/product_tag?post=13789"}],"curies":[{"name":"wp","href":"https:\/\/api.w.org\/{rel}","templated":true}]}}