{"id":13785,"date":"2022-05-17T00:19:25","date_gmt":"2022-05-16T22:19:25","guid":{"rendered":"https:\/\/www.f-dgs.com\/product\/sin categor\u00eda\/generador-combinado-de-nitrogeno-aire-calypso-2g-va\/"},"modified":"2022-05-17T00:19:25","modified_gmt":"2022-05-16T22:19:25","slug":"generador-combinado-de-nitrogeno-aire-calypso-2g-va","status":"publish","type":"product","link":"https:\/\/www.f-dgs.com\/es\/product\/generadores-combinados-de-nitrogeno-aire\/generador-combinado-de-nitrogeno-aire-calypso-2g-va\/","title":{"rendered":"Generador combinado de nitr\u00f3geno-aire CALYPSO 2G.VA"},"content":{"rendered":"<p class=\"p2\">El CALYPSO 2G.VA es un generador de doble flujo adecuado para su uso con los dos modos de ionizaci\u00f3n de los instrumentos LC\/MS de Varian. El generador emplea una t\u00e9cnica de adsorci\u00f3n por oscilaci\u00f3n de presi\u00f3n para suministrar corrientes continuas de nitr\u00f3geno y aire limpios y secos sin necesidad de purificaci\u00f3n secundaria. Cuando el LC\/MS funciona en modo de ionizaci\u00f3n positiva, se utiliza nitr\u00f3geno como gas de secado, auxiliar y de nebulizaci\u00f3n. El Generador tambi\u00e9n produce aire limpio y seco para utilizarlo como gas nebulizador en el modo de ionizaci\u00f3n negativa.<span class=\"Apple-converted-space\"> <\/span><\/p>\n<p class=\"p2\">El generador est\u00e1 construido con compresores de aire internos de serie, y su funcionamiento es extremadamente silencioso.<span class=\"Apple-converted-space\"> <\/span><\/p>\n<p class=\"p3\">El generador se controla mediante lo \u00faltimo en tecnolog\u00eda de pantalla t\u00e1ctil en color para mostrar el proceso en tiempo real, la presi\u00f3n de entrada\/salida, el caudal de N2\/aire y el estado del sistema, con acceso remoto para control de diagn\u00f3stico.<span class=\"Apple-converted-space\"> <\/span><\/p>\n","protected":false},"excerpt":{"rendered":"<p>El CALYPSO 2G.VA es un generador de doble flujo adecuado para su uso con los dos modos de ionizaci\u00f3n de los instrumentos LC\/MS de Varian. El generador emplea una t\u00e9cnica de adsorci\u00f3n por oscilaci\u00f3n de presi\u00f3n para suministrar corrientes continuas de nitr\u00f3geno y aire limpios y secos sin necesidad de purificaci\u00f3n secundaria. Cuando el LC\/MS [&hellip;]<\/p>\n","protected":false},"featured_media":13788,"comment_status":"open","ping_status":"closed","template":"","meta":[],"product_cat":[325],"product_tag":[],"class_list":{"0":"post-13785","1":"product","2":"type-product","3":"status-publish","4":"has-post-thumbnail","6":"product_cat-generadores-combinados-de-nitrogeno-aire","8":"first","9":"instock","10":"shipping-taxable","11":"product-type-simple"},"_links":{"self":[{"href":"https:\/\/www.f-dgs.com\/es\/wp-json\/wp\/v2\/product\/13785","targetHints":{"allow":["GET"]}}],"collection":[{"href":"https:\/\/www.f-dgs.com\/es\/wp-json\/wp\/v2\/product"}],"about":[{"href":"https:\/\/www.f-dgs.com\/es\/wp-json\/wp\/v2\/types\/product"}],"replies":[{"embeddable":true,"href":"https:\/\/www.f-dgs.com\/es\/wp-json\/wp\/v2\/comments?post=13785"}],"wp:featuredmedia":[{"embeddable":true,"href":"https:\/\/www.f-dgs.com\/es\/wp-json\/wp\/v2\/media\/13788"}],"wp:attachment":[{"href":"https:\/\/www.f-dgs.com\/es\/wp-json\/wp\/v2\/media?parent=13785"}],"wp:term":[{"taxonomy":"product_cat","embeddable":true,"href":"https:\/\/www.f-dgs.com\/es\/wp-json\/wp\/v2\/product_cat?post=13785"},{"taxonomy":"product_tag","embeddable":true,"href":"https:\/\/www.f-dgs.com\/es\/wp-json\/wp\/v2\/product_tag?post=13785"}],"curies":[{"name":"wp","href":"https:\/\/api.w.org\/{rel}","templated":true}]}}