{"id":13771,"date":"2022-05-16T23:00:47","date_gmt":"2022-05-16T21:00:47","guid":{"rendered":"https:\/\/www.f-dgs.com\/product\/sin categor\u00eda\/generador-combinado-de-nitrogeno-aire-calypso-2g-br\/"},"modified":"2022-05-16T23:00:47","modified_gmt":"2022-05-16T21:00:47","slug":"generador-combinado-de-nitrogeno-aire-calypso-2g-br","status":"publish","type":"product","link":"https:\/\/www.f-dgs.com\/es\/product\/generadores-combinados-de-nitrogeno-aire\/generador-combinado-de-nitrogeno-aire-calypso-2g-br\/","title":{"rendered":"Generador combinado de nitr\u00f3geno-aire CALYPSO 2G.BR"},"content":{"rendered":"<p class=\"p2\">El CALYPSO.2G\/1.BR es un generador de doble flujo, que se ha dise\u00f1ado espec\u00edficamente para satisfacer las necesidades de nitr\u00f3geno y aire seco para alimentar el LCMS de triple cuadrupolo Bruker EVOQ.<span class=\"Apple-converted-space\"> <\/span><\/p>\n<p class=\"p2\">El generador est\u00e1 construido con compresores de aire internos de serie, y su funcionamiento es extremadamente silencioso.<span class=\"Apple-converted-space\"> <\/span><\/p>\n<p class=\"p2\">El nitr\u00f3geno se produce utilizando tecnolog\u00eda de membranas para eliminar el ox\u00edgeno, el di\u00f3xido de carbono y el agua del aire comprimido. El aire purificado se produce mediante un secador de aire de membrana.<span class=\"Apple-converted-space\"> <\/span><\/p>\n<p class=\"p3\">El generador se controla mediante lo \u00faltimo en tecnolog\u00eda de pantalla t\u00e1ctil en color para mostrar el proceso en tiempo real, la presi\u00f3n de entrada\/salida, el caudal de N2\/aire y el estado del sistema, con acceso remoto para control de diagn\u00f3stico.<span class=\"Apple-converted-space\"> <\/span><\/p>\n","protected":false},"excerpt":{"rendered":"<p>El CALYPSO.2G\/1.BR es un generador de doble flujo, que se ha dise\u00f1ado espec\u00edficamente para satisfacer las necesidades de nitr\u00f3geno y aire seco para alimentar el LCMS de triple cuadrupolo Bruker EVOQ. El generador est\u00e1 construido con compresores de aire internos de serie, y su funcionamiento es extremadamente silencioso. El nitr\u00f3geno se produce utilizando tecnolog\u00eda de [&hellip;]<\/p>\n","protected":false},"featured_media":13773,"comment_status":"open","ping_status":"closed","template":"","meta":[],"product_cat":[325],"product_tag":[330],"class_list":{"0":"post-13771","1":"product","2":"type-product","3":"status-publish","4":"has-post-thumbnail","6":"product_cat-generadores-combinados-de-nitrogeno-aire","7":"product_tag-lc-ms-ms-es","9":"first","10":"instock","11":"shipping-taxable","12":"product-type-simple"},"_links":{"self":[{"href":"https:\/\/www.f-dgs.com\/es\/wp-json\/wp\/v2\/product\/13771","targetHints":{"allow":["GET"]}}],"collection":[{"href":"https:\/\/www.f-dgs.com\/es\/wp-json\/wp\/v2\/product"}],"about":[{"href":"https:\/\/www.f-dgs.com\/es\/wp-json\/wp\/v2\/types\/product"}],"replies":[{"embeddable":true,"href":"https:\/\/www.f-dgs.com\/es\/wp-json\/wp\/v2\/comments?post=13771"}],"wp:featuredmedia":[{"embeddable":true,"href":"https:\/\/www.f-dgs.com\/es\/wp-json\/wp\/v2\/media\/13773"}],"wp:attachment":[{"href":"https:\/\/www.f-dgs.com\/es\/wp-json\/wp\/v2\/media?parent=13771"}],"wp:term":[{"taxonomy":"product_cat","embeddable":true,"href":"https:\/\/www.f-dgs.com\/es\/wp-json\/wp\/v2\/product_cat?post=13771"},{"taxonomy":"product_tag","embeddable":true,"href":"https:\/\/www.f-dgs.com\/es\/wp-json\/wp\/v2\/product_tag?post=13771"}],"curies":[{"name":"wp","href":"https:\/\/api.w.org\/{rel}","templated":true}]}}