{"id":13758,"date":"2022-05-09T22:50:30","date_gmt":"2022-05-09T20:50:30","guid":{"rendered":"https:\/\/www.f-dgs.com\/product\/sin%20categor\u00eda\/compresor-de-aire-cosmos\/"},"modified":"2024-07-20T13:25:38","modified_gmt":"2024-07-20T11:25:38","slug":"compresor-de-aire-cosmos","status":"publish","type":"product","link":"https:\/\/www.f-dgs.com\/es\/product\/produccion-aerea\/compresor-de-aire-cosmos\/","title":{"rendered":"COMPRESOR DE AIRE COSMOS"},"content":{"rendered":"<p class=\"p2\">El compresor de aire COSMOS produce aire continuo, de alta calidad, sin aceite y presecado.<\/p>\n<p class=\"p2\">El Compresor de Aire COSMOS es la soluci\u00f3n ideal para suministrar aire comprimido a un Generador de Aire y Nitr\u00f3geno Cero, y para alimentar v\u00e1lvulas neum\u00e1ticas u otras aplicaciones en el laboratorio.<\/p>\n<p class=\"p2\">El Compresor de Aire COSMOS puede apilarse a cualquier pila de generadores COSMOS H2, Aire Cero y Nitr\u00f3geno, normalmente como unidad base, para ofrecerte una soluci\u00f3n completa y aut\u00f3noma de gas GC, incluso cuando no dispongas de suministro dom\u00e9stico.<\/p>\n<p class=\"p3\">Gracias a un exclusivo sistema de montaje del compresor, el compresor de aire COSMOS tambi\u00e9n se beneficia de un bajo nivel de ruido y vibraciones, lo que hace que su funcionamiento sea relativamente silencioso dentro de un laboratorio t\u00edpico.<\/p>\n","protected":false},"excerpt":{"rendered":"<p>El compresor de aire COSMOS produce aire continuo, de alta calidad, sin aceite y presecado. El Compresor de Aire COSMOS es la soluci\u00f3n ideal para suministrar aire comprimido a un Generador de Aire y Nitr\u00f3geno Cero, y para alimentar v\u00e1lvulas neum\u00e1ticas u otras aplicaciones en el laboratorio. El Compresor de Aire COSMOS puede apilarse a [&hellip;]<\/p>\n","protected":false},"featured_media":13760,"comment_status":"closed","ping_status":"closed","template":"","meta":[],"product_cat":[349],"product_tag":[339,350],"class_list":{"0":"post-13758","1":"product","2":"type-product","3":"status-publish","4":"has-post-thumbnail","6":"product_cat-produccion-aerea","7":"product_tag-serie-cosmos-es","8":"product_tag-tecnologia-de-piston-sin-aceite","10":"first","11":"instock","12":"shipping-taxable","13":"product-type-simple"},"_links":{"self":[{"href":"https:\/\/www.f-dgs.com\/es\/wp-json\/wp\/v2\/product\/13758","targetHints":{"allow":["GET"]}}],"collection":[{"href":"https:\/\/www.f-dgs.com\/es\/wp-json\/wp\/v2\/product"}],"about":[{"href":"https:\/\/www.f-dgs.com\/es\/wp-json\/wp\/v2\/types\/product"}],"replies":[{"embeddable":true,"href":"https:\/\/www.f-dgs.com\/es\/wp-json\/wp\/v2\/comments?post=13758"}],"wp:featuredmedia":[{"embeddable":true,"href":"https:\/\/www.f-dgs.com\/es\/wp-json\/wp\/v2\/media\/13760"}],"wp:attachment":[{"href":"https:\/\/www.f-dgs.com\/es\/wp-json\/wp\/v2\/media?parent=13758"}],"wp:term":[{"taxonomy":"product_cat","embeddable":true,"href":"https:\/\/www.f-dgs.com\/es\/wp-json\/wp\/v2\/product_cat?post=13758"},{"taxonomy":"product_tag","embeddable":true,"href":"https:\/\/www.f-dgs.com\/es\/wp-json\/wp\/v2\/product_tag?post=13758"}],"curies":[{"name":"wp","href":"https:\/\/api.w.org\/{rel}","templated":true}]}}