{"id":13755,"date":"2022-05-03T23:16:06","date_gmt":"2022-05-03T21:16:06","guid":{"rendered":"https:\/\/www.f-dgs.com\/product\/sin%20categor\u00eda\/generador-total-aire-cero-cosmos-za-total\/"},"modified":"2024-12-03T17:38:52","modified_gmt":"2024-12-03T16:38:52","slug":"cosmos-za-total","status":"publish","type":"product","link":"https:\/\/www.f-dgs.com\/es\/product\/generadores-de-aire\/cosmos-za-total\/","title":{"rendered":"Generador Total Aire Cero COSMOS ZA.TOTAL"},"content":{"rendered":"<p class=\"p2\">Los generadores COSMOS Cero Aire Total producen aire seco y sin hidrocarburos, utilizando aire procedente de compresores exentos de aceite, para utilizarlo como gas detector para GC. Los hidrocarburos y el CO se eliminan con un horno catal\u00edtico relleno de paladio, la Humedad y el CO2 se eliminan con un sistema PSA de tamiz molecular doble, el NO se elimina con Purafil y otros componentes se eliminan con un filtro de carb\u00f3n activo. La reducci\u00f3n de los hidrocarburos, incluido el metano, y del mon\u00f3xido de carbono disminuye el nivel de ruido de fondo y proporciona una estabilidad de la l\u00ednea de base mucho mejor, aumentando considerablemente la sensibilidad del detector y garantizando unos resultados anal\u00edticos precisos.<\/p>\n<p class=\"p3\">Dise\u00f1ado pensando en la seguridad y la comodidad, este sistema eliminar\u00e1 la necesidad de inc\u00f3modas bombonas de gas a alta presi\u00f3n. Este completo sistema llave en mano est\u00e1 dise\u00f1ado con componentes de la m\u00e1xima calidad, es f\u00e1cil de instalar y s\u00f3lo requiere un mantenimiento anual m\u00ednimo. Su dise\u00f1o ergon\u00f3mico, compacto y apilable hace de la serie Zero Air Total la soluci\u00f3n ideal para el suministro de gas de tu GC.<\/p>\n","protected":false},"excerpt":{"rendered":"<p>Los generadores COSMOS Cero Aire Total producen aire seco y sin hidrocarburos, utilizando aire procedente de compresores exentos de aceite, para utilizarlo como gas detector para GC. Los hidrocarburos y el CO se eliminan con un horno catal\u00edtico relleno de paladio, la Humedad y el CO2 se eliminan con un sistema PSA de tamiz molecular [&hellip;]<\/p>\n","protected":false},"featured_media":13756,"comment_status":"closed","ping_status":"closed","template":"","meta":[],"product_cat":[297],"product_tag":[301],"class_list":{"0":"post-13755","1":"product","2":"type-product","3":"status-publish","4":"has-post-thumbnail","6":"product_cat-generadores-de-aire","7":"product_tag-gc-es","9":"first","10":"instock","11":"shipping-taxable","12":"product-type-simple"},"_links":{"self":[{"href":"https:\/\/www.f-dgs.com\/es\/wp-json\/wp\/v2\/product\/13755","targetHints":{"allow":["GET"]}}],"collection":[{"href":"https:\/\/www.f-dgs.com\/es\/wp-json\/wp\/v2\/product"}],"about":[{"href":"https:\/\/www.f-dgs.com\/es\/wp-json\/wp\/v2\/types\/product"}],"replies":[{"embeddable":true,"href":"https:\/\/www.f-dgs.com\/es\/wp-json\/wp\/v2\/comments?post=13755"}],"wp:featuredmedia":[{"embeddable":true,"href":"https:\/\/www.f-dgs.com\/es\/wp-json\/wp\/v2\/media\/13756"}],"wp:attachment":[{"href":"https:\/\/www.f-dgs.com\/es\/wp-json\/wp\/v2\/media?parent=13755"}],"wp:term":[{"taxonomy":"product_cat","embeddable":true,"href":"https:\/\/www.f-dgs.com\/es\/wp-json\/wp\/v2\/product_cat?post=13755"},{"taxonomy":"product_tag","embeddable":true,"href":"https:\/\/www.f-dgs.com\/es\/wp-json\/wp\/v2\/product_tag?post=13755"}],"curies":[{"name":"wp","href":"https:\/\/api.w.org\/{rel}","templated":true}]}}