{"id":13742,"date":"2022-05-03T23:10:21","date_gmt":"2022-05-03T21:10:21","guid":{"rendered":"https:\/\/www.f-dgs.com\/product\/sin categor\u00eda\/deimos-co2-free-generador-de-gas-del-aire\/"},"modified":"2022-05-03T23:10:21","modified_gmt":"2022-05-03T21:10:21","slug":"deimos-co2-free-generador-de-gas-del-aire","status":"publish","type":"product","link":"https:\/\/www.f-dgs.com\/es\/product\/generadores-de-aire\/deimos-co2-free-generador-de-gas-del-aire\/","title":{"rendered":"DEIMOS CO2.FREE Generador de gas del aire"},"content":{"rendered":"<p class=\"p2\">Los generadores de gas de aire DEIMOS CO2.FREE de F-DGS est\u00e1n dise\u00f1ados espec\u00edficamente para su uso con espectr\u00f3metros FT-IR, con el fin de proporcionar un suministro de gas purificado de purga y de cojinete de aire a partir de aire comprimido.<span class=\"Apple-converted-space\"> <\/span><\/p>\n<p class=\"p2\">La unidad suministra a los instrumentos aire comprimido sin CO2 a menos de -70 \u00b0C (-94 \u00b0F) de punto de roc\u00edo, sin impurezas en suspensi\u00f3n de m\u00e1s de 0,01 micras, 24 horas al d\u00eda, 7 d\u00edas a la semana.<span class=\"Apple-converted-space\"> <\/span><\/p>\n<p class=\"p2\">El DEIMOS CO2.FREE est\u00e1 disponible con compresor de aire exento de aceite integrado que utiliza el <span class=\"s2\">modo de Tecnolog\u00eda de Ahorro Energ\u00e9tico (EST<\/span>). Es extremadamente compacta y de funcionamiento silencioso.<span class=\"Apple-converted-space\"> <\/span><\/p>\n<p class=\"p3\">El generador se controla mediante la \u00faltima tecnolog\u00eda de pantalla t\u00e1ctil en color para visualizar el proceso en tiempo real, la presi\u00f3n de entrada\/salida, el caudal de aire y el estado del sistema, con acceso remoto para control de diagn\u00f3stico.<span class=\"Apple-converted-space\"> <\/span><\/p>\n","protected":false},"excerpt":{"rendered":"<p>Los generadores de gas de aire DEIMOS CO2.FREE de F-DGS est\u00e1n dise\u00f1ados espec\u00edficamente para su uso con espectr\u00f3metros FT-IR, con el fin de proporcionar un suministro de gas purificado de purga y de cojinete de aire a partir de aire comprimido. La unidad suministra a los instrumentos aire comprimido sin CO2 a menos de -70 [&hellip;]<\/p>\n","protected":false},"featured_media":13745,"comment_status":"closed","ping_status":"closed","template":"","meta":[],"product_cat":[297],"product_tag":[346],"class_list":{"0":"post-13742","1":"product","2":"type-product","3":"status-publish","4":"has-post-thumbnail","6":"product_cat-generadores-de-aire","7":"product_tag-ft-ir-es","9":"first","10":"instock","11":"shipping-taxable","12":"product-type-simple"},"_links":{"self":[{"href":"https:\/\/www.f-dgs.com\/es\/wp-json\/wp\/v2\/product\/13742","targetHints":{"allow":["GET"]}}],"collection":[{"href":"https:\/\/www.f-dgs.com\/es\/wp-json\/wp\/v2\/product"}],"about":[{"href":"https:\/\/www.f-dgs.com\/es\/wp-json\/wp\/v2\/types\/product"}],"replies":[{"embeddable":true,"href":"https:\/\/www.f-dgs.com\/es\/wp-json\/wp\/v2\/comments?post=13742"}],"wp:featuredmedia":[{"embeddable":true,"href":"https:\/\/www.f-dgs.com\/es\/wp-json\/wp\/v2\/media\/13745"}],"wp:attachment":[{"href":"https:\/\/www.f-dgs.com\/es\/wp-json\/wp\/v2\/media?parent=13742"}],"wp:term":[{"taxonomy":"product_cat","embeddable":true,"href":"https:\/\/www.f-dgs.com\/es\/wp-json\/wp\/v2\/product_cat?post=13742"},{"taxonomy":"product_tag","embeddable":true,"href":"https:\/\/www.f-dgs.com\/es\/wp-json\/wp\/v2\/product_tag?post=13742"}],"curies":[{"name":"wp","href":"https:\/\/api.w.org\/{rel}","templated":true}]}}