{"id":13729,"date":"2022-05-03T23:06:28","date_gmt":"2022-05-03T21:06:28","guid":{"rendered":"https:\/\/www.f-dgs.com\/product\/sin categor\u00eda\/generador-de-aire-deimos-toc\/"},"modified":"2022-05-03T23:06:28","modified_gmt":"2022-05-03T21:06:28","slug":"generador-de-aire-deimos-toc","status":"publish","type":"product","link":"https:\/\/www.f-dgs.com\/es\/product\/generadores-de-aire\/generador-de-aire-deimos-toc\/","title":{"rendered":"Generador de aire DEIMOS TOC"},"content":{"rendered":"<p class=\"p2\">Los generadores de aire DEIMOS TOC de F-DGS son unos de los sistemas purificadores de aire y CO2 sin hidrocarburos m\u00e1s peque\u00f1os y eficaces para uso en laboratorio. Utiliza una tecnolog\u00eda de catalizador calentado que se combina con un secador de aire de eliminaci\u00f3n de CO2 para eliminar el THC, incluido el metano, a menos de 0,05 ppm y el CO2 a menos de 1 ppm.<span class=\"Apple-converted-space\"> <\/span><\/p>\n<p class=\"p2\">Esta estaci\u00f3n a\u00e9rea TOC se controla mediante la \u00faltima tecnolog\u00eda de pantalla t\u00e1ctil HMI para visualizar el proceso en tiempo real.<span class=\"Apple-converted-space\"> <\/span><\/p>\n<p class=\"p2\">El COT DEIMOS est\u00e1 disponible con compresor de aire exento de aceite integrado que utiliza el <span class=\"s2\">modo de Tecnolog\u00eda de Ahorro Energ\u00e9tico (EST<\/span>). Es extremadamente compacta y de funcionamiento silencioso.<span class=\"Apple-converted-space\"> <\/span><\/p>\n<p class=\"p3\">El generador se controla mediante la \u00faltima tecnolog\u00eda de pantalla t\u00e1ctil en color para mostrar el proceso en tiempo real, la presi\u00f3n de entrada\/salida, el caudal de aire y el estado del sistema, con acceso remoto para control de diagn\u00f3stico.<\/p>\n","protected":false},"excerpt":{"rendered":"<p>Los generadores de aire DEIMOS TOC de F-DGS son unos de los sistemas purificadores de aire y CO2 sin hidrocarburos m\u00e1s peque\u00f1os y eficaces para uso en laboratorio. Utiliza una tecnolog\u00eda de catalizador calentado que se combina con un secador de aire de eliminaci\u00f3n de CO2 para eliminar el THC, incluido el metano, a menos [&hellip;]<\/p>\n","protected":false},"featured_media":13732,"comment_status":"closed","ping_status":"closed","template":"","meta":[],"product_cat":[297],"product_tag":[343],"class_list":{"0":"post-13729","1":"product","2":"type-product","3":"status-publish","4":"has-post-thumbnail","6":"product_cat-generadores-de-aire","7":"product_tag-toc-es","9":"first","10":"instock","11":"shipping-taxable","12":"product-type-simple"},"_links":{"self":[{"href":"https:\/\/www.f-dgs.com\/es\/wp-json\/wp\/v2\/product\/13729","targetHints":{"allow":["GET"]}}],"collection":[{"href":"https:\/\/www.f-dgs.com\/es\/wp-json\/wp\/v2\/product"}],"about":[{"href":"https:\/\/www.f-dgs.com\/es\/wp-json\/wp\/v2\/types\/product"}],"replies":[{"embeddable":true,"href":"https:\/\/www.f-dgs.com\/es\/wp-json\/wp\/v2\/comments?post=13729"}],"wp:featuredmedia":[{"embeddable":true,"href":"https:\/\/www.f-dgs.com\/es\/wp-json\/wp\/v2\/media\/13732"}],"wp:attachment":[{"href":"https:\/\/www.f-dgs.com\/es\/wp-json\/wp\/v2\/media?parent=13729"}],"wp:term":[{"taxonomy":"product_cat","embeddable":true,"href":"https:\/\/www.f-dgs.com\/es\/wp-json\/wp\/v2\/product_cat?post=13729"},{"taxonomy":"product_tag","embeddable":true,"href":"https:\/\/www.f-dgs.com\/es\/wp-json\/wp\/v2\/product_tag?post=13729"}],"curies":[{"name":"wp","href":"https:\/\/api.w.org\/{rel}","templated":true}]}}