{"id":13726,"date":"2022-05-03T22:55:23","date_gmt":"2022-05-03T20:55:23","guid":{"rendered":"https:\/\/www.f-dgs.com\/product\/sin categor\u00eda\/deimos-uza-total-generador-de-aire-ultra-cero\/"},"modified":"2022-05-03T22:55:23","modified_gmt":"2022-05-03T20:55:23","slug":"deimos-uza-total-generador-de-aire-ultra-cero","status":"publish","type":"product","link":"https:\/\/www.f-dgs.com\/es\/product\/generadores-de-aire\/deimos-uza-total-generador-de-aire-ultra-cero\/","title":{"rendered":"DEIMOS UZA.TOTAL Generador de Aire Ultra Cero"},"content":{"rendered":"<p class=\"p2\">Los generadores DEIMOS UZA.TOTAL Ultra Zero Air de F-DGS son capaces de eliminar los hidrocarburos totales a menos de 0,05 ppm y otros contaminantes como H2O, CO2, CO, NOx, SO2.<span class=\"Apple-converted-space\"> <\/span><\/p>\n<p class=\"p2\">El CO y los THC se eliminan utilizando un catalizador calentado.<span class=\"Apple-converted-space\"> <\/span><\/p>\n<p class=\"p2\">El H2O y elCO2 se eliminan con el sistema PSA de doble tamiz molecular.<span class=\"Apple-converted-space\"> <\/span><\/p>\n<p class=\"p2\">El NOx se elimina con Purafil y el SO2 con un filtro de carb\u00f3n activado.<span class=\"Apple-converted-space\"> <\/span><\/p>\n<p class=\"p2\">La DEIMOS UZA.TOTAL est\u00e1 disponible con compresor de aire exento de aceite integrado que utiliza el <span class=\"s2\">modo de Tecnolog\u00eda de Ahorro Energ\u00e9tico (EST<\/span>). Es extremadamente compacta y de funcionamiento silencioso.<span class=\"Apple-converted-space\"> <\/span><\/p>\n<p class=\"p3\">El generador se controla mediante la \u00faltima tecnolog\u00eda de pantalla t\u00e1ctil en color para mostrar el proceso en tiempo real, la presi\u00f3n de entrada\/salida, el caudal de aire y el estado del sistema, con acceso remoto para control de diagn\u00f3stico.<span class=\"Apple-converted-space\"> <\/span><\/p>\n","protected":false},"excerpt":{"rendered":"<p>Los generadores DEIMOS UZA.TOTAL Ultra Zero Air de F-DGS son capaces de eliminar los hidrocarburos totales a menos de 0,05 ppm y otros contaminantes como H2O, CO2, CO, NOx, SO2. El CO y los THC se eliminan utilizando un catalizador calentado. El H2O y elCO2 se eliminan con el sistema PSA de doble tamiz molecular. [&hellip;]<\/p>\n","protected":false},"featured_media":13728,"comment_status":"closed","ping_status":"closed","template":"","meta":[],"product_cat":[297],"product_tag":[301],"class_list":{"0":"post-13726","1":"product","2":"type-product","3":"status-publish","4":"has-post-thumbnail","6":"product_cat-generadores-de-aire","7":"product_tag-gc-es","9":"first","10":"instock","11":"shipping-taxable","12":"product-type-simple"},"_links":{"self":[{"href":"https:\/\/www.f-dgs.com\/es\/wp-json\/wp\/v2\/product\/13726","targetHints":{"allow":["GET"]}}],"collection":[{"href":"https:\/\/www.f-dgs.com\/es\/wp-json\/wp\/v2\/product"}],"about":[{"href":"https:\/\/www.f-dgs.com\/es\/wp-json\/wp\/v2\/types\/product"}],"replies":[{"embeddable":true,"href":"https:\/\/www.f-dgs.com\/es\/wp-json\/wp\/v2\/comments?post=13726"}],"wp:featuredmedia":[{"embeddable":true,"href":"https:\/\/www.f-dgs.com\/es\/wp-json\/wp\/v2\/media\/13728"}],"wp:attachment":[{"href":"https:\/\/www.f-dgs.com\/es\/wp-json\/wp\/v2\/media?parent=13726"}],"wp:term":[{"taxonomy":"product_cat","embeddable":true,"href":"https:\/\/www.f-dgs.com\/es\/wp-json\/wp\/v2\/product_cat?post=13726"},{"taxonomy":"product_tag","embeddable":true,"href":"https:\/\/www.f-dgs.com\/es\/wp-json\/wp\/v2\/product_tag?post=13726"}],"curies":[{"name":"wp","href":"https:\/\/api.w.org\/{rel}","templated":true}]}}