{"id":13709,"date":"2022-04-27T21:47:32","date_gmt":"2022-04-27T19:47:32","guid":{"rendered":"https:\/\/www.f-dgs.com\/product\/sin%20categor\u00eda\/generador-de-hidrogeno-cosmos-mb-h2\/"},"modified":"2024-07-20T12:27:19","modified_gmt":"2024-07-20T10:27:19","slug":"cosmos-mb-h2","status":"publish","type":"product","link":"https:\/\/www.f-dgs.com\/es\/product\/generadores-de-hidrogeno\/cosmos-mb-h2\/","title":{"rendered":"Generador de Hidr\u00f3geno COSMOS MB.H2"},"content":{"rendered":"<p class=\"p2\">El generador COSMOS MB.H2 est\u00e1 dise\u00f1ado para detectores GC que requieren gas combustible H2, como FID, FPD, NPD y TCD.<\/p>\n<p class=\"p2\">El hidr\u00f3geno gaseoso se produce a partir de agua desionizada mediante <span class=\"s2\">la exclusiva <\/span>tecnolog\u00eda de <span class=\"s2\">Membrana de Intercambio de Protones (PEM) 100% de titanio <\/span>, que proporciona una fiabilidad muy alta, una nueva vida \u00fatil m\u00e1s larga y una mayor pureza.<\/p>\n<p class=\"p3\">La serie COSMOS MB.H2 utiliza un secador est\u00e1tico de membrana \u00fanico, sin mantenimiento, <span class=\"s3\">que permite<\/span><span class=\"s4\">secar el gas H2 <\/span><span class=\"s3\">y aumentar su pureza. <\/span><\/p>\n<p class=\"p2\">La comprobaci\u00f3n autom\u00e1tica de fugas internas cada vez que se pone en marcha la unidad y el control constante de los par\u00e1metros de funcionamiento, garantizan la m\u00e1xima seguridad.<\/p>\n<p class=\"p4\">La interfaz de la pantalla t\u00e1ctil proporciona una gesti\u00f3n sencilla y f\u00e1cil de todas las funciones de la unidad.<\/p>\n","protected":false},"excerpt":{"rendered":"<p>El generador COSMOS MB.H2 est\u00e1 dise\u00f1ado para detectores GC que requieren gas combustible H2, como FID, FPD, NPD y TCD. El hidr\u00f3geno gaseoso se produce a partir de agua desionizada mediante la exclusiva tecnolog\u00eda de Membrana de Intercambio de Protones (PEM) 100% de titanio , que proporciona una fiabilidad muy alta, una nueva vida \u00fatil [&hellip;]<\/p>\n","protected":false},"featured_media":13711,"comment_status":"closed","ping_status":"closed","template":"","meta":[],"product_cat":[319],"product_tag":[339],"class_list":{"0":"post-13709","1":"product","2":"type-product","3":"status-publish","4":"has-post-thumbnail","6":"product_cat-generadores-de-hidrogeno","7":"product_tag-serie-cosmos-es","9":"first","10":"instock","11":"shipping-taxable","12":"product-type-simple"},"_links":{"self":[{"href":"https:\/\/www.f-dgs.com\/es\/wp-json\/wp\/v2\/product\/13709","targetHints":{"allow":["GET"]}}],"collection":[{"href":"https:\/\/www.f-dgs.com\/es\/wp-json\/wp\/v2\/product"}],"about":[{"href":"https:\/\/www.f-dgs.com\/es\/wp-json\/wp\/v2\/types\/product"}],"replies":[{"embeddable":true,"href":"https:\/\/www.f-dgs.com\/es\/wp-json\/wp\/v2\/comments?post=13709"}],"wp:featuredmedia":[{"embeddable":true,"href":"https:\/\/www.f-dgs.com\/es\/wp-json\/wp\/v2\/media\/13711"}],"wp:attachment":[{"href":"https:\/\/www.f-dgs.com\/es\/wp-json\/wp\/v2\/media?parent=13709"}],"wp:term":[{"taxonomy":"product_cat","embeddable":true,"href":"https:\/\/www.f-dgs.com\/es\/wp-json\/wp\/v2\/product_cat?post=13709"},{"taxonomy":"product_tag","embeddable":true,"href":"https:\/\/www.f-dgs.com\/es\/wp-json\/wp\/v2\/product_tag?post=13709"}],"curies":[{"name":"wp","href":"https:\/\/api.w.org\/{rel}","templated":true}]}}