{"id":13702,"date":"2022-04-27T21:55:30","date_gmt":"2022-04-27T19:55:30","guid":{"rendered":"https:\/\/www.f-dgs.com\/product\/sin%20categor\u00eda\/generador-de-hidrogeno-cosmos-md-h2\/"},"modified":"2024-07-20T11:26:31","modified_gmt":"2024-07-20T09:26:31","slug":"cosmos-md-h2","status":"publish","type":"product","link":"https:\/\/www.f-dgs.com\/es\/product\/generadores-de-hidrogeno\/cosmos-md-h2\/","title":{"rendered":"Generador de Hidr\u00f3geno COSMOS MD.H2"},"content":{"rendered":"<p class=\"p2\">El generador COSMOS MD.H2 est\u00e1 dise\u00f1ado para detectores GC que requieren gas combustible H2, como FID, FPD, NPD y TCD.<\/p>\n<p class=\"p2\">El hidr\u00f3geno gaseoso se produce a partir de agua desionizada mediante <span class=\"s2\">la exclusiva <\/span>tecnolog\u00eda de <span class=\"s2\">Membrana de Intercambio de Protones (PEM) 100% de titanio <\/span>, que proporciona una fiabilidad muy alta, una nueva vida \u00fatil m\u00e1s larga y una mayor pureza.<\/p>\n<p class=\"p2\"><span class=\"s2\">La serie COSMOS MD.H2 utiliza un cartucho desecante <\/span>que debe sustituirse o rellenarse cuando est\u00e1 saturado, lo que permite<span class=\"s3\">secar el gas H2 <\/span>y aumentar su pureza.<\/p>\n<p class=\"p2\">La comprobaci\u00f3n autom\u00e1tica de fugas internas cada vez que se pone en marcha la unidad y el control constante de los par\u00e1metros de funcionamiento, garantizan la m\u00e1xima seguridad.<\/p>\n<p class=\"p3\">La interfaz de la pantalla t\u00e1ctil proporciona una gesti\u00f3n sencilla y f\u00e1cil de todas las funciones de la unidad.<\/p>\n","protected":false},"excerpt":{"rendered":"<p>El generador COSMOS MD.H2 est\u00e1 dise\u00f1ado para detectores GC que requieren gas combustible H2, como FID, FPD, NPD y TCD. El hidr\u00f3geno gaseoso se produce a partir de agua desionizada mediante la exclusiva tecnolog\u00eda de Membrana de Intercambio de Protones (PEM) 100% de titanio , que proporciona una fiabilidad muy alta, una nueva vida \u00fatil [&hellip;]<\/p>\n","protected":false},"featured_media":13704,"comment_status":"closed","ping_status":"closed","template":"","meta":[],"product_cat":[319],"product_tag":[339],"class_list":{"0":"post-13702","1":"product","2":"type-product","3":"status-publish","4":"has-post-thumbnail","6":"product_cat-generadores-de-hidrogeno","7":"product_tag-serie-cosmos-es","9":"first","10":"instock","11":"shipping-taxable","12":"product-type-simple"},"_links":{"self":[{"href":"https:\/\/www.f-dgs.com\/es\/wp-json\/wp\/v2\/product\/13702","targetHints":{"allow":["GET"]}}],"collection":[{"href":"https:\/\/www.f-dgs.com\/es\/wp-json\/wp\/v2\/product"}],"about":[{"href":"https:\/\/www.f-dgs.com\/es\/wp-json\/wp\/v2\/types\/product"}],"replies":[{"embeddable":true,"href":"https:\/\/www.f-dgs.com\/es\/wp-json\/wp\/v2\/comments?post=13702"}],"wp:featuredmedia":[{"embeddable":true,"href":"https:\/\/www.f-dgs.com\/es\/wp-json\/wp\/v2\/media\/13704"}],"wp:attachment":[{"href":"https:\/\/www.f-dgs.com\/es\/wp-json\/wp\/v2\/media?parent=13702"}],"wp:term":[{"taxonomy":"product_cat","embeddable":true,"href":"https:\/\/www.f-dgs.com\/es\/wp-json\/wp\/v2\/product_cat?post=13702"},{"taxonomy":"product_tag","embeddable":true,"href":"https:\/\/www.f-dgs.com\/es\/wp-json\/wp\/v2\/product_tag?post=13702"}],"curies":[{"name":"wp","href":"https:\/\/api.w.org\/{rel}","templated":true}]}}